{"id":775,"date":"2022-09-29T07:12:15","date_gmt":"2022-09-29T05:12:15","guid":{"rendered":"https:\/\/www.hotelmontpensierparis.com\/new\/situation-hotel-montpensier-paris-louvre\/"},"modified":"2022-10-04T11:08:51","modified_gmt":"2022-10-04T09:08:51","slug":"posizione-hotel-montpensier-parigi-louvre","status":"publish","type":"page","link":"https:\/\/www.hotelmontpensierparis.com\/it\/posizione-hotel-montpensier-parigi-louvre\/","title":{"rendered":"Situation"},"content":{"rendered":"\n\t<section class=\"section\" id=\"section_624138191\">\n\t\t<div class=\"bg section-bg fill bg-fill  bg-loaded\" >\n\n\t\t\t\n\t\t\t\n\t\t\t\n\n\t\t<\/div>\n\n\t\t\n\n\t\t<div class=\"section-content relative\">\n\t\t\t\n\n<div class=\"row row-collapse row-full-width\"  id=\"row-1029504799\">\n\n\n\t<div id=\"col-883877088\" class=\"col small-12 large-12\"  data-animate=\"bounceInUp\">\n\t\t\t\t<div class=\"col-inner\"  >\n\t\t\t\n\t\t\t\n\n\n\n<iframe src=\"https:\/\/www.google.com\/maps\/embed?pb=!1m18!1m12!1m3!1d10807.21673846028!2d2.329748514483849!3d48.86032337241442!2m3!1f0!2f0!3f0!3m2!1i1024!2i768!4f13.1!3m3!1m2!1s0x47e66e2504429343%3A0x69c695c217a6a2ad!2s12%20Rue%20de%20Richelieu%2C%2075001%20Paris!5e0!3m2!1sfr!2sfr!4v1664201465849!5m2!1sfr!2sfr\" width=\"100%\" height=\"400\" style=\"border:0;\" allowfullscreen=\"\" loading=\"lazy\" referrerpolicy=\"no-referrer-when-downgrade\"><\/iframe>\n\n\n\t\t<\/div>\n\t\t\t\t\t<\/div>\n\n\t\n\n<\/div>\n\n\t\t<\/div>\n\n\t\t\n<style>\n#section_624138191 {\n  padding-top: 0px;\n  padding-bottom: 0px;\n}\n#section_624138191 .ux-shape-divider--top svg {\n  height: 150px;\n  --divider-top-width: 100%;\n}\n#section_624138191 .ux-shape-divider--bottom svg {\n  height: 150px;\n  --divider-width: 100%;\n}\n<\/style>\n\t<\/section>\n\t\n\t<section class=\"section\" id=\"section_1992075501\">\n\t\t<div class=\"bg section-bg fill bg-fill  bg-loaded\" >\n\n\t\t\t\n\t\t\t\n\t\t\t\n\n\t\t<\/div>\n\n\t\t\n\n\t\t<div class=\"section-content relative\">\n\t\t\t\n\n<div class=\"row row-collapse\"  id=\"row-930417574\">\n\n\n\t<div id=\"col-1650403209\" class=\"col small-12 large-12\"  data-animate=\"bounceInUp\">\n\t\t\t\t<div class=\"col-inner\"  >\n\t\t\t\n\t\t\t\n\n<h1 style=\"text-align: center;\">POSIZIONE LOUVRE \u2013 PALAZZO REALE<\/h1>\n<h2 style=\"text-align: center; font-weight: light; font-size: 18px; margin-bottom: 30px;\">VICINO AL MUSEO DEL LOUVRE, AL PALAZZO REALE E A PLACE VENDOME<\/h2>\n\n\n\t\t<\/div>\n\t\t\t\t\t<\/div>\n\n\t\n\n<\/div>\n<div class=\"row row-small\"  id=\"row-1832413016\">\n\n\n\t<div id=\"col-1508836764\" class=\"col medium-6 small-12 large-6\"  data-animate=\"fadeInLeft\">\n\t\t\t\t<div class=\"col-inner\"  >\n\t\t\t\n\t\t\t\n\n<p align=\"center\"><strong>H\u00d4TEL MONTPENSIER&nbsp;<\/strong><br \/>12, rue de Richelieu<br \/>75001 PARIS<br \/>T\u00e9l: +33 (0) 1 42 962 850<br \/>Fax: +33 (0) 1 42 860 270<br \/>E-mail:&nbsp;<a class=\"bouton_resa\" href=\"mailto:hotel-montpensier@wanadoo.fr\">hotel-montpensier@wanadoo.fr<\/a><\/p>\n<div align=\"center\">&nbsp;<\/div>\n<div align=\"center\">L&#8217;hotel \u00e8 servito da:<br \/><strong>Metro linea 1:<\/strong>&nbsp;Palais Royal Mus\u00e9e du Louvre<\/div>\n<div align=\"center\"><strong>Linea metropolitana 14:<\/strong>&nbsp;Piramidi<\/div>\n<div align=\"center\">14 linee di autobus &#8211; 1 stazione dei taxi<\/div>\n\n\t\t<\/div>\n\t\t\t\t\t<\/div>\n\n\t\n\n\t<div id=\"col-640322424\" class=\"col medium-6 small-12 large-6\"  data-animate=\"fadeInRight\">\n\t\t\t\t<div class=\"col-inner\"  >\n\t\t\t\n\t\t\t\n\n\n  \n    <div id=\"gallery-845600898\" class=\"slider slider-auto-height row-collapse slider-nav-reveal\" data-flickity-options='{\"imagesLoaded\": true, \"dragThreshold\" : 5, \"cellAlign\": \"left\",\"wrapAround\": true,\"prevNextButtons\": true,\"percentPosition\": true,\"pageDots\": false, \"rightToLeft\": false, \"autoPlay\" : false}'>\n\n  <div class=\"gallery-col col\" >\n          <div class=\"col-inner\">\n            <a class=\"image-lightbox lightbox-gallery\" href=\"https:\/\/www.hotelmontpensierparis.com\/wp-content\/uploads\/2022\/09\/paris-rue-richelieu-1-1-1024x683.jpg\" title=\"\">            <div class=\"box has-hover gallery-box box-overlay dark\">\n              <div class=\"box-image box-shadow-3\" >\n                <img decoding=\"async\" width=\"300\" height=\"200\" src=\"https:\/\/www.hotelmontpensierparis.com\/wp-content\/uploads\/2022\/09\/paris-rue-richelieu-1-1-300x200.jpg\" class=\"attachment-medium size-medium\" alt=\"\" ids=\"14,15,12,10,9\" type=\"slider-full\" depth=\"3\" srcset=\"https:\/\/www.hotelmontpensierparis.com\/wp-content\/uploads\/2022\/09\/paris-rue-richelieu-1-1-300x200.jpg 300w, https:\/\/www.hotelmontpensierparis.com\/wp-content\/uploads\/2022\/09\/paris-rue-richelieu-1-1-1024x683.jpg 1024w, https:\/\/www.hotelmontpensierparis.com\/wp-content\/uploads\/2022\/09\/paris-rue-richelieu-1-1-768x512.jpg 768w, https:\/\/www.hotelmontpensierparis.com\/wp-content\/uploads\/2022\/09\/paris-rue-richelieu-1-1.jpg 1500w\" sizes=\"(max-width: 300px) 100vw, 300px\" \/>                                  <div class=\"overlay fill\"\n                      style=\"background-color: rgba(0,0,0,.15)\">\n                  <\/div>\n                                                              <\/div>\n              <div class=\"box-text text-left\" >\n                 <p><\/p>\n              <\/div>\n            <\/div>\n            <\/a>          <\/div>\n         <\/div><div class=\"gallery-col col\" >\n          <div class=\"col-inner\">\n            <a class=\"image-lightbox lightbox-gallery\" href=\"https:\/\/www.hotelmontpensierparis.com\/wp-content\/uploads\/2022\/09\/paris-rue-richelieu-2-1024x683.jpg\" title=\"\">            <div class=\"box has-hover gallery-box box-overlay dark\">\n              <div class=\"box-image box-shadow-3\" >\n                <img decoding=\"async\" width=\"300\" height=\"200\" src=\"https:\/\/www.hotelmontpensierparis.com\/wp-content\/uploads\/2022\/09\/paris-rue-richelieu-2-300x200.jpg\" class=\"attachment-medium size-medium\" alt=\"\" ids=\"14,15,12,10,9\" type=\"slider-full\" depth=\"3\" srcset=\"https:\/\/www.hotelmontpensierparis.com\/wp-content\/uploads\/2022\/09\/paris-rue-richelieu-2-300x200.jpg 300w, https:\/\/www.hotelmontpensierparis.com\/wp-content\/uploads\/2022\/09\/paris-rue-richelieu-2-1024x683.jpg 1024w, https:\/\/www.hotelmontpensierparis.com\/wp-content\/uploads\/2022\/09\/paris-rue-richelieu-2-768x512.jpg 768w, https:\/\/www.hotelmontpensierparis.com\/wp-content\/uploads\/2022\/09\/paris-rue-richelieu-2.jpg 1500w\" sizes=\"(max-width: 300px) 100vw, 300px\" \/>                                  <div class=\"overlay fill\"\n                      style=\"background-color: rgba(0,0,0,.15)\">\n                  <\/div>\n                                                              <\/div>\n              <div class=\"box-text text-left\" >\n                 <p><\/p>\n              <\/div>\n            <\/div>\n            <\/a>          <\/div>\n         <\/div><div class=\"gallery-col col\" >\n          <div class=\"col-inner\">\n            <a class=\"image-lightbox lightbox-gallery\" href=\"https:\/\/www.hotelmontpensierparis.com\/wp-content\/uploads\/2022\/09\/paris-rue-richelieu-1-1024x683.jpg\" title=\"\">            <div class=\"box has-hover gallery-box box-overlay dark\">\n              <div class=\"box-image box-shadow-3\" >\n                <img decoding=\"async\" width=\"300\" height=\"200\" src=\"https:\/\/www.hotelmontpensierparis.com\/wp-content\/uploads\/2022\/09\/paris-rue-richelieu-1-300x200.jpg\" class=\"attachment-medium size-medium\" alt=\"\" ids=\"14,15,12,10,9\" type=\"slider-full\" depth=\"3\" srcset=\"https:\/\/www.hotelmontpensierparis.com\/wp-content\/uploads\/2022\/09\/paris-rue-richelieu-1-300x200.jpg 300w, https:\/\/www.hotelmontpensierparis.com\/wp-content\/uploads\/2022\/09\/paris-rue-richelieu-1-1024x683.jpg 1024w, https:\/\/www.hotelmontpensierparis.com\/wp-content\/uploads\/2022\/09\/paris-rue-richelieu-1-768x512.jpg 768w, https:\/\/www.hotelmontpensierparis.com\/wp-content\/uploads\/2022\/09\/paris-rue-richelieu-1.jpg 1500w\" sizes=\"(max-width: 300px) 100vw, 300px\" \/>                                  <div class=\"overlay fill\"\n                      style=\"background-color: rgba(0,0,0,.15)\">\n                  <\/div>\n                                                              <\/div>\n              <div class=\"box-text text-left\" >\n                 <p><\/p>\n              <\/div>\n            <\/div>\n            <\/a>          <\/div>\n         <\/div><div class=\"gallery-col col\" >\n          <div class=\"col-inner\">\n            <a class=\"image-lightbox lightbox-gallery\" href=\"https:\/\/www.hotelmontpensierparis.com\/wp-content\/uploads\/2022\/09\/jardin-palais-royal-06-md-1024x683.jpg\" title=\"\">            <div class=\"box has-hover gallery-box box-overlay dark\">\n              <div class=\"box-image box-shadow-3\" >\n                <img decoding=\"async\" width=\"300\" height=\"200\" src=\"https:\/\/www.hotelmontpensierparis.com\/wp-content\/uploads\/2022\/09\/jardin-palais-royal-06-md-300x200.jpg\" class=\"attachment-medium size-medium\" alt=\"\" ids=\"14,15,12,10,9\" type=\"slider-full\" depth=\"3\" srcset=\"https:\/\/www.hotelmontpensierparis.com\/wp-content\/uploads\/2022\/09\/jardin-palais-royal-06-md-300x200.jpg 300w, https:\/\/www.hotelmontpensierparis.com\/wp-content\/uploads\/2022\/09\/jardin-palais-royal-06-md-1024x683.jpg 1024w, https:\/\/www.hotelmontpensierparis.com\/wp-content\/uploads\/2022\/09\/jardin-palais-royal-06-md-768x512.jpg 768w, https:\/\/www.hotelmontpensierparis.com\/wp-content\/uploads\/2022\/09\/jardin-palais-royal-06-md.jpg 1500w\" sizes=\"(max-width: 300px) 100vw, 300px\" \/>                                  <div class=\"overlay fill\"\n                      style=\"background-color: rgba(0,0,0,.15)\">\n                  <\/div>\n                                                              <\/div>\n              <div class=\"box-text text-left\" >\n                 <p><\/p>\n              <\/div>\n            <\/div>\n            <\/a>          <\/div>\n         <\/div><div class=\"gallery-col col\" >\n          <div class=\"col-inner\">\n            <a class=\"image-lightbox lightbox-gallery\" href=\"https:\/\/www.hotelmontpensierparis.com\/wp-content\/uploads\/2022\/09\/jardin-palais-royal-03-md-1024x683.jpg\" title=\"\">            <div class=\"box has-hover gallery-box box-overlay dark\">\n              <div class=\"box-image box-shadow-3\" >\n                <img decoding=\"async\" width=\"300\" height=\"200\" src=\"https:\/\/www.hotelmontpensierparis.com\/wp-content\/uploads\/2022\/09\/jardin-palais-royal-03-md-300x200.jpg\" class=\"attachment-medium size-medium\" alt=\"\" ids=\"14,15,12,10,9\" type=\"slider-full\" depth=\"3\" srcset=\"https:\/\/www.hotelmontpensierparis.com\/wp-content\/uploads\/2022\/09\/jardin-palais-royal-03-md-300x200.jpg 300w, https:\/\/www.hotelmontpensierparis.com\/wp-content\/uploads\/2022\/09\/jardin-palais-royal-03-md-1024x683.jpg 1024w, https:\/\/www.hotelmontpensierparis.com\/wp-content\/uploads\/2022\/09\/jardin-palais-royal-03-md-768x512.jpg 768w, https:\/\/www.hotelmontpensierparis.com\/wp-content\/uploads\/2022\/09\/jardin-palais-royal-03-md.jpg 1500w\" sizes=\"(max-width: 300px) 100vw, 300px\" \/>                                  <div class=\"overlay fill\"\n                      style=\"background-color: rgba(0,0,0,.15)\">\n                  <\/div>\n                                                              <\/div>\n              <div class=\"box-text text-left\" >\n                 <p><\/p>\n              <\/div>\n            <\/div>\n            <\/a>          <\/div>\n         <\/div><\/div>\n\n\n\t\t<\/div>\n\t\t\t\t\t<\/div>\n\n\t\n\n<\/div>\n\n\t\t<\/div>\n\n\t\t\n<style>\n#section_1992075501 {\n  padding-top: 30px;\n  padding-bottom: 30px;\n}\n#section_1992075501 .ux-shape-divider--top svg {\n  height: 150px;\n  --divider-top-width: 100%;\n}\n#section_1992075501 .ux-shape-divider--bottom svg {\n  height: 150px;\n  --divider-width: 100%;\n}\n<\/style>\n\t<\/section>\n\t\n\n","protected":false},"excerpt":{"rendered":"","protected":false},"author":1,"featured_media":0,"parent":0,"menu_order":0,"comment_status":"closed","ping_status":"closed","template":"page-blank.php","meta":{"footnotes":""},"class_list":["post-775","page","type-page","status-publish","hentry"],"yoast_head":"<!-- This site is optimized with the Yoast SEO plugin v20.10 - https:\/\/yoast.com\/wordpress\/plugins\/seo\/ -->\n<title>Posizione nel centro di Parigi 1\u00b0 - Hotel vicino al Louvre - Op\u00e9ra<\/title>\n<meta name=\"description\" content=\"Posizione nel centro di Parigi - Hotel Montpensier Paris 1er - Louvre - Op\u00e9ra. Posizione eccezionale nel centro di Parigi, a 5 minuti a piedi dal Louvre, dall&#039;Avenue de l&#039;Op\u00e9ra, dalla Com\u00e9die Fran\u00e7aise. Metro linea 1: Palais Royal - Musei del Louvre, Metro linea 14: Pyramides.\" \/>\n<meta name=\"robots\" content=\"index, follow, max-snippet:-1, max-image-preview:large, max-video-preview:-1\" \/>\n<link rel=\"canonical\" href=\"https:\/\/www.hotelmontpensierparis.com\/it\/posizione-hotel-montpensier-parigi-louvre\/\" \/>\n<meta property=\"og:locale\" content=\"it_IT\" \/>\n<meta property=\"og:type\" content=\"article\" \/>\n<meta property=\"og:title\" content=\"Posizione nel centro di Parigi 1\u00b0 - Hotel vicino al Louvre - Op\u00e9ra\" \/>\n<meta property=\"og:description\" content=\"Posizione nel centro di Parigi - Hotel Montpensier Paris 1er - Louvre - Op\u00e9ra. Posizione eccezionale nel centro di Parigi, a 5 minuti a piedi dal Louvre, dall&#039;Avenue de l&#039;Op\u00e9ra, dalla Com\u00e9die Fran\u00e7aise. Metro linea 1: Palais Royal - Musei del Louvre, Metro linea 14: Pyramides.\" \/>\n<meta property=\"og:url\" content=\"https:\/\/www.hotelmontpensierparis.com\/it\/posizione-hotel-montpensier-parigi-louvre\/\" \/>\n<meta property=\"og:site_name\" content=\"H\u00f4tel Montpensier Paris\" \/>\n<meta property=\"article:modified_time\" content=\"2022-10-04T09:08:51+00:00\" \/>\n<meta name=\"twitter:card\" content=\"summary_large_image\" \/>\n<meta name=\"twitter:label1\" content=\"Tempo di lettura stimato\" \/>\n\t<meta name=\"twitter:data1\" content=\"1 minuto\" \/>\n<script type=\"application\/ld+json\" class=\"yoast-schema-graph\">{\"@context\":\"https:\/\/schema.org\",\"@graph\":[{\"@type\":\"WebPage\",\"@id\":\"https:\/\/www.hotelmontpensierparis.com\/it\/posizione-hotel-montpensier-parigi-louvre\/\",\"url\":\"https:\/\/www.hotelmontpensierparis.com\/it\/posizione-hotel-montpensier-parigi-louvre\/\",\"name\":\"Posizione nel centro di Parigi 1\u00b0 - Hotel vicino al Louvre - Op\u00e9ra\",\"isPartOf\":{\"@id\":\"https:\/\/www.hotelmontpensierparis.com\/en\/#website\"},\"datePublished\":\"2022-09-29T05:12:15+00:00\",\"dateModified\":\"2022-10-04T09:08:51+00:00\",\"description\":\"Posizione nel centro di Parigi - Hotel Montpensier Paris 1er - Louvre - Op\u00e9ra. Posizione eccezionale nel centro di Parigi, a 5 minuti a piedi dal Louvre, dall'Avenue de l'Op\u00e9ra, dalla Com\u00e9die Fran\u00e7aise. Metro linea 1: Palais Royal - Musei del Louvre, Metro linea 14: Pyramides.\",\"breadcrumb\":{\"@id\":\"https:\/\/www.hotelmontpensierparis.com\/it\/posizione-hotel-montpensier-parigi-louvre\/#breadcrumb\"},\"inLanguage\":\"it-IT\",\"potentialAction\":[{\"@type\":\"ReadAction\",\"target\":[\"https:\/\/www.hotelmontpensierparis.com\/it\/posizione-hotel-montpensier-parigi-louvre\/\"]}]},{\"@type\":\"BreadcrumbList\",\"@id\":\"https:\/\/www.hotelmontpensierparis.com\/it\/posizione-hotel-montpensier-parigi-louvre\/#breadcrumb\",\"itemListElement\":[{\"@type\":\"ListItem\",\"position\":1,\"name\":\"Accueil\",\"item\":\"https:\/\/www.hotelmontpensierparis.com\/it\/\"},{\"@type\":\"ListItem\",\"position\":2,\"name\":\"Situation\"}]},{\"@type\":\"WebSite\",\"@id\":\"https:\/\/www.hotelmontpensierparis.com\/en\/#website\",\"url\":\"https:\/\/www.hotelmontpensierparis.com\/en\/\",\"name\":\"H\u00f4tel Montpensier Paris\",\"description\":\"H\u00f4tel au coeur de Paris\",\"potentialAction\":[{\"@type\":\"SearchAction\",\"target\":{\"@type\":\"EntryPoint\",\"urlTemplate\":\"https:\/\/www.hotelmontpensierparis.com\/en\/?s={search_term_string}\"},\"query-input\":\"required name=search_term_string\"}],\"inLanguage\":\"it-IT\"}]}<\/script>\n<!-- \/ Yoast SEO plugin. -->","yoast_head_json":{"title":"Posizione nel centro di Parigi 1\u00b0 - Hotel vicino al Louvre - Op\u00e9ra","description":"Posizione nel centro di Parigi - Hotel Montpensier Paris 1er - Louvre - Op\u00e9ra. Posizione eccezionale nel centro di Parigi, a 5 minuti a piedi dal Louvre, dall'Avenue de l'Op\u00e9ra, dalla Com\u00e9die Fran\u00e7aise. Metro linea 1: Palais Royal - Musei del Louvre, Metro linea 14: Pyramides.","robots":{"index":"index","follow":"follow","max-snippet":"max-snippet:-1","max-image-preview":"max-image-preview:large","max-video-preview":"max-video-preview:-1"},"canonical":"https:\/\/www.hotelmontpensierparis.com\/it\/posizione-hotel-montpensier-parigi-louvre\/","og_locale":"it_IT","og_type":"article","og_title":"Posizione nel centro di Parigi 1\u00b0 - Hotel vicino al Louvre - Op\u00e9ra","og_description":"Posizione nel centro di Parigi - Hotel Montpensier Paris 1er - Louvre - Op\u00e9ra. Posizione eccezionale nel centro di Parigi, a 5 minuti a piedi dal Louvre, dall'Avenue de l'Op\u00e9ra, dalla Com\u00e9die Fran\u00e7aise. Metro linea 1: Palais Royal - Musei del Louvre, Metro linea 14: Pyramides.","og_url":"https:\/\/www.hotelmontpensierparis.com\/it\/posizione-hotel-montpensier-parigi-louvre\/","og_site_name":"H\u00f4tel Montpensier Paris","article_modified_time":"2022-10-04T09:08:51+00:00","twitter_card":"summary_large_image","twitter_misc":{"Tempo di lettura stimato":"1 minuto"},"schema":{"@context":"https:\/\/schema.org","@graph":[{"@type":"WebPage","@id":"https:\/\/www.hotelmontpensierparis.com\/it\/posizione-hotel-montpensier-parigi-louvre\/","url":"https:\/\/www.hotelmontpensierparis.com\/it\/posizione-hotel-montpensier-parigi-louvre\/","name":"Posizione nel centro di Parigi 1\u00b0 - Hotel vicino al Louvre - Op\u00e9ra","isPartOf":{"@id":"https:\/\/www.hotelmontpensierparis.com\/en\/#website"},"datePublished":"2022-09-29T05:12:15+00:00","dateModified":"2022-10-04T09:08:51+00:00","description":"Posizione nel centro di Parigi - Hotel Montpensier Paris 1er - Louvre - Op\u00e9ra. Posizione eccezionale nel centro di Parigi, a 5 minuti a piedi dal Louvre, dall'Avenue de l'Op\u00e9ra, dalla Com\u00e9die Fran\u00e7aise. Metro linea 1: Palais Royal - Musei del Louvre, Metro linea 14: Pyramides.","breadcrumb":{"@id":"https:\/\/www.hotelmontpensierparis.com\/it\/posizione-hotel-montpensier-parigi-louvre\/#breadcrumb"},"inLanguage":"it-IT","potentialAction":[{"@type":"ReadAction","target":["https:\/\/www.hotelmontpensierparis.com\/it\/posizione-hotel-montpensier-parigi-louvre\/"]}]},{"@type":"BreadcrumbList","@id":"https:\/\/www.hotelmontpensierparis.com\/it\/posizione-hotel-montpensier-parigi-louvre\/#breadcrumb","itemListElement":[{"@type":"ListItem","position":1,"name":"Accueil","item":"https:\/\/www.hotelmontpensierparis.com\/it\/"},{"@type":"ListItem","position":2,"name":"Situation"}]},{"@type":"WebSite","@id":"https:\/\/www.hotelmontpensierparis.com\/en\/#website","url":"https:\/\/www.hotelmontpensierparis.com\/en\/","name":"H\u00f4tel Montpensier Paris","description":"H\u00f4tel au coeur de Paris","potentialAction":[{"@type":"SearchAction","target":{"@type":"EntryPoint","urlTemplate":"https:\/\/www.hotelmontpensierparis.com\/en\/?s={search_term_string}"},"query-input":"required name=search_term_string"}],"inLanguage":"it-IT"}]}},"_links":{"self":[{"href":"https:\/\/www.hotelmontpensierparis.com\/it\/wp-json\/wp\/v2\/pages\/775","targetHints":{"allow":["GET"]}}],"collection":[{"href":"https:\/\/www.hotelmontpensierparis.com\/it\/wp-json\/wp\/v2\/pages"}],"about":[{"href":"https:\/\/www.hotelmontpensierparis.com\/it\/wp-json\/wp\/v2\/types\/page"}],"author":[{"embeddable":true,"href":"https:\/\/www.hotelmontpensierparis.com\/it\/wp-json\/wp\/v2\/users\/1"}],"replies":[{"embeddable":true,"href":"https:\/\/www.hotelmontpensierparis.com\/it\/wp-json\/wp\/v2\/comments?post=775"}],"version-history":[{"count":5,"href":"https:\/\/www.hotelmontpensierparis.com\/it\/wp-json\/wp\/v2\/pages\/775\/revisions"}],"predecessor-version":[{"id":938,"href":"https:\/\/www.hotelmontpensierparis.com\/it\/wp-json\/wp\/v2\/pages\/775\/revisions\/938"}],"wp:attachment":[{"href":"https:\/\/www.hotelmontpensierparis.com\/it\/wp-json\/wp\/v2\/media?parent=775"}],"curies":[{"name":"wp","href":"https:\/\/api.w.org\/{rel}","templated":true}]}}