{"id":783,"date":"2022-09-29T06:59:25","date_gmt":"2022-09-29T04:59:25","guid":{"rendered":"https:\/\/www.hotelmontpensierparis.com\/new\/tourisme-hotel-montpensier-paris-louvre\/"},"modified":"2022-10-03T18:31:30","modified_gmt":"2022-10-03T16:31:30","slug":"turismo-hotel-montpensier-paris-louvre","status":"publish","type":"page","link":"https:\/\/www.hotelmontpensierparis.com\/es\/turismo-hotel-montpensier-paris-louvre\/","title":{"rendered":"Tourisme"},"content":{"rendered":"\n\t<section class=\"section\" id=\"section_717389705\">\n\t\t<div class=\"bg section-bg fill bg-fill  bg-loaded\" >\n\n\t\t\t\n\t\t\t\n\t\t\t\n\n\t\t<\/div>\n\n\t\t\n\n\t\t<div class=\"section-content relative\">\n\t\t\t\n\n<div class=\"row row-collapse row-full-width\"  id=\"row-1316876146\">\n\n\n\t<div id=\"col-880952531\" class=\"col small-12 large-12\"  data-animate=\"bounceInUp\">\n\t\t\t\t<div class=\"col-inner\"  >\n\t\t\t\n\t\t\t\n\n\n\n<iframe src=\"https:\/\/www.google.com\/maps\/embed?pb=!1m18!1m12!1m3!1d10807.21673846028!2d2.329748514483849!3d48.86032337241442!2m3!1f0!2f0!3f0!3m2!1i1024!2i768!4f13.1!3m3!1m2!1s0x47e66e2504429343%3A0x69c695c217a6a2ad!2s12%20Rue%20de%20Richelieu%2C%2075001%20Paris!5e0!3m2!1sfr!2sfr!4v1664201465849!5m2!1sfr!2sfr\" width=\"100%\" height=\"400\" style=\"border:0;\" allowfullscreen=\"\" loading=\"lazy\" referrerpolicy=\"no-referrer-when-downgrade\"><\/iframe>\n\n\n\t\t<\/div>\n\t\t\t\t\t<\/div>\n\n\t\n\n<\/div>\n\n\t\t<\/div>\n\n\t\t\n<style>\n#section_717389705 {\n  padding-top: 0px;\n  padding-bottom: 0px;\n}\n#section_717389705 .ux-shape-divider--top svg {\n  height: 150px;\n  --divider-top-width: 100%;\n}\n#section_717389705 .ux-shape-divider--bottom svg {\n  height: 150px;\n  --divider-width: 100%;\n}\n<\/style>\n\t<\/section>\n\t\n\t<section class=\"section\" id=\"section_1690155564\">\n\t\t<div class=\"bg section-bg fill bg-fill  bg-loaded\" >\n\n\t\t\t\n\t\t\t\n\t\t\t\n\n\t\t<\/div>\n\n\t\t\n\n\t\t<div class=\"section-content relative\">\n\t\t\t\n\n<div class=\"row row-collapse\"  id=\"row-1711864593\">\n\n\n\t<div id=\"col-1381316973\" class=\"col small-12 large-12\"  data-animate=\"bounceInUp\">\n\t\t\t\t<div class=\"col-inner\"  >\n\t\t\t\n\t\t\t\n\n<h1 style=\"text-align: center;\">DESCUBRE PAR\u00cdS<\/h1>\n<h2 style=\"text-align: center; font-weight: lighter; font-size: 18px; margin-bottom: 30px;\">CERCA DEL MUSEO DEL LOUVRE, EL PALAIS ROYAL Y PLACE VENDOME<\/h2 >\n<p align=\"center\">Para pasar la mejor estancia posible en nuestra maravillosa ciudad que es Par\u00eds, he aqu\u00ed algunas ideas de monumentos qui\u00e9n cruz\u00f3 la historia, de Nuestra Dama de Par\u00eds a Torre Eiffel<\/p>\n\n\n\t\t<\/div>\n\t\t\t\t\t<\/div>\n\n\t\n\n<\/div>\n<div class=\"row row-small\"  id=\"row-2030802054\">\n\n\n\t<div id=\"col-1151199367\" class=\"col medium-6 small-12 large-6\"  data-animate=\"fadeInLeft\">\n\t\t\t\t<div class=\"col-inner\"  >\n\t\t\t\n\t\t\t\n\n<p><strong>\u00bfDeseo de cultura?<\/strong><\/p>\n<p>Con sus dos millas a\u00f1os de historia, sus monumentos, sus museos, sus lugares pintorescos, Par\u00eds les proponen inolvidables visitas y paseada.<\/p>\n<p><strong>Los Inevitables<\/strong><br \/>Museo del Louvre | Museo de Orsay | Ciudad de la Ciencia y de Industria<\/p>\n<p>El Senado, la Asamblea Nacional, el Conciergerie, la Santa Capilla y por qu\u00e9 no asistir a un concierto gratuito todos los domingos en la famosa catedral \u00abnuestro-dama de Par\u00eds\u00bb.<\/p>\n<p>Para descubrir Par\u00eds al comp\u00e1s del agua: Cruceros comentadas de la 1 , almuerzos y cenas en crucero todo el a\u00f1o . Embarque al pie de la Torre Eiffel. Alquiler de barcos para sus recepciones.<\/p>\n\n\n\t\t<\/div>\n\t\t\t\t\t<\/div>\n\n\t\n\n\t<div id=\"col-2130013049\" class=\"col medium-6 small-12 large-6\"  data-animate=\"fadeInRight\">\n\t\t\t\t<div class=\"col-inner\"  >\n\t\t\t\n\t\t\t\n\n\t<div class=\"img has-hover x md-x lg-x y md-y lg-y\" id=\"image_394559990\">\n\t\t\t\t\t\t\t\t<div class=\"img-inner box-shadow-3 dark\" >\n\t\t\t<img decoding=\"async\" width=\"1020\" height=\"680\" src=\"https:\/\/www.hotelmontpensierparis.com\/wp-content\/uploads\/2022\/09\/jardin-palais-royal-06-md-1024x683.jpg\" class=\"attachment-large size-large\" alt=\"\" srcset=\"https:\/\/www.hotelmontpensierparis.com\/wp-content\/uploads\/2022\/09\/jardin-palais-royal-06-md-1024x683.jpg 1024w, https:\/\/www.hotelmontpensierparis.com\/wp-content\/uploads\/2022\/09\/jardin-palais-royal-06-md-300x200.jpg 300w, https:\/\/www.hotelmontpensierparis.com\/wp-content\/uploads\/2022\/09\/jardin-palais-royal-06-md-768x512.jpg 768w, https:\/\/www.hotelmontpensierparis.com\/wp-content\/uploads\/2022\/09\/jardin-palais-royal-06-md.jpg 1500w\" sizes=\"(max-width: 1020px) 100vw, 1020px\" \/>\t\t\t\t\t\t\n\t\t\t\t\t<\/div>\n\t\t\t\t\t\t\t\t\n<style>\n#image_394559990 {\n  width: 100%;\n}\n<\/style>\n\t<\/div>\n\t\n\n\n\t\t<\/div>\n\t\t\t\t\t<\/div>\n\n\t\n\n\t<div id=\"col-1563200326\" class=\"col small-12 large-12\"  data-animate=\"fadeInLeft\">\n\t\t\t\t<div class=\"col-inner\"  >\n\t\t\t\n\t\t\t\n\n\t<div class=\"img has-hover x md-x lg-x y md-y lg-y\" id=\"image_1036483979\">\n\t\t\t\t\t\t\t\t<div class=\"img-inner dark\" >\n\t\t\t<img decoding=\"async\" width=\"1020\" height=\"608\" src=\"https:\/\/www.hotelmontpensierparis.com\/wp-content\/uploads\/2022\/09\/hotel-montpensier-detail-hall-03-md-1024x610.jpg\" class=\"attachment-large size-large\" alt=\"\" srcset=\"https:\/\/www.hotelmontpensierparis.com\/wp-content\/uploads\/2022\/09\/hotel-montpensier-detail-hall-03-md-1024x610.jpg 1024w, https:\/\/www.hotelmontpensierparis.com\/wp-content\/uploads\/2022\/09\/hotel-montpensier-detail-hall-03-md-300x179.jpg 300w, https:\/\/www.hotelmontpensierparis.com\/wp-content\/uploads\/2022\/09\/hotel-montpensier-detail-hall-03-md-768x457.jpg 768w, https:\/\/www.hotelmontpensierparis.com\/wp-content\/uploads\/2022\/09\/hotel-montpensier-detail-hall-03-md.jpg 1500w\" sizes=\"(max-width: 1020px) 100vw, 1020px\" \/>\t\t\t\t\t\t\n\t\t\t\t\t<\/div>\n\t\t\t\t\t\t\t\t\n<style>\n#image_1036483979 {\n  width: 100%;\n}\n<\/style>\n\t<\/div>\n\t\n\n<div><strong>\u00bfDeseo de tomar el aire?<\/strong><\/div>\n<div>M\u00e1s de 400 parques o jardines hacen de Par\u00eds una ciudad agradable a vivir. Vaya al descubrimiento de sus m\u00faltiples espacios verdes que ofrecen a la capital tantos oasis refrescantes.<\/div>\n<div>\u00a0<\/div>\n<div>Presentes en cada distinto barrio y tan los unos que los otros, los espacios verdes de Par\u00eds les permitir\u00e1n una fuga instant\u00e1nea en el centro de una ciudad que se mueve. Puentes de Par\u00eds, , a trav\u00e9s el parcs et parques y jardines \u00aba la francesa\u00bb.<\/div>\n<div>Par\u00eds no ser\u00eda Par\u00eds si no hubiera todos estos espect\u00e1culos y estas exposiciones. Entonces, para saber lo que pasa : pulsar aqu\u00ed. .<\/div>\n<div>\u00a0<\/div>\n<div><strong>Castillo de Versalles<\/strong><\/div>\n<div>Vaya al descubrimiento del castillo eligiendo un tema (los lugares, los personajes, la vida de ayer y hoy, los jefes-obra). Descubra tambi\u00e9n la actualidad del \u00e1mbito, de los documentos para ayudar a los alumnos y a los profesores a preparar su visita, un cajero en l\u00ednea y de la informaci\u00f3n sobre la Sociedad de los Amigos de Versalles.<\/div>\n<div>\u00a0<\/div>\n<div><strong>Disneylandia Par\u00eds<\/strong><\/div>\n<div>Uno de los m\u00e1s grandes parques de atracci\u00f3n en Europa.<\/div>\n<div>\u00a0<\/div>\n<div>El Parque zool\u00f3gico (uno del el m\u00e1s importante de Francia), o el Jard\u00edn de flores, , o tambi\u00e9n el jard\u00edn tropical, si no eligen m\u00e1s bien hacer la vuelta de Castillo qui\u00e9n alberg\u00f3 de los reyes, fue una prisi\u00f3n de Estado antes de la Revoluci\u00f3n, m\u00e1s tarde una f\u00e1brica de porcelana, y bien m\u00e1s tarde a\u00fan un arsenal, luego un museo hist\u00f3rico.<\/div>\n\n\t\t<\/div>\n\t\t\t\t\t<\/div>\n\n\t\n\n<\/div>\n\n\t\t<\/div>\n\n\t\t\n<style>\n#section_1690155564 {\n  padding-top: 30px;\n  padding-bottom: 30px;\n}\n#section_1690155564 .ux-shape-divider--top svg {\n  height: 150px;\n  --divider-top-width: 100%;\n}\n#section_1690155564 .ux-shape-divider--bottom svg {\n  height: 150px;\n  --divider-width: 100%;\n}\n<\/style>\n\t<\/section>\n\t\n\n","protected":false},"excerpt":{"rendered":"","protected":false},"author":1,"featured_media":0,"parent":0,"menu_order":0,"comment_status":"closed","ping_status":"closed","template":"page-blank.php","meta":{"footnotes":""},"class_list":["post-783","page","type-page","status-publish","hentry"],"yoast_head":"<!-- This site is optimized with the Yoast SEO plugin v20.10 - https:\/\/yoast.com\/wordpress\/plugins\/seo\/ -->\n<title>Hotel Montpensier Par\u00eds - Hotel Centro Par\u00eds. Sitio oficial<\/title>\n<meta name=\"description\" content=\"Sitio web oficial del Hotel Hotel Montpensier Paris, ubicado en Par\u00eds 1, a 5 minutos a pie del Museo del Louvre, el Palais Royal y la \u00d3pera\" \/>\n<meta name=\"robots\" content=\"index, follow, max-snippet:-1, max-image-preview:large, max-video-preview:-1\" \/>\n<link rel=\"canonical\" href=\"https:\/\/www.hotelmontpensierparis.com\/es\/turismo-hotel-montpensier-paris-louvre\/\" \/>\n<meta property=\"og:locale\" content=\"es_ES\" \/>\n<meta property=\"og:type\" content=\"article\" \/>\n<meta property=\"og:title\" content=\"Hotel Montpensier Par\u00eds - Hotel Centro Par\u00eds. Sitio oficial\" \/>\n<meta property=\"og:description\" content=\"Sitio web oficial del Hotel Hotel Montpensier Paris, ubicado en Par\u00eds 1, a 5 minutos a pie del Museo del Louvre, el Palais Royal y la \u00d3pera\" \/>\n<meta property=\"og:url\" content=\"https:\/\/www.hotelmontpensierparis.com\/es\/turismo-hotel-montpensier-paris-louvre\/\" \/>\n<meta property=\"og:site_name\" content=\"H\u00f4tel Montpensier Paris\" \/>\n<meta property=\"article:modified_time\" content=\"2022-10-03T16:31:30+00:00\" \/>\n<meta name=\"twitter:card\" content=\"summary_large_image\" \/>\n<meta name=\"twitter:label1\" content=\"Tiempo de lectura\" \/>\n\t<meta name=\"twitter:data1\" content=\"3 minutos\" \/>\n<script type=\"application\/ld+json\" class=\"yoast-schema-graph\">{\"@context\":\"https:\/\/schema.org\",\"@graph\":[{\"@type\":\"WebPage\",\"@id\":\"https:\/\/www.hotelmontpensierparis.com\/es\/turismo-hotel-montpensier-paris-louvre\/\",\"url\":\"https:\/\/www.hotelmontpensierparis.com\/es\/turismo-hotel-montpensier-paris-louvre\/\",\"name\":\"Hotel Montpensier Par\u00eds - Hotel Centro Par\u00eds. Sitio oficial\",\"isPartOf\":{\"@id\":\"https:\/\/www.hotelmontpensierparis.com\/en\/#website\"},\"datePublished\":\"2022-09-29T04:59:25+00:00\",\"dateModified\":\"2022-10-03T16:31:30+00:00\",\"description\":\"Sitio web oficial del Hotel Hotel Montpensier Paris, ubicado en Par\u00eds 1, a 5 minutos a pie del Museo del Louvre, el Palais Royal y la \u00d3pera\",\"breadcrumb\":{\"@id\":\"https:\/\/www.hotelmontpensierparis.com\/es\/turismo-hotel-montpensier-paris-louvre\/#breadcrumb\"},\"inLanguage\":\"es\",\"potentialAction\":[{\"@type\":\"ReadAction\",\"target\":[\"https:\/\/www.hotelmontpensierparis.com\/es\/turismo-hotel-montpensier-paris-louvre\/\"]}]},{\"@type\":\"BreadcrumbList\",\"@id\":\"https:\/\/www.hotelmontpensierparis.com\/es\/turismo-hotel-montpensier-paris-louvre\/#breadcrumb\",\"itemListElement\":[{\"@type\":\"ListItem\",\"position\":1,\"name\":\"Accueil\",\"item\":\"https:\/\/www.hotelmontpensierparis.com\/es\/\"},{\"@type\":\"ListItem\",\"position\":2,\"name\":\"Tourisme\"}]},{\"@type\":\"WebSite\",\"@id\":\"https:\/\/www.hotelmontpensierparis.com\/en\/#website\",\"url\":\"https:\/\/www.hotelmontpensierparis.com\/en\/\",\"name\":\"H\u00f4tel Montpensier Paris\",\"description\":\"H\u00f4tel au coeur de Paris\",\"potentialAction\":[{\"@type\":\"SearchAction\",\"target\":{\"@type\":\"EntryPoint\",\"urlTemplate\":\"https:\/\/www.hotelmontpensierparis.com\/en\/?s={search_term_string}\"},\"query-input\":\"required name=search_term_string\"}],\"inLanguage\":\"es\"}]}<\/script>\n<!-- \/ Yoast SEO plugin. -->","yoast_head_json":{"title":"Hotel Montpensier Par\u00eds - Hotel Centro Par\u00eds. Sitio oficial","description":"Sitio web oficial del Hotel Hotel Montpensier Paris, ubicado en Par\u00eds 1, a 5 minutos a pie del Museo del Louvre, el Palais Royal y la \u00d3pera","robots":{"index":"index","follow":"follow","max-snippet":"max-snippet:-1","max-image-preview":"max-image-preview:large","max-video-preview":"max-video-preview:-1"},"canonical":"https:\/\/www.hotelmontpensierparis.com\/es\/turismo-hotel-montpensier-paris-louvre\/","og_locale":"es_ES","og_type":"article","og_title":"Hotel Montpensier Par\u00eds - Hotel Centro Par\u00eds. Sitio oficial","og_description":"Sitio web oficial del Hotel Hotel Montpensier Paris, ubicado en Par\u00eds 1, a 5 minutos a pie del Museo del Louvre, el Palais Royal y la \u00d3pera","og_url":"https:\/\/www.hotelmontpensierparis.com\/es\/turismo-hotel-montpensier-paris-louvre\/","og_site_name":"H\u00f4tel Montpensier Paris","article_modified_time":"2022-10-03T16:31:30+00:00","twitter_card":"summary_large_image","twitter_misc":{"Tiempo de lectura":"3 minutos"},"schema":{"@context":"https:\/\/schema.org","@graph":[{"@type":"WebPage","@id":"https:\/\/www.hotelmontpensierparis.com\/es\/turismo-hotel-montpensier-paris-louvre\/","url":"https:\/\/www.hotelmontpensierparis.com\/es\/turismo-hotel-montpensier-paris-louvre\/","name":"Hotel Montpensier Par\u00eds - Hotel Centro Par\u00eds. Sitio oficial","isPartOf":{"@id":"https:\/\/www.hotelmontpensierparis.com\/en\/#website"},"datePublished":"2022-09-29T04:59:25+00:00","dateModified":"2022-10-03T16:31:30+00:00","description":"Sitio web oficial del Hotel Hotel Montpensier Paris, ubicado en Par\u00eds 1, a 5 minutos a pie del Museo del Louvre, el Palais Royal y la \u00d3pera","breadcrumb":{"@id":"https:\/\/www.hotelmontpensierparis.com\/es\/turismo-hotel-montpensier-paris-louvre\/#breadcrumb"},"inLanguage":"es","potentialAction":[{"@type":"ReadAction","target":["https:\/\/www.hotelmontpensierparis.com\/es\/turismo-hotel-montpensier-paris-louvre\/"]}]},{"@type":"BreadcrumbList","@id":"https:\/\/www.hotelmontpensierparis.com\/es\/turismo-hotel-montpensier-paris-louvre\/#breadcrumb","itemListElement":[{"@type":"ListItem","position":1,"name":"Accueil","item":"https:\/\/www.hotelmontpensierparis.com\/es\/"},{"@type":"ListItem","position":2,"name":"Tourisme"}]},{"@type":"WebSite","@id":"https:\/\/www.hotelmontpensierparis.com\/en\/#website","url":"https:\/\/www.hotelmontpensierparis.com\/en\/","name":"H\u00f4tel Montpensier Paris","description":"H\u00f4tel au coeur de Paris","potentialAction":[{"@type":"SearchAction","target":{"@type":"EntryPoint","urlTemplate":"https:\/\/www.hotelmontpensierparis.com\/en\/?s={search_term_string}"},"query-input":"required name=search_term_string"}],"inLanguage":"es"}]}},"_links":{"self":[{"href":"https:\/\/www.hotelmontpensierparis.com\/es\/wp-json\/wp\/v2\/pages\/783","targetHints":{"allow":["GET"]}}],"collection":[{"href":"https:\/\/www.hotelmontpensierparis.com\/es\/wp-json\/wp\/v2\/pages"}],"about":[{"href":"https:\/\/www.hotelmontpensierparis.com\/es\/wp-json\/wp\/v2\/types\/page"}],"author":[{"embeddable":true,"href":"https:\/\/www.hotelmontpensierparis.com\/es\/wp-json\/wp\/v2\/users\/1"}],"replies":[{"embeddable":true,"href":"https:\/\/www.hotelmontpensierparis.com\/es\/wp-json\/wp\/v2\/comments?post=783"}],"version-history":[{"count":2,"href":"https:\/\/www.hotelmontpensierparis.com\/es\/wp-json\/wp\/v2\/pages\/783\/revisions"}],"predecessor-version":[{"id":873,"href":"https:\/\/www.hotelmontpensierparis.com\/es\/wp-json\/wp\/v2\/pages\/783\/revisions\/873"}],"wp:attachment":[{"href":"https:\/\/www.hotelmontpensierparis.com\/es\/wp-json\/wp\/v2\/media?parent=783"}],"curies":[{"name":"wp","href":"https:\/\/api.w.org\/{rel}","templated":true}]}}