{"id":759,"date":"2022-09-28T16:11:44","date_gmt":"2022-09-28T14:11:44","guid":{"rendered":"https:\/\/www.hotelmontpensierparis.com\/new\/chambres-triple-hotel-montpensier-paris\/"},"modified":"2022-10-03T18:22:27","modified_gmt":"2022-10-03T16:22:27","slug":"habitaciones-triples-hotel-montpensier-paris","status":"publish","type":"page","link":"https:\/\/www.hotelmontpensierparis.com\/es\/habitaciones-triples-hotel-montpensier-paris\/","title":{"rendered":"Chambres triple"},"content":{"rendered":"\n\t<section class=\"section\" id=\"section_142273392\">\n\t\t<div class=\"bg section-bg fill bg-fill  bg-loaded\" >\n\n\t\t\t\n\t\t\t\n\t\t\t\n\n\t\t<\/div>\n\n\t\t\n\n\t\t<div class=\"section-content relative\">\n\t\t\t\n\n<div class=\"slider-wrapper relative\" id=\"slider-1357485945\" >\n    <div class=\"slider slider-nav-circle slider-nav-large slider-nav-light slider-style-normal\"\n        data-flickity-options='{\n            \"cellAlign\": \"center\",\n            \"imagesLoaded\": true,\n            \"lazyLoad\": 1,\n            \"freeScroll\": false,\n            \"wrapAround\": true,\n            \"autoPlay\": 6000,\n            \"pauseAutoPlayOnHover\" : true,\n            \"prevNextButtons\": true,\n            \"contain\" : true,\n            \"adaptiveHeight\" : true,\n            \"dragThreshold\" : 10,\n            \"percentPosition\": true,\n            \"pageDots\": true,\n            \"rightToLeft\": false,\n            \"draggable\": true,\n            \"selectedAttraction\": 0.1,\n            \"parallax\" : 0,\n            \"friction\": 0.6        }'\n        >\n        \n\n\n  <div class=\"banner has-hover\" id=\"banner-917447518\">\n          <div class=\"banner-inner fill\">\n        <div class=\"banner-bg fill\" >\n            <div class=\"bg fill bg-fill \"><\/div>\n                                    \n                    <\/div>\n\t\t\n        <div class=\"banner-layers container\">\n            <div class=\"fill banner-link\"><\/div>            \n\n   <div id=\"text-box-317647546\" class=\"text-box banner-layer x50 md-x50 lg-x50 y50 md-y50 lg-y50 res-text\">\n                                <div class=\"text-box-content text dark\">\n              \n              <div class=\"text-inner text-center\">\n                  \n\n\n              <\/div>\n           <\/div>\n                            \n<style>\n#text-box-317647546 {\n  width: 60%;\n}\n#text-box-317647546 .text-box-content {\n  font-size: 100%;\n}\n<\/style>\n    <\/div>\n \n\n        <\/div>\n      <\/div>\n\n            \n<style>\n#banner-917447518 {\n  padding-top: 50%;\n}\n#banner-917447518 .bg.bg-loaded {\n  background-image: url(https:\/\/www.hotelmontpensierparis.com\/wp-content\/uploads\/2022\/09\/CHAMBRE34_1.jpg);\n}\n#banner-917447518 .ux-shape-divider--top svg {\n  height: 150px;\n  --divider-top-width: 100%;\n}\n#banner-917447518 .ux-shape-divider--bottom svg {\n  height: 150px;\n  --divider-width: 100%;\n}\n<\/style>\n  <\/div>\n\n\n\n  <div class=\"banner has-hover\" id=\"banner-1279213668\">\n          <div class=\"banner-inner fill\">\n        <div class=\"banner-bg fill\" >\n            <div class=\"bg fill bg-fill \"><\/div>\n                                    \n                    <\/div>\n\t\t\n        <div class=\"banner-layers container\">\n            <div class=\"fill banner-link\"><\/div>            \n\n   <div id=\"text-box-501203507\" class=\"text-box banner-layer x50 md-x50 lg-x50 y50 md-y50 lg-y50 res-text\">\n                                <div class=\"text-box-content text dark\">\n              \n              <div class=\"text-inner text-center\">\n                  \n\n\n              <\/div>\n           <\/div>\n                            \n<style>\n#text-box-501203507 {\n  width: 60%;\n}\n#text-box-501203507 .text-box-content {\n  font-size: 100%;\n}\n<\/style>\n    <\/div>\n \n\n        <\/div>\n      <\/div>\n\n            \n<style>\n#banner-1279213668 {\n  padding-top: 50%;\n}\n#banner-1279213668 .bg.bg-loaded {\n  background-image: url(https:\/\/www.hotelmontpensierparis.com\/wp-content\/uploads\/2022\/09\/CHAMBRE34_2.jpg);\n}\n#banner-1279213668 .ux-shape-divider--top svg {\n  height: 150px;\n  --divider-top-width: 100%;\n}\n#banner-1279213668 .ux-shape-divider--bottom svg {\n  height: 150px;\n  --divider-width: 100%;\n}\n<\/style>\n  <\/div>\n\n\n\n  <div class=\"banner has-hover\" id=\"banner-2088882076\">\n          <div class=\"banner-inner fill\">\n        <div class=\"banner-bg fill\" >\n            <div class=\"bg fill bg-fill \"><\/div>\n                                    \n                    <\/div>\n\t\t\n        <div class=\"banner-layers container\">\n            <div class=\"fill banner-link\"><\/div>            \n\n   <div id=\"text-box-463617315\" class=\"text-box banner-layer x50 md-x50 lg-x50 y50 md-y50 lg-y50 res-text\">\n                                <div class=\"text-box-content text dark\">\n              \n              <div class=\"text-inner text-center\">\n                  \n\n\n              <\/div>\n           <\/div>\n                            \n<style>\n#text-box-463617315 {\n  width: 60%;\n}\n#text-box-463617315 .text-box-content {\n  font-size: 100%;\n}\n<\/style>\n    <\/div>\n \n\n        <\/div>\n      <\/div>\n\n            \n<style>\n#banner-2088882076 {\n  padding-top: 50%;\n}\n#banner-2088882076 .bg.bg-loaded {\n  background-image: url(https:\/\/www.hotelmontpensierparis.com\/wp-content\/uploads\/2022\/09\/CHAMBRE34_5.jpg);\n}\n#banner-2088882076 .ux-shape-divider--top svg {\n  height: 150px;\n  --divider-top-width: 100%;\n}\n#banner-2088882076 .ux-shape-divider--bottom svg {\n  height: 150px;\n  --divider-width: 100%;\n}\n<\/style>\n  <\/div>\n\n\n\n  <div class=\"banner has-hover\" id=\"banner-1295003407\">\n          <div class=\"banner-inner fill\">\n        <div class=\"banner-bg fill\" >\n            <div class=\"bg fill bg-fill \"><\/div>\n                                    \n                    <\/div>\n\t\t\n        <div class=\"banner-layers container\">\n            <div class=\"fill banner-link\"><\/div>            \n\n   <div id=\"text-box-1937778993\" class=\"text-box banner-layer x50 md-x50 lg-x50 y50 md-y50 lg-y50 res-text\">\n                                <div class=\"text-box-content text dark\">\n              \n              <div class=\"text-inner text-center\">\n                  \n\n\n              <\/div>\n           <\/div>\n                            \n<style>\n#text-box-1937778993 {\n  width: 60%;\n}\n#text-box-1937778993 .text-box-content {\n  font-size: 100%;\n}\n<\/style>\n    <\/div>\n \n\n        <\/div>\n      <\/div>\n\n            \n<style>\n#banner-1295003407 {\n  padding-top: 50%;\n}\n#banner-1295003407 .bg.bg-loaded {\n  background-image: url(https:\/\/www.hotelmontpensierparis.com\/wp-content\/uploads\/2022\/09\/CHAMBRE34_4.jpg);\n}\n#banner-1295003407 .ux-shape-divider--top svg {\n  height: 150px;\n  --divider-top-width: 100%;\n}\n#banner-1295003407 .ux-shape-divider--bottom svg {\n  height: 150px;\n  --divider-width: 100%;\n}\n<\/style>\n  <\/div>\n\n\n\n  <div class=\"banner has-hover\" id=\"banner-1630277048\">\n          <div class=\"banner-inner fill\">\n        <div class=\"banner-bg fill\" >\n            <div class=\"bg fill bg-fill \"><\/div>\n                                    \n                    <\/div>\n\t\t\n        <div class=\"banner-layers container\">\n            <div class=\"fill banner-link\"><\/div>            \n\n   <div id=\"text-box-2103928556\" class=\"text-box banner-layer x50 md-x50 lg-x50 y50 md-y50 lg-y50 res-text\">\n                                <div class=\"text-box-content text dark\">\n              \n              <div class=\"text-inner text-center\">\n                  \n\n\n              <\/div>\n           <\/div>\n                            \n<style>\n#text-box-2103928556 {\n  width: 60%;\n}\n#text-box-2103928556 .text-box-content {\n  font-size: 100%;\n}\n<\/style>\n    <\/div>\n \n\n        <\/div>\n      <\/div>\n\n            \n<style>\n#banner-1630277048 {\n  padding-top: 50%;\n}\n#banner-1630277048 .bg.bg-loaded {\n  background-image: url(https:\/\/www.hotelmontpensierparis.com\/wp-content\/uploads\/2022\/09\/CHAMBRE34_10.jpg);\n}\n#banner-1630277048 .ux-shape-divider--top svg {\n  height: 150px;\n  --divider-top-width: 100%;\n}\n#banner-1630277048 .ux-shape-divider--bottom svg {\n  height: 150px;\n  --divider-width: 100%;\n}\n<\/style>\n  <\/div>\n\n\n\n     <\/div>\n\n     <div class=\"loading-spin dark large centered\"><\/div>\n\n     \t<\/div>\n\n\n\n\t\t<\/div>\n\n\t\t\n<style>\n#section_142273392 {\n  padding-top: 0px;\n  padding-bottom: 0px;\n  min-height: 350px;\n}\n#section_142273392 .ux-shape-divider--top svg {\n  height: 150px;\n  --divider-top-width: 100%;\n}\n#section_142273392 .ux-shape-divider--bottom svg {\n  height: 150px;\n  --divider-width: 100%;\n}\n<\/style>\n\t<\/section>\n\t\n\t<section class=\"section\" id=\"section_822388658\">\n\t\t<div class=\"bg section-bg fill bg-fill  bg-loaded\" >\n\n\t\t\t\n\t\t\t\n\t\t\t\n\n\t\t<\/div>\n\n\t\t\n\n\t\t<div class=\"section-content relative\">\n\t\t\t\n\n<div class=\"row row-collapse\"  id=\"row-111565173\">\n\n\n\t<div id=\"col-1299617749\" class=\"col small-12 large-12\"  data-animate=\"bounceInUp\">\n\t\t\t\t<div class=\"col-inner text-center\"  >\n\t\t\t\n\t\t\t\n\n<h1 style=\"text-align: center;\">HABITACIONES TRIPLES<\/h1>\n<h2 style=\"text-align: center; font-weight: lighter; font-size: 18px; margin-bottom: 30px;\">3 PERSONAS \/ 1 CAMA DOBLE + 1 CAMA INDIVIDUAL<\/h2>\n<p align=\"center\">Todas nuestras habitaciones est\u00e1n equipadas con wc, tel\u00e9fono directo, televisi\u00f3n en color y<br \/>\nsecador de pelo, con posibilidad de dotar de cajas fuertes individuales, y 3 parkings p\u00fablicos para veh\u00edculos.<\/p>\n\n<a rel=\"noopener noreferrer\" href=\"http:\/\/www.secure-hotel-booking.com\/Hotel-Montpensier\/2MV5\/dateselection?language=ES\" target=\"_blank\" class=\"button secondary is-outline lowercase\"  >\n    <span>Reserva esta habitaci\u00f3n<\/span>\n  <\/a>\n\n\n\n\t\t<\/div>\n\t\t\t\t\t<\/div>\n\n\t\n\n<\/div>\n\n\t\t<\/div>\n\n\t\t\n<style>\n#section_822388658 {\n  padding-top: 30px;\n  padding-bottom: 30px;\n}\n#section_822388658 .ux-shape-divider--top svg {\n  height: 150px;\n  --divider-top-width: 100%;\n}\n#section_822388658 .ux-shape-divider--bottom svg {\n  height: 150px;\n  --divider-width: 100%;\n}\n<\/style>\n\t<\/section>\n\t\n\t<section class=\"section\" id=\"section_1817945744\">\n\t\t<div class=\"bg section-bg fill bg-fill  \" >\n\n\t\t\t\n\t\t\t\n\t\t\t\n\n\t\t<\/div>\n\n\t\t\n\n\t\t<div class=\"section-content relative\">\n\t\t\t\n\n<div class=\"row row-collapse\"  id=\"row-1890730582\">\n\n\n\t<div id=\"col-1285663024\" class=\"col small-12 large-12\"  data-animate=\"fadeInLeft\">\n\t\t\t\t<div class=\"col-inner\"  >\n\t\t\t\n\t\t\t\n\n<h3 class=\"thin-font\" style=\"text-align: center; font-size:32px; color:#fff;\">Servicios y comodidades en la habitaci\u00f3n<\/h3>\n\n\n\t\t<\/div>\n\t\t\t\t\t<\/div>\n\n\t\n\n<\/div>\n\n\t\t<\/div>\n\n\t\t\n<style>\n#section_1817945744 {\n  padding-top: 0px;\n  padding-bottom: 0px;\n  min-height: 150px;\n}\n#section_1817945744 .section-bg.bg-loaded {\n  background-image: url(https:\/\/www.hotelmontpensierparis.com\/wp-content\/uploads\/2022\/09\/CHAMBRE34_8.jpg);\n}\n#section_1817945744 .ux-shape-divider--top svg {\n  height: 150px;\n  --divider-top-width: 100%;\n}\n#section_1817945744 .ux-shape-divider--bottom svg {\n  height: 150px;\n  --divider-width: 100%;\n}\n<\/style>\n\t<\/section>\n\t\n\t<section class=\"section\" id=\"section_1151526573\">\n\t\t<div class=\"bg section-bg fill bg-fill  bg-loaded\" >\n\n\t\t\t\n\t\t\t\n\t\t\t\n\n\t\t<\/div>\n\n\t\t\n\n\t\t<div class=\"section-content relative\">\n\t\t\t\n\n<div class=\"row row-small\"  id=\"row-1522639893\">\n\n\n\t<div id=\"col-1336774714\" class=\"col medium-6 small-12 large-6\"  data-animate=\"fadeInLeft\">\n\t\t\t\t<div class=\"col-inner\"  >\n\t\t\t\n\t\t\t\n\n<ul>\n<li>No fumador<\/li>\n<li>Ba\u00f1o privado<\/li>\n<li>Secador de pelo<\/li>\n<li>Ducha o ba\u00f1o<\/li>\n<\/ul>\n\n\n\t\t<\/div>\n\t\t\t\t\t<\/div>\n\n\t\n\n\t<div id=\"col-1214239409\" class=\"col medium-6 small-12 large-6\"  data-animate=\"fadeInRight\">\n\t\t\t\t<div class=\"col-inner\"  >\n\t\t\t\n\t\t\t\n\n<ul>\n<li>Televisi\u00f3n<\/li>\n<li>Canales tem\u00e1ticos &nbsp;<\/li>\n<li>Wi-Fi gratuito<\/li>\n<li>Despertador<\/li>\n<\/ul>\n\n\n\t\t<\/div>\n\t\t\t\t\t<\/div>\n\n\t\n\n<\/div>\n\n\t\t<\/div>\n\n\t\t\n<style>\n#section_1151526573 {\n  padding-top: 30px;\n  padding-bottom: 30px;\n}\n#section_1151526573 .ux-shape-divider--top svg {\n  height: 150px;\n  --divider-top-width: 100%;\n}\n#section_1151526573 .ux-shape-divider--bottom svg {\n  height: 150px;\n  --divider-width: 100%;\n}\n<\/style>\n\t<\/section>\n\t\n\n","protected":false},"excerpt":{"rendered":"","protected":false},"author":1,"featured_media":0,"parent":0,"menu_order":0,"comment_status":"closed","ping_status":"closed","template":"page-blank.php","meta":{"footnotes":""},"class_list":["post-759","page","type-page","status-publish","hentry"],"yoast_head":"<!-- This site is optimized with the Yoast SEO plugin v20.10 - https:\/\/yoast.com\/wordpress\/plugins\/seo\/ -->\n<title>Las habitaciones triples del Hotel Montpensier Paris<\/title>\n<meta name=\"description\" content=\"Las habitaciones triples del Hotel Montpensier Paris Louvre. Las 43 habitaciones del hotel son ideales para una estancia en el coraz\u00f3n de Par\u00eds\" \/>\n<meta name=\"robots\" content=\"index, follow, max-snippet:-1, max-image-preview:large, max-video-preview:-1\" \/>\n<link rel=\"canonical\" href=\"https:\/\/www.hotelmontpensierparis.com\/es\/habitaciones-triples-hotel-montpensier-paris\/\" \/>\n<meta property=\"og:locale\" content=\"es_ES\" \/>\n<meta property=\"og:type\" content=\"article\" \/>\n<meta property=\"og:title\" content=\"Las habitaciones triples del Hotel Montpensier Paris\" \/>\n<meta property=\"og:description\" content=\"Las habitaciones triples del Hotel Montpensier Paris Louvre. Las 43 habitaciones del hotel son ideales para una estancia en el coraz\u00f3n de Par\u00eds\" \/>\n<meta property=\"og:url\" content=\"https:\/\/www.hotelmontpensierparis.com\/es\/habitaciones-triples-hotel-montpensier-paris\/\" \/>\n<meta property=\"og:site_name\" content=\"H\u00f4tel Montpensier Paris\" \/>\n<meta property=\"article:modified_time\" content=\"2022-10-03T16:22:27+00:00\" \/>\n<meta name=\"twitter:card\" content=\"summary_large_image\" \/>\n<meta name=\"twitter:label1\" content=\"Tiempo de lectura\" \/>\n\t<meta name=\"twitter:data1\" content=\"1 minuto\" \/>\n<script type=\"application\/ld+json\" class=\"yoast-schema-graph\">{\"@context\":\"https:\/\/schema.org\",\"@graph\":[{\"@type\":\"WebPage\",\"@id\":\"https:\/\/www.hotelmontpensierparis.com\/es\/habitaciones-triples-hotel-montpensier-paris\/\",\"url\":\"https:\/\/www.hotelmontpensierparis.com\/es\/habitaciones-triples-hotel-montpensier-paris\/\",\"name\":\"Las habitaciones triples del Hotel Montpensier Paris\",\"isPartOf\":{\"@id\":\"https:\/\/www.hotelmontpensierparis.com\/en\/#website\"},\"datePublished\":\"2022-09-28T14:11:44+00:00\",\"dateModified\":\"2022-10-03T16:22:27+00:00\",\"description\":\"Las habitaciones triples del Hotel Montpensier Paris Louvre. Las 43 habitaciones del hotel son ideales para una estancia en el coraz\u00f3n de Par\u00eds\",\"breadcrumb\":{\"@id\":\"https:\/\/www.hotelmontpensierparis.com\/es\/habitaciones-triples-hotel-montpensier-paris\/#breadcrumb\"},\"inLanguage\":\"es\",\"potentialAction\":[{\"@type\":\"ReadAction\",\"target\":[\"https:\/\/www.hotelmontpensierparis.com\/es\/habitaciones-triples-hotel-montpensier-paris\/\"]}]},{\"@type\":\"BreadcrumbList\",\"@id\":\"https:\/\/www.hotelmontpensierparis.com\/es\/habitaciones-triples-hotel-montpensier-paris\/#breadcrumb\",\"itemListElement\":[{\"@type\":\"ListItem\",\"position\":1,\"name\":\"Accueil\",\"item\":\"https:\/\/www.hotelmontpensierparis.com\/es\/\"},{\"@type\":\"ListItem\",\"position\":2,\"name\":\"Chambres triple\"}]},{\"@type\":\"WebSite\",\"@id\":\"https:\/\/www.hotelmontpensierparis.com\/en\/#website\",\"url\":\"https:\/\/www.hotelmontpensierparis.com\/en\/\",\"name\":\"H\u00f4tel Montpensier Paris\",\"description\":\"H\u00f4tel au coeur de Paris\",\"potentialAction\":[{\"@type\":\"SearchAction\",\"target\":{\"@type\":\"EntryPoint\",\"urlTemplate\":\"https:\/\/www.hotelmontpensierparis.com\/en\/?s={search_term_string}\"},\"query-input\":\"required name=search_term_string\"}],\"inLanguage\":\"es\"}]}<\/script>\n<!-- \/ Yoast SEO plugin. -->","yoast_head_json":{"title":"Las habitaciones triples del Hotel Montpensier Paris","description":"Las habitaciones triples del Hotel Montpensier Paris Louvre. Las 43 habitaciones del hotel son ideales para una estancia en el coraz\u00f3n de Par\u00eds","robots":{"index":"index","follow":"follow","max-snippet":"max-snippet:-1","max-image-preview":"max-image-preview:large","max-video-preview":"max-video-preview:-1"},"canonical":"https:\/\/www.hotelmontpensierparis.com\/es\/habitaciones-triples-hotel-montpensier-paris\/","og_locale":"es_ES","og_type":"article","og_title":"Las habitaciones triples del Hotel Montpensier Paris","og_description":"Las habitaciones triples del Hotel Montpensier Paris Louvre. Las 43 habitaciones del hotel son ideales para una estancia en el coraz\u00f3n de Par\u00eds","og_url":"https:\/\/www.hotelmontpensierparis.com\/es\/habitaciones-triples-hotel-montpensier-paris\/","og_site_name":"H\u00f4tel Montpensier Paris","article_modified_time":"2022-10-03T16:22:27+00:00","twitter_card":"summary_large_image","twitter_misc":{"Tiempo de lectura":"1 minuto"},"schema":{"@context":"https:\/\/schema.org","@graph":[{"@type":"WebPage","@id":"https:\/\/www.hotelmontpensierparis.com\/es\/habitaciones-triples-hotel-montpensier-paris\/","url":"https:\/\/www.hotelmontpensierparis.com\/es\/habitaciones-triples-hotel-montpensier-paris\/","name":"Las habitaciones triples del Hotel Montpensier Paris","isPartOf":{"@id":"https:\/\/www.hotelmontpensierparis.com\/en\/#website"},"datePublished":"2022-09-28T14:11:44+00:00","dateModified":"2022-10-03T16:22:27+00:00","description":"Las habitaciones triples del Hotel Montpensier Paris Louvre. Las 43 habitaciones del hotel son ideales para una estancia en el coraz\u00f3n de Par\u00eds","breadcrumb":{"@id":"https:\/\/www.hotelmontpensierparis.com\/es\/habitaciones-triples-hotel-montpensier-paris\/#breadcrumb"},"inLanguage":"es","potentialAction":[{"@type":"ReadAction","target":["https:\/\/www.hotelmontpensierparis.com\/es\/habitaciones-triples-hotel-montpensier-paris\/"]}]},{"@type":"BreadcrumbList","@id":"https:\/\/www.hotelmontpensierparis.com\/es\/habitaciones-triples-hotel-montpensier-paris\/#breadcrumb","itemListElement":[{"@type":"ListItem","position":1,"name":"Accueil","item":"https:\/\/www.hotelmontpensierparis.com\/es\/"},{"@type":"ListItem","position":2,"name":"Chambres triple"}]},{"@type":"WebSite","@id":"https:\/\/www.hotelmontpensierparis.com\/en\/#website","url":"https:\/\/www.hotelmontpensierparis.com\/en\/","name":"H\u00f4tel Montpensier Paris","description":"H\u00f4tel au coeur de Paris","potentialAction":[{"@type":"SearchAction","target":{"@type":"EntryPoint","urlTemplate":"https:\/\/www.hotelmontpensierparis.com\/en\/?s={search_term_string}"},"query-input":"required name=search_term_string"}],"inLanguage":"es"}]}},"_links":{"self":[{"href":"https:\/\/www.hotelmontpensierparis.com\/es\/wp-json\/wp\/v2\/pages\/759","targetHints":{"allow":["GET"]}}],"collection":[{"href":"https:\/\/www.hotelmontpensierparis.com\/es\/wp-json\/wp\/v2\/pages"}],"about":[{"href":"https:\/\/www.hotelmontpensierparis.com\/es\/wp-json\/wp\/v2\/types\/page"}],"author":[{"embeddable":true,"href":"https:\/\/www.hotelmontpensierparis.com\/es\/wp-json\/wp\/v2\/users\/1"}],"replies":[{"embeddable":true,"href":"https:\/\/www.hotelmontpensierparis.com\/es\/wp-json\/wp\/v2\/comments?post=759"}],"version-history":[{"count":2,"href":"https:\/\/www.hotelmontpensierparis.com\/es\/wp-json\/wp\/v2\/pages\/759\/revisions"}],"predecessor-version":[{"id":866,"href":"https:\/\/www.hotelmontpensierparis.com\/es\/wp-json\/wp\/v2\/pages\/759\/revisions\/866"}],"wp:attachment":[{"href":"https:\/\/www.hotelmontpensierparis.com\/es\/wp-json\/wp\/v2\/media?parent=759"}],"curies":[{"name":"wp","href":"https:\/\/api.w.org\/{rel}","templated":true}]}}