{"id":741,"date":"2022-09-27T17:13:39","date_gmt":"2022-09-27T15:13:39","guid":{"rendered":"https:\/\/www.hotelmontpensierparis.com\/new\/chambres-hotel-montpensier-paris\/"},"modified":"2022-10-03T18:35:08","modified_gmt":"2022-10-03T16:35:08","slug":"habitaciones-hotel-montpensier-paris","status":"publish","type":"page","link":"https:\/\/www.hotelmontpensierparis.com\/es\/habitaciones-hotel-montpensier-paris\/","title":{"rendered":"Chambres"},"content":{"rendered":"\n\t<section class=\"section\" id=\"section_305167822\">\n\t\t<div class=\"bg section-bg fill bg-fill  \" >\n\n\t\t\t\n\t\t\t\n\t\t\t\n\n\t\t<\/div>\n\n\t\t\n\n\t\t<div class=\"section-content relative\">\n\t\t\t\n\n\n\t\t<\/div>\n\n\t\t\n<style>\n#section_305167822 {\n  padding-top: 0px;\n  padding-bottom: 0px;\n  min-height: 350px;\n}\n#section_305167822 .section-bg.bg-loaded {\n  background-image: url(https:\/\/www.hotelmontpensierparis.com\/wp-content\/uploads\/2022\/09\/hotel-montpensierparis-room-home.jpg);\n}\n#section_305167822 .ux-shape-divider--top svg {\n  height: 150px;\n  --divider-top-width: 100%;\n}\n#section_305167822 .ux-shape-divider--bottom svg {\n  height: 150px;\n  --divider-width: 100%;\n}\n<\/style>\n\t<\/section>\n\t\n\t<section class=\"section\" id=\"section_749737581\">\n\t\t<div class=\"bg section-bg fill bg-fill  bg-loaded\" >\n\n\t\t\t\n\t\t\t\n\t\t\t\n\n\t\t<\/div>\n\n\t\t\n\n\t\t<div class=\"section-content relative\">\n\t\t\t\n\n<div class=\"row row-collapse\"  id=\"row-900088351\">\n\n\n\t<div id=\"col-178984322\" class=\"col small-12 large-12\"  data-animate=\"bounceInUp\">\n\t\t\t\t<div class=\"col-inner\"  >\n\t\t\t\n\t\t\t\n\n<h1 style=\"text-align: center;\">NUESTRAS HABITACIONES<\/h1>\n<h2 style=\"text-align: center; font-weight: lighter; font-size: 18px; margin-bottom: 30px;\">UNA AMPLIA OPCI\u00d3N DE CAPACIDAD DE C\u00c1MARA PARA SATISFACER SUS NECESIDADES.<\/h2>\n<p align=\"center\">Las&nbsp;<strong>habitaciones<\/strong>&nbsp;del Hotel Montpensier Paris est\u00e1n equipadas con secador de pelo, TV v\u00eda sat\u00e9lite, caja fuerte en recepci\u00f3n, doble acristalamiento. Internet de banda ancha.<\/p>\n<p align=\"center\">Nuestro equipo est\u00e1 a su disposici\u00f3n para que su estancia sea lo m\u00e1s agradable posible.<\/p>\n<p align=\"center\">El Hotel dispone de una habitaci\u00f3n adaptada para personas con movilidad reducida.<\/p>\n\n\n\t\t<\/div>\n\t\t\t\t\t<\/div>\n\n\t\n\n<\/div>\n\n\t\t<\/div>\n\n\t\t\n<style>\n#section_749737581 {\n  padding-top: 30px;\n  padding-bottom: 30px;\n}\n#section_749737581 .ux-shape-divider--top svg {\n  height: 150px;\n  --divider-top-width: 100%;\n}\n#section_749737581 .ux-shape-divider--bottom svg {\n  height: 150px;\n  --divider-width: 100%;\n}\n<\/style>\n\t<\/section>\n\t\n<div class=\"row row-small row-full-width\"  id=\"row-1223555222\">\n\n\n\t<div id=\"col-1980621148\" class=\"col medium-6 small-12 large-6\"  data-animate=\"fadeInLeft\">\n\t\t\t\t<div class=\"col-inner\"  >\n\t\t\t\n\t\t\t\n\n\t<div class=\"img has-hover x md-x lg-x y md-y lg-y\" id=\"image_1416541281\">\n\t\t<a class=\"\" href=\"https:\/\/www.hotelmontpensierparis.com\/es\/habitaciones-dobles-hotel-montpensier-paris\/\"  >\t\t\t\t\t\t<div class=\"img-inner image-zoom image-cover box-shadow-3 box-shadow-2-hover dark\" style=\"padding-top:50%;\">\n\t\t\t<img decoding=\"async\" width=\"1020\" height=\"680\" src=\"https:\/\/www.hotelmontpensierparis.com\/wp-content\/uploads\/2022\/09\/hotel-montpensierparis-room-home-1024x683.jpg\" class=\"attachment-large size-large\" alt=\"\" srcset=\"https:\/\/www.hotelmontpensierparis.com\/wp-content\/uploads\/2022\/09\/hotel-montpensierparis-room-home-1024x683.jpg 1024w, https:\/\/www.hotelmontpensierparis.com\/wp-content\/uploads\/2022\/09\/hotel-montpensierparis-room-home-300x200.jpg 300w, https:\/\/www.hotelmontpensierparis.com\/wp-content\/uploads\/2022\/09\/hotel-montpensierparis-room-home-768x512.jpg 768w, https:\/\/www.hotelmontpensierparis.com\/wp-content\/uploads\/2022\/09\/hotel-montpensierparis-room-home.jpg 1500w\" sizes=\"(max-width: 1020px) 100vw, 1020px\" \/>\t\t\t\t\t\t\n\t\t\t\t\t<\/div>\n\t\t\t\t\t\t<\/a>\t\t\n<style>\n#image_1416541281 {\n  width: 100%;\n}\n<\/style>\n\t<\/div>\n\t\n\n<h3 style=\"text-align: center;\"><a href=\"https:\/\/www.hotelmontpensierparis.com\/es\/habitaciones-dobles-hotel-montpensier-paris\/\">INDIVIDUAL \/ DOBLE<\/a><\/h3>\n\n\n\t\t<\/div>\n\t\t\t\t\t<\/div>\n\n\t\n\n\t<div id=\"col-569291467\" class=\"col medium-6 small-12 large-6\"  data-animate=\"fadeInRight\">\n\t\t\t\t<div class=\"col-inner\"  >\n\t\t\t\n\t\t\t\n\n\t<div class=\"img has-hover x md-x lg-x y md-y lg-y\" id=\"image_968518883\">\n\t\t<a class=\"\" href=\"https:\/\/www.hotelmontpensierparis.com\/es\/habitaciones-twin-hotel-montpensier-paris\/\"  >\t\t\t\t\t\t<div class=\"img-inner image-zoom image-cover box-shadow-3 box-shadow-2-hover dark\" style=\"padding-top:50%;\">\n\t\t\t<img decoding=\"async\" width=\"1020\" height=\"680\" src=\"https:\/\/www.hotelmontpensierparis.com\/wp-content\/uploads\/2022\/09\/CHAMBRE35_15-1024x683.jpg\" class=\"attachment-large size-large\" alt=\"\" srcset=\"https:\/\/www.hotelmontpensierparis.com\/wp-content\/uploads\/2022\/09\/CHAMBRE35_15-1024x683.jpg 1024w, https:\/\/www.hotelmontpensierparis.com\/wp-content\/uploads\/2022\/09\/CHAMBRE35_15-300x200.jpg 300w, https:\/\/www.hotelmontpensierparis.com\/wp-content\/uploads\/2022\/09\/CHAMBRE35_15-768x512.jpg 768w, https:\/\/www.hotelmontpensierparis.com\/wp-content\/uploads\/2022\/09\/CHAMBRE35_15.jpg 1500w\" sizes=\"(max-width: 1020px) 100vw, 1020px\" \/>\t\t\t\t\t\t\n\t\t\t\t\t<\/div>\n\t\t\t\t\t\t<\/a>\t\t\n<style>\n#image_968518883 {\n  width: 100%;\n}\n<\/style>\n\t<\/div>\n\t\n\n<h3 style=\"text-align: center;\"><a href=\"https:\/\/www.hotelmontpensierparis.com\/es\/habitaciones-twin-hotel-montpensier-paris\/\">TWIN<\/a><\/h3>\n\n\n\t\t<\/div>\n\t\t\t\t\t<\/div>\n\n\t\n\n\t<div id=\"col-2078603897\" class=\"col medium-6 small-12 large-6\"  data-animate=\"fadeInLeft\">\n\t\t\t\t<div class=\"col-inner\"  >\n\t\t\t\n\t\t\t\n\n\t<div class=\"img has-hover x md-x lg-x y md-y lg-y\" id=\"image_306732915\">\n\t\t<a class=\"\" href=\"https:\/\/www.hotelmontpensierparis.com\/es\/habitaciones-triples-hotel-montpensier-paris\/\"  >\t\t\t\t\t\t<div class=\"img-inner image-zoom image-cover box-shadow-3 box-shadow-2-hover dark\" style=\"padding-top:50%;\">\n\t\t\t<img decoding=\"async\" width=\"1020\" height=\"680\" src=\"https:\/\/www.hotelmontpensierparis.com\/wp-content\/uploads\/2022\/09\/CHAMBRE34_1-1024x683.jpg\" class=\"attachment-large size-large\" alt=\"\" srcset=\"https:\/\/www.hotelmontpensierparis.com\/wp-content\/uploads\/2022\/09\/CHAMBRE34_1-1024x683.jpg 1024w, https:\/\/www.hotelmontpensierparis.com\/wp-content\/uploads\/2022\/09\/CHAMBRE34_1-300x200.jpg 300w, https:\/\/www.hotelmontpensierparis.com\/wp-content\/uploads\/2022\/09\/CHAMBRE34_1-768x512.jpg 768w, https:\/\/www.hotelmontpensierparis.com\/wp-content\/uploads\/2022\/09\/CHAMBRE34_1.jpg 1500w\" sizes=\"(max-width: 1020px) 100vw, 1020px\" \/>\t\t\t\t\t\t\n\t\t\t\t\t<\/div>\n\t\t\t\t\t\t<\/a>\t\t\n<style>\n#image_306732915 {\n  width: 100%;\n}\n<\/style>\n\t<\/div>\n\t\n\n<h3 style=\"text-align: center;\"><a href=\"https:\/\/www.hotelmontpensierparis.com\/es\/habitaciones-triples-hotel-montpensier-paris\/\">TRIPLE<\/a><\/h3>\n\n\n\t\t<\/div>\n\t\t\t\t\t<\/div>\n\n\t\n\n\t<div id=\"col-1852615736\" class=\"col medium-6 small-12 large-6\"  data-animate=\"fadeInLeft\">\n\t\t\t\t<div class=\"col-inner\"  >\n\t\t\t\n\t\t\t\n\n\t<div class=\"img has-hover x md-x lg-x y md-y lg-y\" id=\"image_840621178\">\n\t\t<a class=\"\" href=\"https:\/\/www.hotelmontpensierparis.com\/es\/habitaciones-cuadruples-hotel-montpensier-paris\/\"  >\t\t\t\t\t\t<div class=\"img-inner image-zoom image-cover box-shadow-3 box-shadow-2-hover dark\" style=\"padding-top:50%;\">\n\t\t\t<img decoding=\"async\" width=\"1020\" height=\"680\" src=\"https:\/\/www.hotelmontpensierparis.com\/wp-content\/uploads\/2022\/09\/CHAMBRE23_1-1024x683.jpg\" class=\"attachment-large size-large\" alt=\"\" srcset=\"https:\/\/www.hotelmontpensierparis.com\/wp-content\/uploads\/2022\/09\/CHAMBRE23_1-1024x683.jpg 1024w, https:\/\/www.hotelmontpensierparis.com\/wp-content\/uploads\/2022\/09\/CHAMBRE23_1-300x200.jpg 300w, https:\/\/www.hotelmontpensierparis.com\/wp-content\/uploads\/2022\/09\/CHAMBRE23_1-768x512.jpg 768w, https:\/\/www.hotelmontpensierparis.com\/wp-content\/uploads\/2022\/09\/CHAMBRE23_1.jpg 1500w\" sizes=\"(max-width: 1020px) 100vw, 1020px\" \/>\t\t\t\t\t\t\n\t\t\t\t\t<\/div>\n\t\t\t\t\t\t<\/a>\t\t\n<style>\n#image_840621178 {\n  width: 100%;\n}\n<\/style>\n\t<\/div>\n\t\n\n<h3 style=\"text-align: center;\"><a href=\"https:\/\/www.hotelmontpensierparis.com\/es\/habitaciones-cuadruples-hotel-montpensier-paris\/\">CUADRUPLE<\/a><\/h3>\n\n\n\t\t<\/div>\n\t\t\t\t\t<\/div>\n\n\t\n\n<\/div>\n\n","protected":false},"excerpt":{"rendered":"","protected":false},"author":1,"featured_media":0,"parent":0,"menu_order":0,"comment_status":"closed","ping_status":"closed","template":"page-blank.php","meta":{"footnotes":""},"class_list":["post-741","page","type-page","status-publish","hentry"],"yoast_head":"<!-- This site is optimized with the Yoast SEO plugin v20.10 - https:\/\/yoast.com\/wordpress\/plugins\/seo\/ -->\n<title>Las habitaciones del Hotel Montpensier Paris Louvre - Wifi gratuito<\/title>\n<meta name=\"description\" content=\"Las habitaciones del Hotel Montpensier Paris Louvre - Wifi gratuito. Las 43 habitaciones del hotel son ideales para una estancia en el coraz\u00f3n de Par\u00eds\" \/>\n<meta name=\"robots\" content=\"index, follow, max-snippet:-1, max-image-preview:large, max-video-preview:-1\" \/>\n<link rel=\"canonical\" href=\"https:\/\/www.hotelmontpensierparis.com\/es\/habitaciones-hotel-montpensier-paris\/\" \/>\n<meta property=\"og:locale\" content=\"es_ES\" \/>\n<meta property=\"og:type\" content=\"article\" \/>\n<meta property=\"og:title\" content=\"Las habitaciones del Hotel Montpensier Paris Louvre - Wifi gratuito\" \/>\n<meta property=\"og:description\" content=\"Las habitaciones del Hotel Montpensier Paris Louvre - Wifi gratuito. Las 43 habitaciones del hotel son ideales para una estancia en el coraz\u00f3n de Par\u00eds\" \/>\n<meta property=\"og:url\" content=\"https:\/\/www.hotelmontpensierparis.com\/es\/habitaciones-hotel-montpensier-paris\/\" \/>\n<meta property=\"og:site_name\" content=\"H\u00f4tel Montpensier Paris\" \/>\n<meta property=\"article:modified_time\" content=\"2022-10-03T16:35:08+00:00\" \/>\n<meta name=\"twitter:card\" content=\"summary_large_image\" \/>\n<meta name=\"twitter:label1\" content=\"Tiempo de lectura\" \/>\n\t<meta name=\"twitter:data1\" content=\"1 minuto\" \/>\n<script type=\"application\/ld+json\" class=\"yoast-schema-graph\">{\"@context\":\"https:\/\/schema.org\",\"@graph\":[{\"@type\":\"WebPage\",\"@id\":\"https:\/\/www.hotelmontpensierparis.com\/es\/habitaciones-hotel-montpensier-paris\/\",\"url\":\"https:\/\/www.hotelmontpensierparis.com\/es\/habitaciones-hotel-montpensier-paris\/\",\"name\":\"Las habitaciones del Hotel Montpensier Paris Louvre - Wifi gratuito\",\"isPartOf\":{\"@id\":\"https:\/\/www.hotelmontpensierparis.com\/en\/#website\"},\"datePublished\":\"2022-09-27T15:13:39+00:00\",\"dateModified\":\"2022-10-03T16:35:08+00:00\",\"description\":\"Las habitaciones del Hotel Montpensier Paris Louvre - Wifi gratuito. Las 43 habitaciones del hotel son ideales para una estancia en el coraz\u00f3n de Par\u00eds\",\"breadcrumb\":{\"@id\":\"https:\/\/www.hotelmontpensierparis.com\/es\/habitaciones-hotel-montpensier-paris\/#breadcrumb\"},\"inLanguage\":\"es\",\"potentialAction\":[{\"@type\":\"ReadAction\",\"target\":[\"https:\/\/www.hotelmontpensierparis.com\/es\/habitaciones-hotel-montpensier-paris\/\"]}]},{\"@type\":\"BreadcrumbList\",\"@id\":\"https:\/\/www.hotelmontpensierparis.com\/es\/habitaciones-hotel-montpensier-paris\/#breadcrumb\",\"itemListElement\":[{\"@type\":\"ListItem\",\"position\":1,\"name\":\"Accueil\",\"item\":\"https:\/\/www.hotelmontpensierparis.com\/es\/\"},{\"@type\":\"ListItem\",\"position\":2,\"name\":\"Chambres\"}]},{\"@type\":\"WebSite\",\"@id\":\"https:\/\/www.hotelmontpensierparis.com\/en\/#website\",\"url\":\"https:\/\/www.hotelmontpensierparis.com\/en\/\",\"name\":\"H\u00f4tel Montpensier Paris\",\"description\":\"H\u00f4tel au coeur de Paris\",\"potentialAction\":[{\"@type\":\"SearchAction\",\"target\":{\"@type\":\"EntryPoint\",\"urlTemplate\":\"https:\/\/www.hotelmontpensierparis.com\/en\/?s={search_term_string}\"},\"query-input\":\"required name=search_term_string\"}],\"inLanguage\":\"es\"}]}<\/script>\n<!-- \/ Yoast SEO plugin. -->","yoast_head_json":{"title":"Las habitaciones del Hotel Montpensier Paris Louvre - Wifi gratuito","description":"Las habitaciones del Hotel Montpensier Paris Louvre - Wifi gratuito. Las 43 habitaciones del hotel son ideales para una estancia en el coraz\u00f3n de Par\u00eds","robots":{"index":"index","follow":"follow","max-snippet":"max-snippet:-1","max-image-preview":"max-image-preview:large","max-video-preview":"max-video-preview:-1"},"canonical":"https:\/\/www.hotelmontpensierparis.com\/es\/habitaciones-hotel-montpensier-paris\/","og_locale":"es_ES","og_type":"article","og_title":"Las habitaciones del Hotel Montpensier Paris Louvre - Wifi gratuito","og_description":"Las habitaciones del Hotel Montpensier Paris Louvre - Wifi gratuito. Las 43 habitaciones del hotel son ideales para una estancia en el coraz\u00f3n de Par\u00eds","og_url":"https:\/\/www.hotelmontpensierparis.com\/es\/habitaciones-hotel-montpensier-paris\/","og_site_name":"H\u00f4tel Montpensier Paris","article_modified_time":"2022-10-03T16:35:08+00:00","twitter_card":"summary_large_image","twitter_misc":{"Tiempo de lectura":"1 minuto"},"schema":{"@context":"https:\/\/schema.org","@graph":[{"@type":"WebPage","@id":"https:\/\/www.hotelmontpensierparis.com\/es\/habitaciones-hotel-montpensier-paris\/","url":"https:\/\/www.hotelmontpensierparis.com\/es\/habitaciones-hotel-montpensier-paris\/","name":"Las habitaciones del Hotel Montpensier Paris Louvre - Wifi gratuito","isPartOf":{"@id":"https:\/\/www.hotelmontpensierparis.com\/en\/#website"},"datePublished":"2022-09-27T15:13:39+00:00","dateModified":"2022-10-03T16:35:08+00:00","description":"Las habitaciones del Hotel Montpensier Paris Louvre - Wifi gratuito. Las 43 habitaciones del hotel son ideales para una estancia en el coraz\u00f3n de Par\u00eds","breadcrumb":{"@id":"https:\/\/www.hotelmontpensierparis.com\/es\/habitaciones-hotel-montpensier-paris\/#breadcrumb"},"inLanguage":"es","potentialAction":[{"@type":"ReadAction","target":["https:\/\/www.hotelmontpensierparis.com\/es\/habitaciones-hotel-montpensier-paris\/"]}]},{"@type":"BreadcrumbList","@id":"https:\/\/www.hotelmontpensierparis.com\/es\/habitaciones-hotel-montpensier-paris\/#breadcrumb","itemListElement":[{"@type":"ListItem","position":1,"name":"Accueil","item":"https:\/\/www.hotelmontpensierparis.com\/es\/"},{"@type":"ListItem","position":2,"name":"Chambres"}]},{"@type":"WebSite","@id":"https:\/\/www.hotelmontpensierparis.com\/en\/#website","url":"https:\/\/www.hotelmontpensierparis.com\/en\/","name":"H\u00f4tel Montpensier Paris","description":"H\u00f4tel au coeur de Paris","potentialAction":[{"@type":"SearchAction","target":{"@type":"EntryPoint","urlTemplate":"https:\/\/www.hotelmontpensierparis.com\/en\/?s={search_term_string}"},"query-input":"required name=search_term_string"}],"inLanguage":"es"}]}},"_links":{"self":[{"href":"https:\/\/www.hotelmontpensierparis.com\/es\/wp-json\/wp\/v2\/pages\/741","targetHints":{"allow":["GET"]}}],"collection":[{"href":"https:\/\/www.hotelmontpensierparis.com\/es\/wp-json\/wp\/v2\/pages"}],"about":[{"href":"https:\/\/www.hotelmontpensierparis.com\/es\/wp-json\/wp\/v2\/types\/page"}],"author":[{"embeddable":true,"href":"https:\/\/www.hotelmontpensierparis.com\/es\/wp-json\/wp\/v2\/users\/1"}],"replies":[{"embeddable":true,"href":"https:\/\/www.hotelmontpensierparis.com\/es\/wp-json\/wp\/v2\/comments?post=741"}],"version-history":[{"count":2,"href":"https:\/\/www.hotelmontpensierparis.com\/es\/wp-json\/wp\/v2\/pages\/741\/revisions"}],"predecessor-version":[{"id":874,"href":"https:\/\/www.hotelmontpensierparis.com\/es\/wp-json\/wp\/v2\/pages\/741\/revisions\/874"}],"wp:attachment":[{"href":"https:\/\/www.hotelmontpensierparis.com\/es\/wp-json\/wp\/v2\/media?parent=741"}],"curies":[{"name":"wp","href":"https:\/\/api.w.org\/{rel}","templated":true}]}}