{"id":735,"date":"2022-09-23T12:21:11","date_gmt":"2022-09-23T10:21:11","guid":{"rendered":"https:\/\/www.hotelmontpensierparis.com\/new\/accueil\/"},"modified":"2022-10-03T18:42:46","modified_gmt":"2022-10-03T16:42:46","slug":"inicio","status":"publish","type":"page","link":"https:\/\/www.hotelmontpensierparis.com\/es\/","title":{"rendered":"Accueil"},"content":{"rendered":"\n\t<section class=\"section\" id=\"section_1960473420\">\n\t\t<div class=\"bg section-bg fill bg-fill  bg-loaded\" >\n\n\t\t\t\n\t\t\t\n\t\t\t\n\n\t\t<\/div>\n\n\t\t\n\n\t\t<div class=\"section-content relative\">\n\t\t\t\n\n  <div class=\"banner-grid-wrapper\">\n  <div id=\"banner-grid-1807844057\" class=\"banner-grid row row-grid row-xsmall row-full-width\" data-packery-options=\"\">\n                      \n\n<div class=\"col grid-col small-12 large-6 grid-col-2-3\" data-animate=\"fadeInLeft\"><div class=\"col-inner\">\n\n\n  <div class=\"banner has-hover bg-zoom\" id=\"banner-378897572\">\n          <div class=\"banner-inner fill\">\n        <div class=\"banner-bg fill\" >\n            <div class=\"bg fill bg-fill \"><\/div>\n                                    \n                    <\/div>\n\t\t\n        <div class=\"banner-layers container\">\n            <a class=\"fill\" href=\"https:\/\/www.hotelmontpensierparis.com\/es\/habitaciones-hotel-montpensier-paris\/\"  ><div class=\"fill banner-link\"><\/div><\/a>            \n\n   <div id=\"text-box-1075907803\" class=\"text-box banner-layer x50 md-x50 lg-x50 y90 md-y90 lg-y90 res-text\">\n                                <div class=\"text-box-content text dark\">\n              \n              <div class=\"text-inner text-center\">\n                  \n\n<h3 class=\"uppercase\"><strong><a href=\"https:\/\/www.hotelmontpensierparis.com\/es\/habitaciones-hotel-montpensier-paris\/\">NUESTRAS HABITACIONES<\/a><\/strong><\/h3>\n\n\n              <\/div>\n           <\/div>\n                            \n<style>\n#text-box-1075907803 {\n  width: 60%;\n}\n#text-box-1075907803 .text-box-content {\n  font-size: 100%;\n}\n<\/style>\n    <\/div>\n \n\n        <\/div>\n      <\/div>\n\n              <div class=\"height-fix is-invisible\"><img decoding=\"async\" width=\"1020\" height=\"680\" src=\"https:\/\/www.hotelmontpensierparis.com\/wp-content\/uploads\/2022\/09\/hotel-montpensierparis-room-home-1024x683.jpg\" class=\"attachment-large size-large\" alt=\"\" srcset=\"https:\/\/www.hotelmontpensierparis.com\/wp-content\/uploads\/2022\/09\/hotel-montpensierparis-room-home-1024x683.jpg 1024w, https:\/\/www.hotelmontpensierparis.com\/wp-content\/uploads\/2022\/09\/hotel-montpensierparis-room-home-300x200.jpg 300w, https:\/\/www.hotelmontpensierparis.com\/wp-content\/uploads\/2022\/09\/hotel-montpensierparis-room-home-768x512.jpg 768w, https:\/\/www.hotelmontpensierparis.com\/wp-content\/uploads\/2022\/09\/hotel-montpensierparis-room-home.jpg 1500w\" sizes=\"(max-width: 1020px) 100vw, 1020px\" \/><\/div>\n            \n<style>\n#banner-378897572 .bg.bg-loaded {\n  background-image: url(https:\/\/www.hotelmontpensierparis.com\/wp-content\/uploads\/2022\/09\/hotel-montpensierparis-room-home-1024x683.jpg);\n}\n#banner-378897572 .ux-shape-divider--top svg {\n  height: 150px;\n  --divider-top-width: 100%;\n}\n#banner-378897572 .ux-shape-divider--bottom svg {\n  height: 150px;\n  --divider-width: 100%;\n}\n<\/style>\n  <\/div>\n\n\n\n<\/div><\/div>\n<div class=\"col grid-col small-12 large-6 grid-col-1-3\" data-animate=\"fadeInRight\"><div class=\"col-inner\">\n\n\n  <div class=\"banner has-hover bg-zoom\" id=\"banner-1292868504\">\n          <div class=\"banner-inner fill\">\n        <div class=\"banner-bg fill\" >\n            <div class=\"bg fill bg-fill \"><\/div>\n                                    \n                    <\/div>\n\t\t\n        <div class=\"banner-layers container\">\n            <a class=\"fill\" href=\"https:\/\/www.hotelmontpensierparis.com\/es\/ubicacion-hotel-montpensier-paris-louvre\/\"  ><div class=\"fill banner-link\"><\/div><\/a>            \n\n   <div id=\"text-box-1940906692\" class=\"text-box banner-layer x50 md-x50 lg-x50 y80 md-y80 lg-y80 res-text\">\n                                <div class=\"text-box-content text dark\">\n              \n              <div class=\"text-inner text-center\">\n                  \n\n<h3 class=\"uppercase\"><strong><a href=\"https:\/\/www.hotelmontpensierparis.com\/es\/ubicacion-hotel-montpensier-paris-louvre\/\">UBICACI\u00d3N<\/a><\/strong><\/h3>\n\n\n              <\/div>\n           <\/div>\n                            \n<style>\n#text-box-1940906692 {\n  width: 60%;\n}\n#text-box-1940906692 .text-box-content {\n  font-size: 100%;\n}\n<\/style>\n    <\/div>\n \n\n        <\/div>\n      <\/div>\n\n            \n<style>\n#banner-1292868504 {\n  padding-top: 500px;\n}\n#banner-1292868504 .bg.bg-loaded {\n  background-image: url(https:\/\/www.hotelmontpensierparis.com\/wp-content\/uploads\/2022\/09\/paris-rue-richelieu-1-1-1024x683.jpg);\n}\n#banner-1292868504 .ux-shape-divider--top svg {\n  height: 150px;\n  --divider-top-width: 100%;\n}\n#banner-1292868504 .ux-shape-divider--bottom svg {\n  height: 150px;\n  --divider-width: 100%;\n}\n<\/style>\n  <\/div>\n\n\n\n<\/div><\/div>\n<div class=\"col grid-col small-12 large-6 grid-col-2-3\" data-animate=\"fadeInRight\"><div class=\"col-inner\">\n\n\n  <div class=\"banner has-hover bg-zoom\" id=\"banner-2040352198\">\n          <div class=\"banner-inner fill\">\n        <div class=\"banner-bg fill\" >\n            <div class=\"bg fill bg-fill \"><\/div>\n                                    \n                    <\/div>\n\t\t\n        <div class=\"banner-layers container\">\n            <a class=\"fill\" href=\"https:\/\/www.hotelmontpensierparis.com\/es\/galeria-de-fotos-hotel-montpensier-paris\/\"  ><div class=\"fill banner-link\"><\/div><\/a>            \n\n   <div id=\"text-box-966633704\" class=\"text-box banner-layer x50 md-x50 lg-x50 y80 md-y80 lg-y80 res-text\">\n                                <div class=\"text-box-content text dark\">\n              \n              <div class=\"text-inner text-center\">\n                  \n\n<h3 class=\"uppercase\"><strong><a href=\"https:\/\/www.hotelmontpensierparis.com\/es\/galeria-de-fotos-hotel-montpensier-paris\/\">Galer\u00eda de fotos<\/a><\/strong><\/h3>\n\n\n              <\/div>\n           <\/div>\n                            \n<style>\n#text-box-966633704 {\n  width: 60%;\n}\n#text-box-966633704 .text-box-content {\n  font-size: 100%;\n}\n<\/style>\n    <\/div>\n \n\n        <\/div>\n      <\/div>\n\n            \n<style>\n#banner-2040352198 {\n  padding-top: 500px;\n}\n#banner-2040352198 .bg.bg-loaded {\n  background-image: url(https:\/\/www.hotelmontpensierparis.com\/wp-content\/uploads\/2022\/09\/hotel-montpensier-salle-dejeuner-05-md-1024x683.jpg);\n}\n#banner-2040352198 .ux-shape-divider--top svg {\n  height: 150px;\n  --divider-top-width: 100%;\n}\n#banner-2040352198 .ux-shape-divider--bottom svg {\n  height: 150px;\n  --divider-width: 100%;\n}\n<\/style>\n  <\/div>\n\n\n\n<\/div><\/div>\n<div class=\"col grid-col small-12 large-6 grid-col-1-3\" data-animate=\"fadeInLeft\"><div class=\"col-inner\">\n\n\n  <div class=\"banner has-hover bg-zoom\" id=\"banner-1396176751\">\n          <div class=\"banner-inner fill\">\n        <div class=\"banner-bg fill\" >\n            <div class=\"bg fill bg-fill \"><\/div>\n                                    \n                    <\/div>\n\t\t\n        <div class=\"banner-layers container\">\n            <a class=\"fill\" href=\"https:\/\/www.hotelmontpensierparis.com\/es\/ubicacion-hotel-montpensier-paris-louvre\/\"  ><div class=\"fill banner-link\"><\/div><\/a>            \n\n   <div id=\"text-box-340153403\" class=\"text-box banner-layer x50 md-x50 lg-x50 y80 md-y80 lg-y80 res-text\">\n                                <div class=\"text-box-content text dark\">\n              \n              <div class=\"text-inner text-center\">\n                  \n\n<h3 class=\"uppercase\"><strong><a href=\"https:\/\/www.hotelmontpensierparis.com\/es\/ubicacion-hotel-montpensier-paris-louvre\/\">Turismo<\/a><\/strong><\/h3>\n\n\n              <\/div>\n           <\/div>\n                            \n<style>\n#text-box-340153403 {\n  width: 60%;\n}\n#text-box-340153403 .text-box-content {\n  font-size: 100%;\n}\n<\/style>\n    <\/div>\n \n\n        <\/div>\n      <\/div>\n\n            \n<style>\n#banner-1396176751 {\n  padding-top: 500px;\n}\n#banner-1396176751 .bg.bg-loaded {\n  background-image: url(https:\/\/www.hotelmontpensierparis.com\/wp-content\/uploads\/2022\/09\/hotel-montpensier-detail-hall-03-md-1024x610.jpg);\n}\n#banner-1396176751 .ux-shape-divider--top svg {\n  height: 150px;\n  --divider-top-width: 100%;\n}\n#banner-1396176751 .ux-shape-divider--bottom svg {\n  height: 150px;\n  --divider-width: 100%;\n}\n<\/style>\n  <\/div>\n\n\n\n<\/div><\/div>\n\n            <\/div>\n    <style>\n    #banner-grid-1807844057 .grid-col-1{height: 600px}\n    #banner-grid-1807844057 .grid-col-1-2{height: 300px}\n    #banner-grid-1807844057 .grid-col-1-3{height:200px}\n    #banner-grid-1807844057 .grid-col-2-3{height: 400px}\n    #banner-grid-1807844057 .grid-col-1-4{height: 150px}\n    #banner-grid-1807844057 .grid-col-3-4{height: 450px}\n\n\n    \n    \n\n  <\/style>\n    <\/div>\n  \n\n\t\t<\/div>\n\n\t\t\n<style>\n#section_1960473420 {\n  padding-top: 0px;\n  padding-bottom: 0px;\n}\n#section_1960473420 .ux-shape-divider--top svg {\n  height: 150px;\n  --divider-top-width: 100%;\n}\n#section_1960473420 .ux-shape-divider--bottom svg {\n  height: 150px;\n  --divider-width: 100%;\n}\n<\/style>\n\t<\/section>\n\t\n\t<section class=\"section\" id=\"section_1407520256\">\n\t\t<div class=\"bg section-bg fill bg-fill  bg-loaded\" >\n\n\t\t\t\n\t\t\t\n\t\t\t\n\n\t\t<\/div>\n\n\t\t\n\n\t\t<div class=\"section-content relative\">\n\t\t\t\n\n<div class=\"row row-collapse\"  id=\"row-1435742125\">\n\n\n\t<div id=\"col-829222671\" class=\"col small-12 large-12\"  data-animate=\"bounceInUp\">\n\t\t\t\t<div class=\"col-inner\"  >\n\t\t\t\n\t\t\t\n\n<h1 style=\"text-align: center;\">HOTEL MONTPENSIER<\/h1>\n<h2 style=\"text-align: center; font-weight:lighter; font-size:18px; margin-bottom:30px;\">CERCA DEL MUSEO DEL LOUVRE, EL PALAIS ROYAL Y PLACE VENDOME<\/h2 >\n<p align=\"center\">El Hotel Montpensier Paris \u2013 Francia \u2013 se complace en darle la bienvenida al coraz\u00f3n de Par\u00eds. Ideal para sus estancias tur\u00edsticas o de negocios (l\u00ednea directa con el centro de negocios m\u00e1s grande de Europa: Paris La D\u00e9fense).<\/p>\n<p align=\"center\">Para su comodidad, el Hotel Montpensier Paris ofrece acceso WIFI gratuito en la recepci\u00f3n. Las habitaciones del Hotel Montpensier Paris est\u00e1n equipadas con Internet de alta velocidad.<\/p>\n<p align=\"center\">Informamos a nuestros amables clientes que el Hotel dispone de una habitaci\u00f3n adaptada para personas con movilidad reducida.<\/p>\n<p align=\"center\">El hotel dispone de una sala de equipajes y puede dejar su equipaje all\u00ed en cualquier momento a su llegada o despu\u00e9s de su salida.<\/p>\n\n\n\t\t<\/div>\n\t\t\t\t\t<\/div>\n\n\t\n\n<\/div>\n\n\t\t<\/div>\n\n\t\t\n<style>\n#section_1407520256 {\n  padding-top: 30px;\n  padding-bottom: 30px;\n}\n#section_1407520256 .ux-shape-divider--top svg {\n  height: 150px;\n  --divider-top-width: 100%;\n}\n#section_1407520256 .ux-shape-divider--bottom svg {\n  height: 150px;\n  --divider-width: 100%;\n}\n<\/style>\n\t<\/section>\n\t\n<div class=\"row row-collapse row-full-width\"  id=\"row-1989732263\">\n\n\n\t<div id=\"col-1443569198\" class=\"col small-12 large-12\"  data-animate=\"bounceInUp\">\n\t\t\t\t<div class=\"col-inner\"  >\n\t\t\t\n\t\t\t\n\n\n\n<iframe src=\"https:\/\/www.google.com\/maps\/embed?pb=!1m18!1m12!1m3!1d10807.21673846028!2d2.329748514483849!3d48.86032337241442!2m3!1f0!2f0!3f0!3m2!1i1024!2i768!4f13.1!3m3!1m2!1s0x47e66e2504429343%3A0x69c695c217a6a2ad!2s12%20Rue%20de%20Richelieu%2C%2075001%20Paris!5e0!3m2!1sfr!2sfr!4v1664201465849!5m2!1sfr!2sfr\" width=\"100%\" height=\"400\" style=\"border:0;\" allowfullscreen=\"\" loading=\"lazy\" referrerpolicy=\"no-referrer-when-downgrade\"><\/iframe>\n\n\n\t\t<\/div>\n\t\t\t\t\t<\/div>\n\n\t\n\n<\/div>\n\n","protected":false},"excerpt":{"rendered":"","protected":false},"author":1,"featured_media":0,"parent":0,"menu_order":0,"comment_status":"closed","ping_status":"closed","template":"page-blank.php","meta":{"footnotes":""},"class_list":["post-735","page","type-page","status-publish","hentry"],"yoast_head":"<!-- This site is optimized with the Yoast SEO plugin v20.10 - https:\/\/yoast.com\/wordpress\/plugins\/seo\/ -->\n<title>Hotel Montpensier Par\u00eds - Hotel Centro Par\u00eds. Sitio oficial<\/title>\n<meta name=\"description\" content=\"Sitio web oficial del Hotel Hotel Montpensier Paris, ubicado en Par\u00eds 1, a 5 minutos a pie del Museo del Louvre, el Palais Royal y la \u00d3pera\" \/>\n<meta name=\"robots\" content=\"index, follow, max-snippet:-1, max-image-preview:large, max-video-preview:-1\" \/>\n<link rel=\"canonical\" href=\"https:\/\/www.hotelmontpensierparis.com\/es\/\" \/>\n<meta property=\"og:locale\" content=\"es_ES\" \/>\n<meta property=\"og:type\" content=\"article\" \/>\n<meta property=\"og:title\" content=\"Hotel Montpensier Par\u00eds - Hotel Centro Par\u00eds. Sitio oficial\" \/>\n<meta property=\"og:description\" content=\"Sitio web oficial del Hotel Hotel Montpensier Paris, ubicado en Par\u00eds 1, a 5 minutos a pie del Museo del Louvre, el Palais Royal y la \u00d3pera\" \/>\n<meta property=\"og:url\" content=\"https:\/\/www.hotelmontpensierparis.com\/es\/\" \/>\n<meta property=\"og:site_name\" content=\"H\u00f4tel Montpensier Paris\" \/>\n<meta property=\"article:modified_time\" content=\"2022-10-03T16:42:46+00:00\" \/>\n<meta name=\"twitter:card\" content=\"summary_large_image\" \/>\n<meta name=\"twitter:label1\" content=\"Tiempo de lectura\" \/>\n\t<meta name=\"twitter:data1\" content=\"2 minutos\" \/>\n<script type=\"application\/ld+json\" class=\"yoast-schema-graph\">{\"@context\":\"https:\/\/schema.org\",\"@graph\":[{\"@type\":\"WebPage\",\"@id\":\"https:\/\/www.hotelmontpensierparis.com\/es\/\",\"url\":\"https:\/\/www.hotelmontpensierparis.com\/es\/\",\"name\":\"Hotel Montpensier Par\u00eds - Hotel Centro Par\u00eds. Sitio oficial\",\"isPartOf\":{\"@id\":\"https:\/\/www.hotelmontpensierparis.com\/en\/#website\"},\"datePublished\":\"2022-09-23T10:21:11+00:00\",\"dateModified\":\"2022-10-03T16:42:46+00:00\",\"description\":\"Sitio web oficial del Hotel Hotel Montpensier Paris, ubicado en Par\u00eds 1, a 5 minutos a pie del Museo del Louvre, el Palais Royal y la \u00d3pera\",\"breadcrumb\":{\"@id\":\"https:\/\/www.hotelmontpensierparis.com\/es\/#breadcrumb\"},\"inLanguage\":\"es\",\"potentialAction\":[{\"@type\":\"ReadAction\",\"target\":[\"https:\/\/www.hotelmontpensierparis.com\/es\/\"]}]},{\"@type\":\"BreadcrumbList\",\"@id\":\"https:\/\/www.hotelmontpensierparis.com\/es\/#breadcrumb\",\"itemListElement\":[{\"@type\":\"ListItem\",\"position\":1,\"name\":\"Accueil\",\"item\":\"https:\/\/www.hotelmontpensierparis.com\/es\/\"},{\"@type\":\"ListItem\",\"position\":2,\"name\":\"Accueil\"}]},{\"@type\":\"WebSite\",\"@id\":\"https:\/\/www.hotelmontpensierparis.com\/en\/#website\",\"url\":\"https:\/\/www.hotelmontpensierparis.com\/en\/\",\"name\":\"H\u00f4tel Montpensier Paris\",\"description\":\"H\u00f4tel au coeur de Paris\",\"potentialAction\":[{\"@type\":\"SearchAction\",\"target\":{\"@type\":\"EntryPoint\",\"urlTemplate\":\"https:\/\/www.hotelmontpensierparis.com\/en\/?s={search_term_string}\"},\"query-input\":\"required name=search_term_string\"}],\"inLanguage\":\"es\"}]}<\/script>\n<!-- \/ Yoast SEO plugin. -->","yoast_head_json":{"title":"Hotel Montpensier Par\u00eds - Hotel Centro Par\u00eds. Sitio oficial","description":"Sitio web oficial del Hotel Hotel Montpensier Paris, ubicado en Par\u00eds 1, a 5 minutos a pie del Museo del Louvre, el Palais Royal y la \u00d3pera","robots":{"index":"index","follow":"follow","max-snippet":"max-snippet:-1","max-image-preview":"max-image-preview:large","max-video-preview":"max-video-preview:-1"},"canonical":"https:\/\/www.hotelmontpensierparis.com\/es\/","og_locale":"es_ES","og_type":"article","og_title":"Hotel Montpensier Par\u00eds - Hotel Centro Par\u00eds. Sitio oficial","og_description":"Sitio web oficial del Hotel Hotel Montpensier Paris, ubicado en Par\u00eds 1, a 5 minutos a pie del Museo del Louvre, el Palais Royal y la \u00d3pera","og_url":"https:\/\/www.hotelmontpensierparis.com\/es\/","og_site_name":"H\u00f4tel Montpensier Paris","article_modified_time":"2022-10-03T16:42:46+00:00","twitter_card":"summary_large_image","twitter_misc":{"Tiempo de lectura":"2 minutos"},"schema":{"@context":"https:\/\/schema.org","@graph":[{"@type":"WebPage","@id":"https:\/\/www.hotelmontpensierparis.com\/es\/","url":"https:\/\/www.hotelmontpensierparis.com\/es\/","name":"Hotel Montpensier Par\u00eds - Hotel Centro Par\u00eds. Sitio oficial","isPartOf":{"@id":"https:\/\/www.hotelmontpensierparis.com\/en\/#website"},"datePublished":"2022-09-23T10:21:11+00:00","dateModified":"2022-10-03T16:42:46+00:00","description":"Sitio web oficial del Hotel Hotel Montpensier Paris, ubicado en Par\u00eds 1, a 5 minutos a pie del Museo del Louvre, el Palais Royal y la \u00d3pera","breadcrumb":{"@id":"https:\/\/www.hotelmontpensierparis.com\/es\/#breadcrumb"},"inLanguage":"es","potentialAction":[{"@type":"ReadAction","target":["https:\/\/www.hotelmontpensierparis.com\/es\/"]}]},{"@type":"BreadcrumbList","@id":"https:\/\/www.hotelmontpensierparis.com\/es\/#breadcrumb","itemListElement":[{"@type":"ListItem","position":1,"name":"Accueil","item":"https:\/\/www.hotelmontpensierparis.com\/es\/"},{"@type":"ListItem","position":2,"name":"Accueil"}]},{"@type":"WebSite","@id":"https:\/\/www.hotelmontpensierparis.com\/en\/#website","url":"https:\/\/www.hotelmontpensierparis.com\/en\/","name":"H\u00f4tel Montpensier Paris","description":"H\u00f4tel au coeur de Paris","potentialAction":[{"@type":"SearchAction","target":{"@type":"EntryPoint","urlTemplate":"https:\/\/www.hotelmontpensierparis.com\/en\/?s={search_term_string}"},"query-input":"required name=search_term_string"}],"inLanguage":"es"}]}},"_links":{"self":[{"href":"https:\/\/www.hotelmontpensierparis.com\/es\/wp-json\/wp\/v2\/pages\/735","targetHints":{"allow":["GET"]}}],"collection":[{"href":"https:\/\/www.hotelmontpensierparis.com\/es\/wp-json\/wp\/v2\/pages"}],"about":[{"href":"https:\/\/www.hotelmontpensierparis.com\/es\/wp-json\/wp\/v2\/types\/page"}],"author":[{"embeddable":true,"href":"https:\/\/www.hotelmontpensierparis.com\/es\/wp-json\/wp\/v2\/users\/1"}],"replies":[{"embeddable":true,"href":"https:\/\/www.hotelmontpensierparis.com\/es\/wp-json\/wp\/v2\/comments?post=735"}],"version-history":[{"count":3,"href":"https:\/\/www.hotelmontpensierparis.com\/es\/wp-json\/wp\/v2\/pages\/735\/revisions"}],"predecessor-version":[{"id":876,"href":"https:\/\/www.hotelmontpensierparis.com\/es\/wp-json\/wp\/v2\/pages\/735\/revisions\/876"}],"wp:attachment":[{"href":"https:\/\/www.hotelmontpensierparis.com\/es\/wp-json\/wp\/v2\/media?parent=735"}],"curies":[{"name":"wp","href":"https:\/\/api.w.org\/{rel}","templated":true}]}}