{"id":780,"date":"2022-09-29T06:59:25","date_gmt":"2022-09-29T04:59:25","guid":{"rendered":"https:\/\/www.hotelmontpensierparis.com\/new\/tourisme-hotel-montpensier-paris-louvre\/"},"modified":"2022-10-04T12:11:31","modified_gmt":"2022-10-04T10:11:31","slug":"tourismus-hotel-montpensier-paris-louvre","status":"publish","type":"page","link":"https:\/\/www.hotelmontpensierparis.com\/de\/tourismus-hotel-montpensier-paris-louvre\/","title":{"rendered":"Tourisme"},"content":{"rendered":"\n\t<section class=\"section\" id=\"section_713333932\">\n\t\t<div class=\"bg section-bg fill bg-fill  bg-loaded\" >\n\n\t\t\t\n\t\t\t\n\t\t\t\n\n\t\t<\/div>\n\n\t\t\n\n\t\t<div class=\"section-content relative\">\n\t\t\t\n\n<div class=\"row row-collapse row-full-width\"  id=\"row-1015863254\">\n\n\n\t<div id=\"col-1109404041\" class=\"col small-12 large-12\"  data-animate=\"bounceInUp\">\n\t\t\t\t<div class=\"col-inner\"  >\n\t\t\t\n\t\t\t\n\n\n\n<iframe src=\"https:\/\/www.google.com\/maps\/embed?pb=!1m18!1m12!1m3!1d10807.21673846028!2d2.329748514483849!3d48.86032337241442!2m3!1f0!2f0!3f0!3m2!1i1024!2i768!4f13.1!3m3!1m2!1s0x47e66e2504429343%3A0x69c695c217a6a2ad!2s12%20Rue%20de%20Richelieu%2C%2075001%20Paris!5e0!3m2!1sfr!2sfr!4v1664201465849!5m2!1sfr!2sfr\" width=\"100%\" height=\"400\" style=\"border:0;\" allowfullscreen=\"\" loading=\"lazy\" referrerpolicy=\"no-referrer-when-downgrade\"><\/iframe>\n\n\n\t\t<\/div>\n\t\t\t\t\t<\/div>\n\n\t\n\n<\/div>\n\n\t\t<\/div>\n\n\t\t\n<style>\n#section_713333932 {\n  padding-top: 0px;\n  padding-bottom: 0px;\n}\n#section_713333932 .ux-shape-divider--top svg {\n  height: 150px;\n  --divider-top-width: 100%;\n}\n#section_713333932 .ux-shape-divider--bottom svg {\n  height: 150px;\n  --divider-width: 100%;\n}\n<\/style>\n\t<\/section>\n\t\n\t<section class=\"section\" id=\"section_898394242\">\n\t\t<div class=\"bg section-bg fill bg-fill  bg-loaded\" >\n\n\t\t\t\n\t\t\t\n\t\t\t\n\n\t\t<\/div>\n\n\t\t\n\n\t\t<div class=\"section-content relative\">\n\t\t\t\n\n<div class=\"row row-collapse\"  id=\"row-652161039\">\n\n\n\t<div id=\"col-596195156\" class=\"col small-12 large-12\"  data-animate=\"bounceInUp\">\n\t\t\t\t<div class=\"col-inner\"  >\n\t\t\t\n\t\t\t\n\n<h1 style=\"text-align: center;\">ENTDECKEN SIE PARIS<\/h1>\n<h2 style=\"text-align: center; font-weight: lighter; font-size: 18px; margin-bottom: 30px;\">IN DER N\u00c4HE DES LOUVRE MUSEUM, DES K\u00d6NIGLICHEN PALASTES UND DES PLACE VENDOME<\/h2 >\n<p align=\"center\">Damit Ihr Aufenthalt in unserer herrlichen Stadt Paris zu einem wundersch\u00f6nen Erlebnis wird, hier einige Vorschl\u00e4ge f\u00fcr die Besichtigung von historischen Bauwerken , angefangen bei der Kathedrale Notre Dame de Paris bis hin zum Eiffelturm.<\/p>\n\n\n\t\t<\/div>\n\t\t\t\t\t<\/div>\n\n\t\n\n<\/div>\n<div class=\"row row-small\"  id=\"row-568064089\">\n\n\n\t<div id=\"col-1732441456\" class=\"col medium-6 small-12 large-6\"  data-animate=\"fadeInLeft\">\n\t\t\t\t<div class=\"col-inner\"  >\n\t\t\t\n\t\t\t\n\n<p><strong>Lust auf Kultur?<\/strong><\/p>\n<p>Paris bietet Ihnen mit seiner 2000-j\u00e4hrigen Geschichte, seinen Bauwerken, Museen und malerischen Orten unvergessliche Besichtigungstouren und Spazierg\u00e4nge.<\/p>\n<p><strong>Wirklich ein Muss sind folgende Museen<\/strong><br \/>Mus\u00e9e du Louvre | Mus\u00e9e d\u2019Orsay | Cit\u00e9 des Science et d\u2019Industrie<\/p>\n<p>Der S\u00e9nat, das Assembl\u00e9e Nationale, die Conciergerie, die Sainte Chapelle und vielleicht m\u00f6chten Sie auch eines der kostenlosen w\u00f6chentlichen Sonntagskonzerte in der ber\u00fchmten Kathedrale &#8222;Notre-dame de Paris&#8220; besuchen.<\/p>\n<p>Paris vom Wasser aus gesehen : Kommentierte einst\u00fcndige Rundfahrten bzw . Rundfahrten mit Mittag-oder Abendessen, ganzj\u00e4hrig. Anlegestelle am Fu\u00dfe des Eiffelturms. Schiffsvermietung f\u00fcr Ihre Feierlichkeiten.<\/p>\n\n\n\t\t<\/div>\n\t\t\t\t\t<\/div>\n\n\t\n\n\t<div id=\"col-776374084\" class=\"col medium-6 small-12 large-6\"  data-animate=\"fadeInRight\">\n\t\t\t\t<div class=\"col-inner\"  >\n\t\t\t\n\t\t\t\n\n\t<div class=\"img has-hover x md-x lg-x y md-y lg-y\" id=\"image_1735896230\">\n\t\t\t\t\t\t\t\t<div class=\"img-inner box-shadow-3 dark\" >\n\t\t\t<img decoding=\"async\" width=\"1020\" height=\"680\" src=\"https:\/\/www.hotelmontpensierparis.com\/wp-content\/uploads\/2022\/09\/jardin-palais-royal-06-md-1024x683.jpg\" class=\"attachment-large size-large\" alt=\"\" srcset=\"https:\/\/www.hotelmontpensierparis.com\/wp-content\/uploads\/2022\/09\/jardin-palais-royal-06-md-1024x683.jpg 1024w, https:\/\/www.hotelmontpensierparis.com\/wp-content\/uploads\/2022\/09\/jardin-palais-royal-06-md-300x200.jpg 300w, https:\/\/www.hotelmontpensierparis.com\/wp-content\/uploads\/2022\/09\/jardin-palais-royal-06-md-768x512.jpg 768w, https:\/\/www.hotelmontpensierparis.com\/wp-content\/uploads\/2022\/09\/jardin-palais-royal-06-md.jpg 1500w\" sizes=\"(max-width: 1020px) 100vw, 1020px\" \/>\t\t\t\t\t\t\n\t\t\t\t\t<\/div>\n\t\t\t\t\t\t\t\t\n<style>\n#image_1735896230 {\n  width: 100%;\n}\n<\/style>\n\t<\/div>\n\t\n\n\n\t\t<\/div>\n\t\t\t\t\t<\/div>\n\n\t\n\n\t<div id=\"col-827718337\" class=\"col small-12 large-12\"  data-animate=\"fadeInLeft\">\n\t\t\t\t<div class=\"col-inner\"  >\n\t\t\t\n\t\t\t\n\n\t<div class=\"img has-hover x md-x lg-x y md-y lg-y\" id=\"image_1446425381\">\n\t\t\t\t\t\t\t\t<div class=\"img-inner dark\" >\n\t\t\t<img decoding=\"async\" width=\"1020\" height=\"608\" src=\"https:\/\/www.hotelmontpensierparis.com\/wp-content\/uploads\/2022\/09\/hotel-montpensier-detail-hall-03-md-1024x610.jpg\" class=\"attachment-large size-large\" alt=\"\" srcset=\"https:\/\/www.hotelmontpensierparis.com\/wp-content\/uploads\/2022\/09\/hotel-montpensier-detail-hall-03-md-1024x610.jpg 1024w, https:\/\/www.hotelmontpensierparis.com\/wp-content\/uploads\/2022\/09\/hotel-montpensier-detail-hall-03-md-300x179.jpg 300w, https:\/\/www.hotelmontpensierparis.com\/wp-content\/uploads\/2022\/09\/hotel-montpensier-detail-hall-03-md-768x457.jpg 768w, https:\/\/www.hotelmontpensierparis.com\/wp-content\/uploads\/2022\/09\/hotel-montpensier-detail-hall-03-md.jpg 1500w\" sizes=\"(max-width: 1020px) 100vw, 1020px\" \/>\t\t\t\t\t\t\n\t\t\t\t\t<\/div>\n\t\t\t\t\t\t\t\t\n<style>\n#image_1446425381 {\n  width: 100%;\n}\n<\/style>\n\t<\/div>\n\t\n\n<p><strong>Lust auf einen Spaziergang ?<\/strong><br \/>Mehr als 400 Parks bzw. G\u00e4rten machen Paris zu einer angenehmen Stadt. Entdecken Sie die zahlreichen gr\u00fcnen Inseln, die der Hauptstadt als erfrischende Oasen dienen<\/p>\n<p>Gr\u00fcnfl\u00e4chen gibt es in Paris in jedem Viertel &#8211; eine anders als die andere. Hier k\u00f6nnen Sie im Herzen einer aktiven Stadt einfach &#8222;abtauchen&#8220;. Die Br\u00fccken von Paris, , in den Franz\u00f6sischen Parks und G\u00e4rten.<br \/>\nParis w\u00e4re nicht Paris ohne seine unz\u00e4hligen Veranstaltungen und Ausstellungen. Wenn Sie wissen, wollen, was gerade los ist.<\/p>\n<p><strong>Ch\u00e2teau de Versailles<\/strong><br \/>Erkunden Sie das Schloss, indem Sie ein Thema w\u00e4hlen (Orte, Personen, das Leben damals und heute, Meisterwerke). Hier finden Sie ebenfalls aktuelle Informationen zu den G\u00fctern, hilfreiche Unterlagen f\u00fcr Sch\u00fcler und Lehrer zur Vorbereitung des Besuchs, Eintrittskarten online und Informationen zur Vereinigung der Freunde von Versailles (Soci\u00e9t\u00e9 des Amis de Versailles).<\/p>\n<p><strong>Disneyland Paris<\/strong><br \/>\nEiner der gr\u00f6\u00dften Themenparks in Europa.<\/p>\n<p>Der Zoo (einer der wichtigsten Frankreichs), der Blumenpark und der Tropengarten oder besichtigen Sie doch das Schloss , in dem K\u00f6nige residiert haben, das vor der Revolution ein Staatsgef\u00e4ngnis war und sp\u00e4ter eine Porzellanfabrik und noch sp\u00e4ter ein Waffenlager und heute schlie\u00dflich ein historisches Museum ist.<\/p>\n\n\n\t\t<\/div>\n\t\t\t\t\t<\/div>\n\n\t\n\n<\/div>\n\n\t\t<\/div>\n\n\t\t\n<style>\n#section_898394242 {\n  padding-top: 30px;\n  padding-bottom: 30px;\n}\n#section_898394242 .ux-shape-divider--top svg {\n  height: 150px;\n  --divider-top-width: 100%;\n}\n#section_898394242 .ux-shape-divider--bottom svg {\n  height: 150px;\n  --divider-width: 100%;\n}\n<\/style>\n\t<\/section>\n\t\n\n","protected":false},"excerpt":{"rendered":"","protected":false},"author":1,"featured_media":0,"parent":0,"menu_order":0,"comment_status":"closed","ping_status":"closed","template":"page-blank.php","meta":{"footnotes":""},"class_list":["post-780","page","type-page","status-publish","hentry"],"yoast_head":"<!-- This site is optimized with the Yoast SEO plugin v20.10 - https:\/\/yoast.com\/wordpress\/plugins\/seo\/ -->\n<title>Hotel Montpensier Paris - Hotel Zentrum Paris. Offizielle Seite<\/title>\n<meta name=\"description\" content=\"Offizielle Website des Hotels Hotel Montpensier Paris, gelegen im 1. Pariser Viertel, 5 Gehminuten vom Louvre, dem Palais Royal und der Oper entfernt\" \/>\n<meta name=\"robots\" content=\"index, follow, max-snippet:-1, max-image-preview:large, max-video-preview:-1\" \/>\n<link rel=\"canonical\" href=\"https:\/\/www.hotelmontpensierparis.com\/de\/tourismus-hotel-montpensier-paris-louvre\/\" \/>\n<meta property=\"og:locale\" content=\"de_DE\" \/>\n<meta property=\"og:type\" content=\"article\" \/>\n<meta property=\"og:title\" content=\"Hotel Montpensier Paris - Hotel Zentrum Paris. Offizielle Seite\" \/>\n<meta property=\"og:description\" content=\"Offizielle Website des Hotels Hotel Montpensier Paris, gelegen im 1. Pariser Viertel, 5 Gehminuten vom Louvre, dem Palais Royal und der Oper entfernt\" \/>\n<meta property=\"og:url\" content=\"https:\/\/www.hotelmontpensierparis.com\/de\/tourismus-hotel-montpensier-paris-louvre\/\" \/>\n<meta property=\"og:site_name\" content=\"H\u00f4tel Montpensier Paris\" \/>\n<meta property=\"article:modified_time\" content=\"2022-10-04T10:11:31+00:00\" \/>\n<meta name=\"twitter:card\" content=\"summary_large_image\" \/>\n<meta name=\"twitter:label1\" content=\"Gesch\u00e4tzte Lesezeit\" \/>\n\t<meta name=\"twitter:data1\" content=\"3\u00a0Minuten\" \/>\n<script type=\"application\/ld+json\" class=\"yoast-schema-graph\">{\"@context\":\"https:\/\/schema.org\",\"@graph\":[{\"@type\":\"WebPage\",\"@id\":\"https:\/\/www.hotelmontpensierparis.com\/de\/tourismus-hotel-montpensier-paris-louvre\/\",\"url\":\"https:\/\/www.hotelmontpensierparis.com\/de\/tourismus-hotel-montpensier-paris-louvre\/\",\"name\":\"Hotel Montpensier Paris - Hotel Zentrum Paris. Offizielle Seite\",\"isPartOf\":{\"@id\":\"https:\/\/www.hotelmontpensierparis.com\/en\/#website\"},\"datePublished\":\"2022-09-29T04:59:25+00:00\",\"dateModified\":\"2022-10-04T10:11:31+00:00\",\"description\":\"Offizielle Website des Hotels Hotel Montpensier Paris, gelegen im 1. Pariser Viertel, 5 Gehminuten vom Louvre, dem Palais Royal und der Oper entfernt\",\"breadcrumb\":{\"@id\":\"https:\/\/www.hotelmontpensierparis.com\/de\/tourismus-hotel-montpensier-paris-louvre\/#breadcrumb\"},\"inLanguage\":\"de\",\"potentialAction\":[{\"@type\":\"ReadAction\",\"target\":[\"https:\/\/www.hotelmontpensierparis.com\/de\/tourismus-hotel-montpensier-paris-louvre\/\"]}]},{\"@type\":\"BreadcrumbList\",\"@id\":\"https:\/\/www.hotelmontpensierparis.com\/de\/tourismus-hotel-montpensier-paris-louvre\/#breadcrumb\",\"itemListElement\":[{\"@type\":\"ListItem\",\"position\":1,\"name\":\"Accueil\",\"item\":\"https:\/\/www.hotelmontpensierparis.com\/de\/\"},{\"@type\":\"ListItem\",\"position\":2,\"name\":\"Tourisme\"}]},{\"@type\":\"WebSite\",\"@id\":\"https:\/\/www.hotelmontpensierparis.com\/en\/#website\",\"url\":\"https:\/\/www.hotelmontpensierparis.com\/en\/\",\"name\":\"H\u00f4tel Montpensier Paris\",\"description\":\"H\u00f4tel au coeur de Paris\",\"potentialAction\":[{\"@type\":\"SearchAction\",\"target\":{\"@type\":\"EntryPoint\",\"urlTemplate\":\"https:\/\/www.hotelmontpensierparis.com\/en\/?s={search_term_string}\"},\"query-input\":\"required name=search_term_string\"}],\"inLanguage\":\"de\"}]}<\/script>\n<!-- \/ Yoast SEO plugin. -->","yoast_head_json":{"title":"Hotel Montpensier Paris - Hotel Zentrum Paris. Offizielle Seite","description":"Offizielle Website des Hotels Hotel Montpensier Paris, gelegen im 1. Pariser Viertel, 5 Gehminuten vom Louvre, dem Palais Royal und der Oper entfernt","robots":{"index":"index","follow":"follow","max-snippet":"max-snippet:-1","max-image-preview":"max-image-preview:large","max-video-preview":"max-video-preview:-1"},"canonical":"https:\/\/www.hotelmontpensierparis.com\/de\/tourismus-hotel-montpensier-paris-louvre\/","og_locale":"de_DE","og_type":"article","og_title":"Hotel Montpensier Paris - Hotel Zentrum Paris. Offizielle Seite","og_description":"Offizielle Website des Hotels Hotel Montpensier Paris, gelegen im 1. Pariser Viertel, 5 Gehminuten vom Louvre, dem Palais Royal und der Oper entfernt","og_url":"https:\/\/www.hotelmontpensierparis.com\/de\/tourismus-hotel-montpensier-paris-louvre\/","og_site_name":"H\u00f4tel Montpensier Paris","article_modified_time":"2022-10-04T10:11:31+00:00","twitter_card":"summary_large_image","twitter_misc":{"Gesch\u00e4tzte Lesezeit":"3\u00a0Minuten"},"schema":{"@context":"https:\/\/schema.org","@graph":[{"@type":"WebPage","@id":"https:\/\/www.hotelmontpensierparis.com\/de\/tourismus-hotel-montpensier-paris-louvre\/","url":"https:\/\/www.hotelmontpensierparis.com\/de\/tourismus-hotel-montpensier-paris-louvre\/","name":"Hotel Montpensier Paris - Hotel Zentrum Paris. Offizielle Seite","isPartOf":{"@id":"https:\/\/www.hotelmontpensierparis.com\/en\/#website"},"datePublished":"2022-09-29T04:59:25+00:00","dateModified":"2022-10-04T10:11:31+00:00","description":"Offizielle Website des Hotels Hotel Montpensier Paris, gelegen im 1. Pariser Viertel, 5 Gehminuten vom Louvre, dem Palais Royal und der Oper entfernt","breadcrumb":{"@id":"https:\/\/www.hotelmontpensierparis.com\/de\/tourismus-hotel-montpensier-paris-louvre\/#breadcrumb"},"inLanguage":"de","potentialAction":[{"@type":"ReadAction","target":["https:\/\/www.hotelmontpensierparis.com\/de\/tourismus-hotel-montpensier-paris-louvre\/"]}]},{"@type":"BreadcrumbList","@id":"https:\/\/www.hotelmontpensierparis.com\/de\/tourismus-hotel-montpensier-paris-louvre\/#breadcrumb","itemListElement":[{"@type":"ListItem","position":1,"name":"Accueil","item":"https:\/\/www.hotelmontpensierparis.com\/de\/"},{"@type":"ListItem","position":2,"name":"Tourisme"}]},{"@type":"WebSite","@id":"https:\/\/www.hotelmontpensierparis.com\/en\/#website","url":"https:\/\/www.hotelmontpensierparis.com\/en\/","name":"H\u00f4tel Montpensier Paris","description":"H\u00f4tel au coeur de Paris","potentialAction":[{"@type":"SearchAction","target":{"@type":"EntryPoint","urlTemplate":"https:\/\/www.hotelmontpensierparis.com\/en\/?s={search_term_string}"},"query-input":"required name=search_term_string"}],"inLanguage":"de"}]}},"_links":{"self":[{"href":"https:\/\/www.hotelmontpensierparis.com\/de\/wp-json\/wp\/v2\/pages\/780","targetHints":{"allow":["GET"]}}],"collection":[{"href":"https:\/\/www.hotelmontpensierparis.com\/de\/wp-json\/wp\/v2\/pages"}],"about":[{"href":"https:\/\/www.hotelmontpensierparis.com\/de\/wp-json\/wp\/v2\/types\/page"}],"author":[{"embeddable":true,"href":"https:\/\/www.hotelmontpensierparis.com\/de\/wp-json\/wp\/v2\/users\/1"}],"replies":[{"embeddable":true,"href":"https:\/\/www.hotelmontpensierparis.com\/de\/wp-json\/wp\/v2\/comments?post=780"}],"version-history":[{"count":2,"href":"https:\/\/www.hotelmontpensierparis.com\/de\/wp-json\/wp\/v2\/pages\/780\/revisions"}],"predecessor-version":[{"id":957,"href":"https:\/\/www.hotelmontpensierparis.com\/de\/wp-json\/wp\/v2\/pages\/780\/revisions\/957"}],"wp:attachment":[{"href":"https:\/\/www.hotelmontpensierparis.com\/de\/wp-json\/wp\/v2\/media?parent=780"}],"curies":[{"name":"wp","href":"https:\/\/api.w.org\/{rel}","templated":true}]}}