{"id":756,"date":"2022-09-28T16:11:44","date_gmt":"2022-09-28T14:11:44","guid":{"rendered":"https:\/\/www.hotelmontpensierparis.com\/new\/chambres-triple-hotel-montpensier-paris\/"},"modified":"2022-10-04T11:58:01","modified_gmt":"2022-10-04T09:58:01","slug":"dreibettzimmer-hotel-montpensier-paris","status":"publish","type":"page","link":"https:\/\/www.hotelmontpensierparis.com\/de\/dreibettzimmer-hotel-montpensier-paris\/","title":{"rendered":"Chambres triple"},"content":{"rendered":"\n\t<section class=\"section\" id=\"section_2072669360\">\n\t\t<div class=\"bg section-bg fill bg-fill  bg-loaded\" >\n\n\t\t\t\n\t\t\t\n\t\t\t\n\n\t\t<\/div>\n\n\t\t\n\n\t\t<div class=\"section-content relative\">\n\t\t\t\n\n<div class=\"slider-wrapper relative\" id=\"slider-1401180565\" >\n    <div class=\"slider slider-nav-circle slider-nav-large slider-nav-light slider-style-normal\"\n        data-flickity-options='{\n            \"cellAlign\": \"center\",\n            \"imagesLoaded\": true,\n            \"lazyLoad\": 1,\n            \"freeScroll\": false,\n            \"wrapAround\": true,\n            \"autoPlay\": 6000,\n            \"pauseAutoPlayOnHover\" : true,\n            \"prevNextButtons\": true,\n            \"contain\" : true,\n            \"adaptiveHeight\" : true,\n            \"dragThreshold\" : 10,\n            \"percentPosition\": true,\n            \"pageDots\": true,\n            \"rightToLeft\": false,\n            \"draggable\": true,\n            \"selectedAttraction\": 0.1,\n            \"parallax\" : 0,\n            \"friction\": 0.6        }'\n        >\n        \n\n\n  <div class=\"banner has-hover\" id=\"banner-1899979260\">\n          <div class=\"banner-inner fill\">\n        <div class=\"banner-bg fill\" >\n            <div class=\"bg fill bg-fill \"><\/div>\n                                    \n                    <\/div>\n\t\t\n        <div class=\"banner-layers container\">\n            <div class=\"fill banner-link\"><\/div>            \n\n   <div id=\"text-box-657640135\" class=\"text-box banner-layer x50 md-x50 lg-x50 y50 md-y50 lg-y50 res-text\">\n                                <div class=\"text-box-content text dark\">\n              \n              <div class=\"text-inner text-center\">\n                  \n\n\n              <\/div>\n           <\/div>\n                            \n<style>\n#text-box-657640135 {\n  width: 60%;\n}\n#text-box-657640135 .text-box-content {\n  font-size: 100%;\n}\n<\/style>\n    <\/div>\n \n\n        <\/div>\n      <\/div>\n\n            \n<style>\n#banner-1899979260 {\n  padding-top: 50%;\n}\n#banner-1899979260 .bg.bg-loaded {\n  background-image: url(https:\/\/www.hotelmontpensierparis.com\/wp-content\/uploads\/2022\/09\/CHAMBRE34_1.jpg);\n}\n#banner-1899979260 .ux-shape-divider--top svg {\n  height: 150px;\n  --divider-top-width: 100%;\n}\n#banner-1899979260 .ux-shape-divider--bottom svg {\n  height: 150px;\n  --divider-width: 100%;\n}\n<\/style>\n  <\/div>\n\n\n\n  <div class=\"banner has-hover\" id=\"banner-197186224\">\n          <div class=\"banner-inner fill\">\n        <div class=\"banner-bg fill\" >\n            <div class=\"bg fill bg-fill \"><\/div>\n                                    \n                    <\/div>\n\t\t\n        <div class=\"banner-layers container\">\n            <div class=\"fill banner-link\"><\/div>            \n\n   <div id=\"text-box-697139931\" class=\"text-box banner-layer x50 md-x50 lg-x50 y50 md-y50 lg-y50 res-text\">\n                                <div class=\"text-box-content text dark\">\n              \n              <div class=\"text-inner text-center\">\n                  \n\n\n              <\/div>\n           <\/div>\n                            \n<style>\n#text-box-697139931 {\n  width: 60%;\n}\n#text-box-697139931 .text-box-content {\n  font-size: 100%;\n}\n<\/style>\n    <\/div>\n \n\n        <\/div>\n      <\/div>\n\n            \n<style>\n#banner-197186224 {\n  padding-top: 50%;\n}\n#banner-197186224 .bg.bg-loaded {\n  background-image: url(https:\/\/www.hotelmontpensierparis.com\/wp-content\/uploads\/2022\/09\/CHAMBRE34_2.jpg);\n}\n#banner-197186224 .ux-shape-divider--top svg {\n  height: 150px;\n  --divider-top-width: 100%;\n}\n#banner-197186224 .ux-shape-divider--bottom svg {\n  height: 150px;\n  --divider-width: 100%;\n}\n<\/style>\n  <\/div>\n\n\n\n  <div class=\"banner has-hover\" id=\"banner-620620654\">\n          <div class=\"banner-inner fill\">\n        <div class=\"banner-bg fill\" >\n            <div class=\"bg fill bg-fill \"><\/div>\n                                    \n                    <\/div>\n\t\t\n        <div class=\"banner-layers container\">\n            <div class=\"fill banner-link\"><\/div>            \n\n   <div id=\"text-box-1582560330\" class=\"text-box banner-layer x50 md-x50 lg-x50 y50 md-y50 lg-y50 res-text\">\n                                <div class=\"text-box-content text dark\">\n              \n              <div class=\"text-inner text-center\">\n                  \n\n\n              <\/div>\n           <\/div>\n                            \n<style>\n#text-box-1582560330 {\n  width: 60%;\n}\n#text-box-1582560330 .text-box-content {\n  font-size: 100%;\n}\n<\/style>\n    <\/div>\n \n\n        <\/div>\n      <\/div>\n\n            \n<style>\n#banner-620620654 {\n  padding-top: 50%;\n}\n#banner-620620654 .bg.bg-loaded {\n  background-image: url(https:\/\/www.hotelmontpensierparis.com\/wp-content\/uploads\/2022\/09\/CHAMBRE34_5.jpg);\n}\n#banner-620620654 .ux-shape-divider--top svg {\n  height: 150px;\n  --divider-top-width: 100%;\n}\n#banner-620620654 .ux-shape-divider--bottom svg {\n  height: 150px;\n  --divider-width: 100%;\n}\n<\/style>\n  <\/div>\n\n\n\n  <div class=\"banner has-hover\" id=\"banner-318488998\">\n          <div class=\"banner-inner fill\">\n        <div class=\"banner-bg fill\" >\n            <div class=\"bg fill bg-fill \"><\/div>\n                                    \n                    <\/div>\n\t\t\n        <div class=\"banner-layers container\">\n            <div class=\"fill banner-link\"><\/div>            \n\n   <div id=\"text-box-1038286595\" class=\"text-box banner-layer x50 md-x50 lg-x50 y50 md-y50 lg-y50 res-text\">\n                                <div class=\"text-box-content text dark\">\n              \n              <div class=\"text-inner text-center\">\n                  \n\n\n              <\/div>\n           <\/div>\n                            \n<style>\n#text-box-1038286595 {\n  width: 60%;\n}\n#text-box-1038286595 .text-box-content {\n  font-size: 100%;\n}\n<\/style>\n    <\/div>\n \n\n        <\/div>\n      <\/div>\n\n            \n<style>\n#banner-318488998 {\n  padding-top: 50%;\n}\n#banner-318488998 .bg.bg-loaded {\n  background-image: url(https:\/\/www.hotelmontpensierparis.com\/wp-content\/uploads\/2022\/09\/CHAMBRE34_4.jpg);\n}\n#banner-318488998 .ux-shape-divider--top svg {\n  height: 150px;\n  --divider-top-width: 100%;\n}\n#banner-318488998 .ux-shape-divider--bottom svg {\n  height: 150px;\n  --divider-width: 100%;\n}\n<\/style>\n  <\/div>\n\n\n\n  <div class=\"banner has-hover\" id=\"banner-224526\">\n          <div class=\"banner-inner fill\">\n        <div class=\"banner-bg fill\" >\n            <div class=\"bg fill bg-fill \"><\/div>\n                                    \n                    <\/div>\n\t\t\n        <div class=\"banner-layers container\">\n            <div class=\"fill banner-link\"><\/div>            \n\n   <div id=\"text-box-1756673238\" class=\"text-box banner-layer x50 md-x50 lg-x50 y50 md-y50 lg-y50 res-text\">\n                                <div class=\"text-box-content text dark\">\n              \n              <div class=\"text-inner text-center\">\n                  \n\n\n              <\/div>\n           <\/div>\n                            \n<style>\n#text-box-1756673238 {\n  width: 60%;\n}\n#text-box-1756673238 .text-box-content {\n  font-size: 100%;\n}\n<\/style>\n    <\/div>\n \n\n        <\/div>\n      <\/div>\n\n            \n<style>\n#banner-224526 {\n  padding-top: 50%;\n}\n#banner-224526 .bg.bg-loaded {\n  background-image: url(https:\/\/www.hotelmontpensierparis.com\/wp-content\/uploads\/2022\/09\/CHAMBRE34_10.jpg);\n}\n#banner-224526 .ux-shape-divider--top svg {\n  height: 150px;\n  --divider-top-width: 100%;\n}\n#banner-224526 .ux-shape-divider--bottom svg {\n  height: 150px;\n  --divider-width: 100%;\n}\n<\/style>\n  <\/div>\n\n\n\n     <\/div>\n\n     <div class=\"loading-spin dark large centered\"><\/div>\n\n     \t<\/div>\n\n\n\n\t\t<\/div>\n\n\t\t\n<style>\n#section_2072669360 {\n  padding-top: 0px;\n  padding-bottom: 0px;\n  min-height: 350px;\n}\n#section_2072669360 .ux-shape-divider--top svg {\n  height: 150px;\n  --divider-top-width: 100%;\n}\n#section_2072669360 .ux-shape-divider--bottom svg {\n  height: 150px;\n  --divider-width: 100%;\n}\n<\/style>\n\t<\/section>\n\t\n\t<section class=\"section\" id=\"section_2074879999\">\n\t\t<div class=\"bg section-bg fill bg-fill  bg-loaded\" >\n\n\t\t\t\n\t\t\t\n\t\t\t\n\n\t\t<\/div>\n\n\t\t\n\n\t\t<div class=\"section-content relative\">\n\t\t\t\n\n<div class=\"row row-collapse\"  id=\"row-2044650463\">\n\n\n\t<div id=\"col-421189233\" class=\"col small-12 large-12\"  data-animate=\"bounceInUp\">\n\t\t\t\t<div class=\"col-inner text-center\"  >\n\t\t\t\n\t\t\t\n\n<h1 style=\"text-align: center;\">DREIBETTZIMMER<\/h1>\n<h2 style=\"text-align: center; font-weight: lighter; font-size: 18px; margin-bottom: 30px;\">3 PERSONEN \/ 1 DOPPELBETT + 1 EINZELBETT<\/h2>\n<p align=\"center\">Alle unsere Zimmer sind mit WC, Direktwahltelefon, Farbfernseher und<br \/>F\u00f6n ausgestattet, mit der M\u00f6glichkeit, individuelle Safes und 3 \u00f6ffentliche Parkpl\u00e4tze f\u00fcr Fahrzeuge bereitzustellen.<\/p>\n\n<a rel=\"noopener noreferrer\" href=\"http:\/\/www.secure-hotel-booking.com\/Hotel-Montpensier\/2MV5\/dateselection?language=DE\" target=\"_blank\" class=\"button secondary is-outline lowercase\"  >\n    <span>Buchen Sie Ihr Zimmer<\/span>\n  <\/a>\n\n\n\n\t\t<\/div>\n\t\t\t\t\t<\/div>\n\n\t\n\n<\/div>\n\n\t\t<\/div>\n\n\t\t\n<style>\n#section_2074879999 {\n  padding-top: 30px;\n  padding-bottom: 30px;\n}\n#section_2074879999 .ux-shape-divider--top svg {\n  height: 150px;\n  --divider-top-width: 100%;\n}\n#section_2074879999 .ux-shape-divider--bottom svg {\n  height: 150px;\n  --divider-width: 100%;\n}\n<\/style>\n\t<\/section>\n\t\n\t<section class=\"section\" id=\"section_161546876\">\n\t\t<div class=\"bg section-bg fill bg-fill  \" >\n\n\t\t\t\n\t\t\t\n\t\t\t\n\n\t\t<\/div>\n\n\t\t\n\n\t\t<div class=\"section-content relative\">\n\t\t\t\n\n<div class=\"row row-collapse\"  id=\"row-1861759498\">\n\n\n\t<div id=\"col-527830608\" class=\"col small-12 large-12\"  data-animate=\"fadeInLeft\">\n\t\t\t\t<div class=\"col-inner\"  >\n\t\t\t\n\t\t\t\n\n<h3 class=\"thin-font\" style=\"text-align: center; font-size:32px; color:#fff;\">Zimmerservice und Ausstattung<\/h3>\n\n\n\t\t<\/div>\n\t\t\t\t\t<\/div>\n\n\t\n\n<\/div>\n\n\t\t<\/div>\n\n\t\t\n<style>\n#section_161546876 {\n  padding-top: 0px;\n  padding-bottom: 0px;\n  min-height: 150px;\n}\n#section_161546876 .section-bg.bg-loaded {\n  background-image: url(https:\/\/www.hotelmontpensierparis.com\/wp-content\/uploads\/2022\/09\/CHAMBRE34_8.jpg);\n}\n#section_161546876 .ux-shape-divider--top svg {\n  height: 150px;\n  --divider-top-width: 100%;\n}\n#section_161546876 .ux-shape-divider--bottom svg {\n  height: 150px;\n  --divider-width: 100%;\n}\n<\/style>\n\t<\/section>\n\t\n\t<section class=\"section\" id=\"section_868771750\">\n\t\t<div class=\"bg section-bg fill bg-fill  bg-loaded\" >\n\n\t\t\t\n\t\t\t\n\t\t\t\n\n\t\t<\/div>\n\n\t\t\n\n\t\t<div class=\"section-content relative\">\n\t\t\t\n\n<div class=\"row row-small\"  id=\"row-2007587112\">\n\n\n\t<div id=\"col-2106678119\" class=\"col medium-6 small-12 large-6\"  data-animate=\"fadeInLeft\">\n\t\t\t\t<div class=\"col-inner\"  >\n\t\t\t\n\t\t\t\n\n<ul>\n<li>Nichtraucher<\/li>\n<li>Privates Badezimmer<\/li>\n<li>Haartrockner<\/li>\n<li>Dusche oder Badewanne<\/li>\n<\/ul>\n\n\n\t\t<\/div>\n\t\t\t\t\t<\/div>\n\n\t\n\n\t<div id=\"col-2043861412\" class=\"col medium-6 small-12 large-6\"  data-animate=\"fadeInRight\">\n\t\t\t\t<div class=\"col-inner\"  >\n\t\t\t\n\t\t\t\n\n<ul>\n<li>Fernsehen<\/li>\n<li>Thematische Kan\u00e4le<\/li>\n<li>Kostenloses WLAN<\/li>\n<li>Wecker<\/li>\n<\/ul>\n\n\n\t\t<\/div>\n\t\t\t\t\t<\/div>\n\n\t\n\n<\/div>\n\n\t\t<\/div>\n\n\t\t\n<style>\n#section_868771750 {\n  padding-top: 30px;\n  padding-bottom: 30px;\n}\n#section_868771750 .ux-shape-divider--top svg {\n  height: 150px;\n  --divider-top-width: 100%;\n}\n#section_868771750 .ux-shape-divider--bottom svg {\n  height: 150px;\n  --divider-width: 100%;\n}\n<\/style>\n\t<\/section>\n\t\n\n","protected":false},"excerpt":{"rendered":"","protected":false},"author":1,"featured_media":0,"parent":0,"menu_order":0,"comment_status":"closed","ping_status":"closed","template":"page-blank.php","meta":{"footnotes":""},"class_list":["post-756","page","type-page","status-publish","hentry"],"yoast_head":"<!-- This site is optimized with the Yoast SEO plugin v20.10 - https:\/\/yoast.com\/wordpress\/plugins\/seo\/ -->\n<title>Die Dreibettzimmer des Hotel Montpensier Paris<\/title>\n<meta name=\"description\" content=\"Die Dreibettzimmer des Hotels Montpensier Paris Louvre. Die 43 Zimmer des Hotels sind ideal f\u00fcr einen Aufenthalt im Herzen von Paris\" \/>\n<meta name=\"robots\" content=\"index, follow, max-snippet:-1, max-image-preview:large, max-video-preview:-1\" \/>\n<link rel=\"canonical\" href=\"https:\/\/www.hotelmontpensierparis.com\/de\/dreibettzimmer-hotel-montpensier-paris\/\" \/>\n<meta property=\"og:locale\" content=\"de_DE\" \/>\n<meta property=\"og:type\" content=\"article\" \/>\n<meta property=\"og:title\" content=\"Die Dreibettzimmer des Hotel Montpensier Paris\" \/>\n<meta property=\"og:description\" content=\"Die Dreibettzimmer des Hotels Montpensier Paris Louvre. Die 43 Zimmer des Hotels sind ideal f\u00fcr einen Aufenthalt im Herzen von Paris\" \/>\n<meta property=\"og:url\" content=\"https:\/\/www.hotelmontpensierparis.com\/de\/dreibettzimmer-hotel-montpensier-paris\/\" \/>\n<meta property=\"og:site_name\" content=\"H\u00f4tel Montpensier Paris\" \/>\n<meta property=\"article:modified_time\" content=\"2022-10-04T09:58:01+00:00\" \/>\n<meta name=\"twitter:card\" content=\"summary_large_image\" \/>\n<meta name=\"twitter:label1\" content=\"Gesch\u00e4tzte Lesezeit\" \/>\n\t<meta name=\"twitter:data1\" content=\"1\u00a0Minute\" \/>\n<script type=\"application\/ld+json\" class=\"yoast-schema-graph\">{\"@context\":\"https:\/\/schema.org\",\"@graph\":[{\"@type\":\"WebPage\",\"@id\":\"https:\/\/www.hotelmontpensierparis.com\/de\/dreibettzimmer-hotel-montpensier-paris\/\",\"url\":\"https:\/\/www.hotelmontpensierparis.com\/de\/dreibettzimmer-hotel-montpensier-paris\/\",\"name\":\"Die Dreibettzimmer des Hotel Montpensier Paris\",\"isPartOf\":{\"@id\":\"https:\/\/www.hotelmontpensierparis.com\/en\/#website\"},\"datePublished\":\"2022-09-28T14:11:44+00:00\",\"dateModified\":\"2022-10-04T09:58:01+00:00\",\"description\":\"Die Dreibettzimmer des Hotels Montpensier Paris Louvre. Die 43 Zimmer des Hotels sind ideal f\u00fcr einen Aufenthalt im Herzen von Paris\",\"breadcrumb\":{\"@id\":\"https:\/\/www.hotelmontpensierparis.com\/de\/dreibettzimmer-hotel-montpensier-paris\/#breadcrumb\"},\"inLanguage\":\"de\",\"potentialAction\":[{\"@type\":\"ReadAction\",\"target\":[\"https:\/\/www.hotelmontpensierparis.com\/de\/dreibettzimmer-hotel-montpensier-paris\/\"]}]},{\"@type\":\"BreadcrumbList\",\"@id\":\"https:\/\/www.hotelmontpensierparis.com\/de\/dreibettzimmer-hotel-montpensier-paris\/#breadcrumb\",\"itemListElement\":[{\"@type\":\"ListItem\",\"position\":1,\"name\":\"Accueil\",\"item\":\"https:\/\/www.hotelmontpensierparis.com\/de\/\"},{\"@type\":\"ListItem\",\"position\":2,\"name\":\"Chambres triple\"}]},{\"@type\":\"WebSite\",\"@id\":\"https:\/\/www.hotelmontpensierparis.com\/en\/#website\",\"url\":\"https:\/\/www.hotelmontpensierparis.com\/en\/\",\"name\":\"H\u00f4tel Montpensier Paris\",\"description\":\"H\u00f4tel au coeur de Paris\",\"potentialAction\":[{\"@type\":\"SearchAction\",\"target\":{\"@type\":\"EntryPoint\",\"urlTemplate\":\"https:\/\/www.hotelmontpensierparis.com\/en\/?s={search_term_string}\"},\"query-input\":\"required name=search_term_string\"}],\"inLanguage\":\"de\"}]}<\/script>\n<!-- \/ Yoast SEO plugin. -->","yoast_head_json":{"title":"Die Dreibettzimmer des Hotel Montpensier Paris","description":"Die Dreibettzimmer des Hotels Montpensier Paris Louvre. Die 43 Zimmer des Hotels sind ideal f\u00fcr einen Aufenthalt im Herzen von Paris","robots":{"index":"index","follow":"follow","max-snippet":"max-snippet:-1","max-image-preview":"max-image-preview:large","max-video-preview":"max-video-preview:-1"},"canonical":"https:\/\/www.hotelmontpensierparis.com\/de\/dreibettzimmer-hotel-montpensier-paris\/","og_locale":"de_DE","og_type":"article","og_title":"Die Dreibettzimmer des Hotel Montpensier Paris","og_description":"Die Dreibettzimmer des Hotels Montpensier Paris Louvre. Die 43 Zimmer des Hotels sind ideal f\u00fcr einen Aufenthalt im Herzen von Paris","og_url":"https:\/\/www.hotelmontpensierparis.com\/de\/dreibettzimmer-hotel-montpensier-paris\/","og_site_name":"H\u00f4tel Montpensier Paris","article_modified_time":"2022-10-04T09:58:01+00:00","twitter_card":"summary_large_image","twitter_misc":{"Gesch\u00e4tzte Lesezeit":"1\u00a0Minute"},"schema":{"@context":"https:\/\/schema.org","@graph":[{"@type":"WebPage","@id":"https:\/\/www.hotelmontpensierparis.com\/de\/dreibettzimmer-hotel-montpensier-paris\/","url":"https:\/\/www.hotelmontpensierparis.com\/de\/dreibettzimmer-hotel-montpensier-paris\/","name":"Die Dreibettzimmer des Hotel Montpensier Paris","isPartOf":{"@id":"https:\/\/www.hotelmontpensierparis.com\/en\/#website"},"datePublished":"2022-09-28T14:11:44+00:00","dateModified":"2022-10-04T09:58:01+00:00","description":"Die Dreibettzimmer des Hotels Montpensier Paris Louvre. Die 43 Zimmer des Hotels sind ideal f\u00fcr einen Aufenthalt im Herzen von Paris","breadcrumb":{"@id":"https:\/\/www.hotelmontpensierparis.com\/de\/dreibettzimmer-hotel-montpensier-paris\/#breadcrumb"},"inLanguage":"de","potentialAction":[{"@type":"ReadAction","target":["https:\/\/www.hotelmontpensierparis.com\/de\/dreibettzimmer-hotel-montpensier-paris\/"]}]},{"@type":"BreadcrumbList","@id":"https:\/\/www.hotelmontpensierparis.com\/de\/dreibettzimmer-hotel-montpensier-paris\/#breadcrumb","itemListElement":[{"@type":"ListItem","position":1,"name":"Accueil","item":"https:\/\/www.hotelmontpensierparis.com\/de\/"},{"@type":"ListItem","position":2,"name":"Chambres triple"}]},{"@type":"WebSite","@id":"https:\/\/www.hotelmontpensierparis.com\/en\/#website","url":"https:\/\/www.hotelmontpensierparis.com\/en\/","name":"H\u00f4tel Montpensier Paris","description":"H\u00f4tel au coeur de Paris","potentialAction":[{"@type":"SearchAction","target":{"@type":"EntryPoint","urlTemplate":"https:\/\/www.hotelmontpensierparis.com\/en\/?s={search_term_string}"},"query-input":"required name=search_term_string"}],"inLanguage":"de"}]}},"_links":{"self":[{"href":"https:\/\/www.hotelmontpensierparis.com\/de\/wp-json\/wp\/v2\/pages\/756","targetHints":{"allow":["GET"]}}],"collection":[{"href":"https:\/\/www.hotelmontpensierparis.com\/de\/wp-json\/wp\/v2\/pages"}],"about":[{"href":"https:\/\/www.hotelmontpensierparis.com\/de\/wp-json\/wp\/v2\/types\/page"}],"author":[{"embeddable":true,"href":"https:\/\/www.hotelmontpensierparis.com\/de\/wp-json\/wp\/v2\/users\/1"}],"replies":[{"embeddable":true,"href":"https:\/\/www.hotelmontpensierparis.com\/de\/wp-json\/wp\/v2\/comments?post=756"}],"version-history":[{"count":2,"href":"https:\/\/www.hotelmontpensierparis.com\/de\/wp-json\/wp\/v2\/pages\/756\/revisions"}],"predecessor-version":[{"id":948,"href":"https:\/\/www.hotelmontpensierparis.com\/de\/wp-json\/wp\/v2\/pages\/756\/revisions\/948"}],"wp:attachment":[{"href":"https:\/\/www.hotelmontpensierparis.com\/de\/wp-json\/wp\/v2\/media?parent=756"}],"curies":[{"name":"wp","href":"https:\/\/api.w.org\/{rel}","templated":true}]}}