{"id":738,"date":"2022-09-27T17:13:39","date_gmt":"2022-09-27T15:13:39","guid":{"rendered":"https:\/\/www.hotelmontpensierparis.com\/new\/chambres-hotel-montpensier-paris\/"},"modified":"2022-10-04T12:04:32","modified_gmt":"2022-10-04T10:04:32","slug":"zimmer-hotel-montpensier-paris","status":"publish","type":"page","link":"https:\/\/www.hotelmontpensierparis.com\/de\/zimmer-hotel-montpensier-paris\/","title":{"rendered":"Chambres"},"content":{"rendered":"\n\t<section class=\"section\" id=\"section_250744030\">\n\t\t<div class=\"bg section-bg fill bg-fill  \" >\n\n\t\t\t\n\t\t\t\n\t\t\t\n\n\t\t<\/div>\n\n\t\t\n\n\t\t<div class=\"section-content relative\">\n\t\t\t\n\n\n\t\t<\/div>\n\n\t\t\n<style>\n#section_250744030 {\n  padding-top: 0px;\n  padding-bottom: 0px;\n  min-height: 350px;\n}\n#section_250744030 .section-bg.bg-loaded {\n  background-image: url(https:\/\/www.hotelmontpensierparis.com\/wp-content\/uploads\/2022\/09\/hotel-montpensierparis-room-home.jpg);\n}\n#section_250744030 .ux-shape-divider--top svg {\n  height: 150px;\n  --divider-top-width: 100%;\n}\n#section_250744030 .ux-shape-divider--bottom svg {\n  height: 150px;\n  --divider-width: 100%;\n}\n<\/style>\n\t<\/section>\n\t\n\t<section class=\"section\" id=\"section_965630920\">\n\t\t<div class=\"bg section-bg fill bg-fill  bg-loaded\" >\n\n\t\t\t\n\t\t\t\n\t\t\t\n\n\t\t<\/div>\n\n\t\t\n\n\t\t<div class=\"section-content relative\">\n\t\t\t\n\n<div class=\"row row-collapse\"  id=\"row-1819897022\">\n\n\n\t<div id=\"col-481806807\" class=\"col small-12 large-12\"  data-animate=\"bounceInUp\">\n\t\t\t\t<div class=\"col-inner\"  >\n\t\t\t\n\t\t\t\n\n<h1 style=\"text-align: center;\">UNSERE ZIMMER<\/h1>\n<h2 style=\"text-align: center; font-weight: lighter; font-size: 18px; margin-bottom: 30px;\">EINE BREITE AUSWAHL AN KAMMERKAPAZIT\u00c4TEN, UM IHRE BED\u00dcRFNISSE ZU ERF\u00dcLLEN.<\/h2>\n<p align=\"center\">Die&nbsp;<strong>Zimmer<\/strong>&nbsp;des Hotel Montpensier Paris sind ausgestattet mit Haartrockner, Sat-TV, Safe an der Rezeption, Doppelverglasung. Breitbandinternet.<\/p>\n<p align=\"center\">Unser Team steht Ihnen gerne zur Verf\u00fcgung, um Ihren Aufenthalt so angenehm wie m\u00f6glich zu gestalten.<\/p>\n<p align=\"center\">Das Hotel verf\u00fcgt \u00fcber ein Zimmer f\u00fcr Personen mit eingeschr\u00e4nkter Mobilit\u00e4t.<\/p>\n\n\n\t\t<\/div>\n\t\t\t\t\t<\/div>\n\n\t\n\n<\/div>\n\n\t\t<\/div>\n\n\t\t\n<style>\n#section_965630920 {\n  padding-top: 30px;\n  padding-bottom: 30px;\n}\n#section_965630920 .ux-shape-divider--top svg {\n  height: 150px;\n  --divider-top-width: 100%;\n}\n#section_965630920 .ux-shape-divider--bottom svg {\n  height: 150px;\n  --divider-width: 100%;\n}\n<\/style>\n\t<\/section>\n\t\n<div class=\"row row-small row-full-width\"  id=\"row-1526282616\">\n\n\n\t<div id=\"col-918190076\" class=\"col medium-6 small-12 large-6\"  data-animate=\"fadeInLeft\">\n\t\t\t\t<div class=\"col-inner\"  >\n\t\t\t\n\t\t\t\n\n\t<div class=\"img has-hover x md-x lg-x y md-y lg-y\" id=\"image_1694093500\">\n\t\t<a class=\"\" href=\"https:\/\/www.hotelmontpensierparis.com\/de\/chambres-doubles-hotel-montpensier-paris\/\"  >\t\t\t\t\t\t<div class=\"img-inner image-zoom image-cover box-shadow-3 box-shadow-2-hover dark\" style=\"padding-top:50%;\">\n\t\t\t<img decoding=\"async\" width=\"1020\" height=\"680\" src=\"https:\/\/www.hotelmontpensierparis.com\/wp-content\/uploads\/2022\/09\/hotel-montpensierparis-room-home-1024x683.jpg\" class=\"attachment-large size-large\" alt=\"\" srcset=\"https:\/\/www.hotelmontpensierparis.com\/wp-content\/uploads\/2022\/09\/hotel-montpensierparis-room-home-1024x683.jpg 1024w, https:\/\/www.hotelmontpensierparis.com\/wp-content\/uploads\/2022\/09\/hotel-montpensierparis-room-home-300x200.jpg 300w, https:\/\/www.hotelmontpensierparis.com\/wp-content\/uploads\/2022\/09\/hotel-montpensierparis-room-home-768x512.jpg 768w, https:\/\/www.hotelmontpensierparis.com\/wp-content\/uploads\/2022\/09\/hotel-montpensierparis-room-home.jpg 1500w\" sizes=\"(max-width: 1020px) 100vw, 1020px\" \/>\t\t\t\t\t\t\n\t\t\t\t\t<\/div>\n\t\t\t\t\t\t<\/a>\t\t\n<style>\n#image_1694093500 {\n  width: 100%;\n}\n<\/style>\n\t<\/div>\n\t\n\n<h3 style=\"text-align: center;\"><a href=\"https:\/\/www.hotelmontpensierparis.com\/de\/chambres-doubles-hotel-montpensier-paris\/\">Einzel-\/Doppelzimmer<\/a><\/h3>\n\n\n\t\t<\/div>\n\t\t\t\t\t<\/div>\n\n\t\n\n\t<div id=\"col-317326173\" class=\"col medium-6 small-12 large-6\"  data-animate=\"fadeInRight\">\n\t\t\t\t<div class=\"col-inner\"  >\n\t\t\t\n\t\t\t\n\n\t<div class=\"img has-hover x md-x lg-x y md-y lg-y\" id=\"image_792257713\">\n\t\t<a class=\"\" href=\"https:\/\/www.hotelmontpensierparis.com\/de\/chambres-twin-hotel-montpensier-paris\/\"  >\t\t\t\t\t\t<div class=\"img-inner image-zoom image-cover box-shadow-3 box-shadow-2-hover dark\" style=\"padding-top:50%;\">\n\t\t\t<img decoding=\"async\" width=\"1020\" height=\"680\" src=\"https:\/\/www.hotelmontpensierparis.com\/wp-content\/uploads\/2022\/09\/CHAMBRE35_15-1024x683.jpg\" class=\"attachment-large size-large\" alt=\"\" srcset=\"https:\/\/www.hotelmontpensierparis.com\/wp-content\/uploads\/2022\/09\/CHAMBRE35_15-1024x683.jpg 1024w, https:\/\/www.hotelmontpensierparis.com\/wp-content\/uploads\/2022\/09\/CHAMBRE35_15-300x200.jpg 300w, https:\/\/www.hotelmontpensierparis.com\/wp-content\/uploads\/2022\/09\/CHAMBRE35_15-768x512.jpg 768w, https:\/\/www.hotelmontpensierparis.com\/wp-content\/uploads\/2022\/09\/CHAMBRE35_15.jpg 1500w\" sizes=\"(max-width: 1020px) 100vw, 1020px\" \/>\t\t\t\t\t\t\n\t\t\t\t\t<\/div>\n\t\t\t\t\t\t<\/a>\t\t\n<style>\n#image_792257713 {\n  width: 100%;\n}\n<\/style>\n\t<\/div>\n\t\n\n<h3 style=\"text-align: center;\"><a href=\"https:\/\/www.hotelmontpensierparis.com\/de\/chambres-twin-hotel-montpensier-paris\/\">Zweibettzimmer<\/a><\/h3>\n\n\n\t\t<\/div>\n\t\t\t\t\t<\/div>\n\n\t\n\n\t<div id=\"col-2065067456\" class=\"col medium-6 small-12 large-6\"  data-animate=\"fadeInLeft\">\n\t\t\t\t<div class=\"col-inner\"  >\n\t\t\t\n\t\t\t\n\n\t<div class=\"img has-hover x md-x lg-x y md-y lg-y\" id=\"image_2119401237\">\n\t\t<a class=\"\" href=\"https:\/\/www.hotelmontpensierparis.com\/de\/chambres-triple-hotel-montpensier-paris\/\"  >\t\t\t\t\t\t<div class=\"img-inner image-zoom image-cover box-shadow-3 box-shadow-2-hover dark\" style=\"padding-top:50%;\">\n\t\t\t<img decoding=\"async\" width=\"1020\" height=\"680\" src=\"https:\/\/www.hotelmontpensierparis.com\/wp-content\/uploads\/2022\/09\/CHAMBRE34_1-1024x683.jpg\" class=\"attachment-large size-large\" alt=\"\" srcset=\"https:\/\/www.hotelmontpensierparis.com\/wp-content\/uploads\/2022\/09\/CHAMBRE34_1-1024x683.jpg 1024w, https:\/\/www.hotelmontpensierparis.com\/wp-content\/uploads\/2022\/09\/CHAMBRE34_1-300x200.jpg 300w, https:\/\/www.hotelmontpensierparis.com\/wp-content\/uploads\/2022\/09\/CHAMBRE34_1-768x512.jpg 768w, https:\/\/www.hotelmontpensierparis.com\/wp-content\/uploads\/2022\/09\/CHAMBRE34_1.jpg 1500w\" sizes=\"(max-width: 1020px) 100vw, 1020px\" \/>\t\t\t\t\t\t\n\t\t\t\t\t<\/div>\n\t\t\t\t\t\t<\/a>\t\t\n<style>\n#image_2119401237 {\n  width: 100%;\n}\n<\/style>\n\t<\/div>\n\t\n\n<h3 style=\"text-align: center;\"><a href=\"https:\/\/www.hotelmontpensierparis.com\/de\/chambres-triple-hotel-montpensier-paris\/\">Dreibettzimmer<\/a><\/h3>\n\n\n\t\t<\/div>\n\t\t\t\t\t<\/div>\n\n\t\n\n\t<div id=\"col-995577246\" class=\"col medium-6 small-12 large-6\"  data-animate=\"fadeInLeft\">\n\t\t\t\t<div class=\"col-inner\"  >\n\t\t\t\n\t\t\t\n\n\t<div class=\"img has-hover x md-x lg-x y md-y lg-y\" id=\"image_858528502\">\n\t\t<a class=\"\" href=\"https:\/\/www.hotelmontpensierparis.com\/de\/vierbettzimmer-hotel-montpensier-paris\/\"  >\t\t\t\t\t\t<div class=\"img-inner image-zoom image-cover box-shadow-3 box-shadow-2-hover dark\" style=\"padding-top:50%;\">\n\t\t\t<img decoding=\"async\" width=\"1020\" height=\"680\" src=\"https:\/\/www.hotelmontpensierparis.com\/wp-content\/uploads\/2022\/09\/CHAMBRE23_1-1024x683.jpg\" class=\"attachment-large size-large\" alt=\"\" srcset=\"https:\/\/www.hotelmontpensierparis.com\/wp-content\/uploads\/2022\/09\/CHAMBRE23_1-1024x683.jpg 1024w, https:\/\/www.hotelmontpensierparis.com\/wp-content\/uploads\/2022\/09\/CHAMBRE23_1-300x200.jpg 300w, https:\/\/www.hotelmontpensierparis.com\/wp-content\/uploads\/2022\/09\/CHAMBRE23_1-768x512.jpg 768w, https:\/\/www.hotelmontpensierparis.com\/wp-content\/uploads\/2022\/09\/CHAMBRE23_1.jpg 1500w\" sizes=\"(max-width: 1020px) 100vw, 1020px\" \/>\t\t\t\t\t\t\n\t\t\t\t\t<\/div>\n\t\t\t\t\t\t<\/a>\t\t\n<style>\n#image_858528502 {\n  width: 100%;\n}\n<\/style>\n\t<\/div>\n\t\n\n<h3 style=\"text-align: center;\"><a href=\"https:\/\/www.hotelmontpensierparis.com\/de\/vierbettzimmer-hotel-montpensier-paris\/\">Vierbettzimmer<\/a><\/h3>\n\n\n\t\t<\/div>\n\t\t\t\t\t<\/div>\n\n\t\n\n<\/div>\n\n","protected":false},"excerpt":{"rendered":"","protected":false},"author":1,"featured_media":0,"parent":0,"menu_order":0,"comment_status":"closed","ping_status":"closed","template":"page-blank.php","meta":{"footnotes":""},"class_list":["post-738","page","type-page","status-publish","hentry"],"yoast_head":"<!-- This site is optimized with the Yoast SEO plugin v20.10 - https:\/\/yoast.com\/wordpress\/plugins\/seo\/ -->\n<title>Die Zimmer des Hotels Montpensier Paris Louvre - Free Wifi<\/title>\n<meta name=\"description\" content=\"Die Zimmer des Hotels Montpensier Paris Louvre - Free Wifi. Die 43 Zimmer des Hotels sind ideal f\u00fcr einen Aufenthalt im Herzen von Paris\" \/>\n<meta name=\"robots\" content=\"index, follow, max-snippet:-1, max-image-preview:large, max-video-preview:-1\" \/>\n<link rel=\"canonical\" href=\"https:\/\/www.hotelmontpensierparis.com\/de\/zimmer-hotel-montpensier-paris\/\" \/>\n<meta property=\"og:locale\" content=\"de_DE\" \/>\n<meta property=\"og:type\" content=\"article\" \/>\n<meta property=\"og:title\" content=\"Die Zimmer des Hotels Montpensier Paris Louvre - Free Wifi\" \/>\n<meta property=\"og:description\" content=\"Die Zimmer des Hotels Montpensier Paris Louvre - Free Wifi. Die 43 Zimmer des Hotels sind ideal f\u00fcr einen Aufenthalt im Herzen von Paris\" \/>\n<meta property=\"og:url\" content=\"https:\/\/www.hotelmontpensierparis.com\/de\/zimmer-hotel-montpensier-paris\/\" \/>\n<meta property=\"og:site_name\" content=\"H\u00f4tel Montpensier Paris\" \/>\n<meta property=\"article:modified_time\" content=\"2022-10-04T10:04:32+00:00\" \/>\n<meta name=\"twitter:card\" content=\"summary_large_image\" \/>\n<meta name=\"twitter:label1\" content=\"Gesch\u00e4tzte Lesezeit\" \/>\n\t<meta name=\"twitter:data1\" content=\"1\u00a0Minute\" \/>\n<script type=\"application\/ld+json\" class=\"yoast-schema-graph\">{\"@context\":\"https:\/\/schema.org\",\"@graph\":[{\"@type\":\"WebPage\",\"@id\":\"https:\/\/www.hotelmontpensierparis.com\/de\/zimmer-hotel-montpensier-paris\/\",\"url\":\"https:\/\/www.hotelmontpensierparis.com\/de\/zimmer-hotel-montpensier-paris\/\",\"name\":\"Die Zimmer des Hotels Montpensier Paris Louvre - Free Wifi\",\"isPartOf\":{\"@id\":\"https:\/\/www.hotelmontpensierparis.com\/en\/#website\"},\"datePublished\":\"2022-09-27T15:13:39+00:00\",\"dateModified\":\"2022-10-04T10:04:32+00:00\",\"description\":\"Die Zimmer des Hotels Montpensier Paris Louvre - Free Wifi. Die 43 Zimmer des Hotels sind ideal f\u00fcr einen Aufenthalt im Herzen von Paris\",\"breadcrumb\":{\"@id\":\"https:\/\/www.hotelmontpensierparis.com\/de\/zimmer-hotel-montpensier-paris\/#breadcrumb\"},\"inLanguage\":\"de\",\"potentialAction\":[{\"@type\":\"ReadAction\",\"target\":[\"https:\/\/www.hotelmontpensierparis.com\/de\/zimmer-hotel-montpensier-paris\/\"]}]},{\"@type\":\"BreadcrumbList\",\"@id\":\"https:\/\/www.hotelmontpensierparis.com\/de\/zimmer-hotel-montpensier-paris\/#breadcrumb\",\"itemListElement\":[{\"@type\":\"ListItem\",\"position\":1,\"name\":\"Accueil\",\"item\":\"https:\/\/www.hotelmontpensierparis.com\/de\/\"},{\"@type\":\"ListItem\",\"position\":2,\"name\":\"Chambres\"}]},{\"@type\":\"WebSite\",\"@id\":\"https:\/\/www.hotelmontpensierparis.com\/en\/#website\",\"url\":\"https:\/\/www.hotelmontpensierparis.com\/en\/\",\"name\":\"H\u00f4tel Montpensier Paris\",\"description\":\"H\u00f4tel au coeur de Paris\",\"potentialAction\":[{\"@type\":\"SearchAction\",\"target\":{\"@type\":\"EntryPoint\",\"urlTemplate\":\"https:\/\/www.hotelmontpensierparis.com\/en\/?s={search_term_string}\"},\"query-input\":\"required name=search_term_string\"}],\"inLanguage\":\"de\"}]}<\/script>\n<!-- \/ Yoast SEO plugin. -->","yoast_head_json":{"title":"Die Zimmer des Hotels Montpensier Paris Louvre - Free Wifi","description":"Die Zimmer des Hotels Montpensier Paris Louvre - Free Wifi. Die 43 Zimmer des Hotels sind ideal f\u00fcr einen Aufenthalt im Herzen von Paris","robots":{"index":"index","follow":"follow","max-snippet":"max-snippet:-1","max-image-preview":"max-image-preview:large","max-video-preview":"max-video-preview:-1"},"canonical":"https:\/\/www.hotelmontpensierparis.com\/de\/zimmer-hotel-montpensier-paris\/","og_locale":"de_DE","og_type":"article","og_title":"Die Zimmer des Hotels Montpensier Paris Louvre - Free Wifi","og_description":"Die Zimmer des Hotels Montpensier Paris Louvre - Free Wifi. Die 43 Zimmer des Hotels sind ideal f\u00fcr einen Aufenthalt im Herzen von Paris","og_url":"https:\/\/www.hotelmontpensierparis.com\/de\/zimmer-hotel-montpensier-paris\/","og_site_name":"H\u00f4tel Montpensier Paris","article_modified_time":"2022-10-04T10:04:32+00:00","twitter_card":"summary_large_image","twitter_misc":{"Gesch\u00e4tzte Lesezeit":"1\u00a0Minute"},"schema":{"@context":"https:\/\/schema.org","@graph":[{"@type":"WebPage","@id":"https:\/\/www.hotelmontpensierparis.com\/de\/zimmer-hotel-montpensier-paris\/","url":"https:\/\/www.hotelmontpensierparis.com\/de\/zimmer-hotel-montpensier-paris\/","name":"Die Zimmer des Hotels Montpensier Paris Louvre - Free Wifi","isPartOf":{"@id":"https:\/\/www.hotelmontpensierparis.com\/en\/#website"},"datePublished":"2022-09-27T15:13:39+00:00","dateModified":"2022-10-04T10:04:32+00:00","description":"Die Zimmer des Hotels Montpensier Paris Louvre - Free Wifi. Die 43 Zimmer des Hotels sind ideal f\u00fcr einen Aufenthalt im Herzen von Paris","breadcrumb":{"@id":"https:\/\/www.hotelmontpensierparis.com\/de\/zimmer-hotel-montpensier-paris\/#breadcrumb"},"inLanguage":"de","potentialAction":[{"@type":"ReadAction","target":["https:\/\/www.hotelmontpensierparis.com\/de\/zimmer-hotel-montpensier-paris\/"]}]},{"@type":"BreadcrumbList","@id":"https:\/\/www.hotelmontpensierparis.com\/de\/zimmer-hotel-montpensier-paris\/#breadcrumb","itemListElement":[{"@type":"ListItem","position":1,"name":"Accueil","item":"https:\/\/www.hotelmontpensierparis.com\/de\/"},{"@type":"ListItem","position":2,"name":"Chambres"}]},{"@type":"WebSite","@id":"https:\/\/www.hotelmontpensierparis.com\/en\/#website","url":"https:\/\/www.hotelmontpensierparis.com\/en\/","name":"H\u00f4tel Montpensier Paris","description":"H\u00f4tel au coeur de Paris","potentialAction":[{"@type":"SearchAction","target":{"@type":"EntryPoint","urlTemplate":"https:\/\/www.hotelmontpensierparis.com\/en\/?s={search_term_string}"},"query-input":"required name=search_term_string"}],"inLanguage":"de"}]}},"_links":{"self":[{"href":"https:\/\/www.hotelmontpensierparis.com\/de\/wp-json\/wp\/v2\/pages\/738","targetHints":{"allow":["GET"]}}],"collection":[{"href":"https:\/\/www.hotelmontpensierparis.com\/de\/wp-json\/wp\/v2\/pages"}],"about":[{"href":"https:\/\/www.hotelmontpensierparis.com\/de\/wp-json\/wp\/v2\/types\/page"}],"author":[{"embeddable":true,"href":"https:\/\/www.hotelmontpensierparis.com\/de\/wp-json\/wp\/v2\/users\/1"}],"replies":[{"embeddable":true,"href":"https:\/\/www.hotelmontpensierparis.com\/de\/wp-json\/wp\/v2\/comments?post=738"}],"version-history":[{"count":2,"href":"https:\/\/www.hotelmontpensierparis.com\/de\/wp-json\/wp\/v2\/pages\/738\/revisions"}],"predecessor-version":[{"id":952,"href":"https:\/\/www.hotelmontpensierparis.com\/de\/wp-json\/wp\/v2\/pages\/738\/revisions\/952"}],"wp:attachment":[{"href":"https:\/\/www.hotelmontpensierparis.com\/de\/wp-json\/wp\/v2\/media?parent=738"}],"curies":[{"name":"wp","href":"https:\/\/api.w.org\/{rel}","templated":true}]}}