{"id":732,"date":"2022-09-23T12:21:11","date_gmt":"2022-09-23T10:21:11","guid":{"rendered":"https:\/\/www.hotelmontpensierparis.com\/new\/accueil\/"},"modified":"2022-10-04T16:38:56","modified_gmt":"2022-10-04T14:38:56","slug":"hotel","status":"publish","type":"page","link":"https:\/\/www.hotelmontpensierparis.com\/de\/","title":{"rendered":"Accueil"},"content":{"rendered":"\n\t<section class=\"section\" id=\"section_1307694096\">\n\t\t<div class=\"bg section-bg fill bg-fill  bg-loaded\" >\n\n\t\t\t\n\t\t\t\n\t\t\t\n\n\t\t<\/div>\n\n\t\t\n\n\t\t<div class=\"section-content relative\">\n\t\t\t\n\n  <div class=\"banner-grid-wrapper\">\n  <div id=\"banner-grid-1739079354\" class=\"banner-grid row row-grid row-xsmall row-full-width\" data-packery-options=\"\">\n                      \n\n<div class=\"col grid-col small-12 large-6 grid-col-2-3\" data-animate=\"fadeInLeft\"><div class=\"col-inner\">\n\n\n  <div class=\"banner has-hover bg-zoom\" id=\"banner-511050774\">\n          <div class=\"banner-inner fill\">\n        <div class=\"banner-bg fill\" >\n            <div class=\"bg fill bg-fill \"><\/div>\n                                    \n                    <\/div>\n\t\t\n        <div class=\"banner-layers container\">\n            <a class=\"fill\" href=\"https:\/\/www.hotelmontpensierparis.com\/de\/zimmer-hotel-montpensier-paris\/\"  ><div class=\"fill banner-link\"><\/div><\/a>            \n\n   <div id=\"text-box-1068528825\" class=\"text-box banner-layer x50 md-x50 lg-x50 y90 md-y90 lg-y90 res-text\">\n                                <div class=\"text-box-content text dark\">\n              \n              <div class=\"text-inner text-center\">\n                  \n\n<h3 class=\"uppercase\"><strong><a href=\"https:\/\/www.hotelmontpensierparis.com\/de\/zimmer-hotel-montpensier-paris\/\">UNSERE ZIMMER<\/a><\/strong><\/h3>\n\n\n              <\/div>\n           <\/div>\n                            \n<style>\n#text-box-1068528825 {\n  width: 60%;\n}\n#text-box-1068528825 .text-box-content {\n  font-size: 100%;\n}\n<\/style>\n    <\/div>\n \n\n        <\/div>\n      <\/div>\n\n              <div class=\"height-fix is-invisible\"><img decoding=\"async\" width=\"1020\" height=\"680\" src=\"https:\/\/www.hotelmontpensierparis.com\/wp-content\/uploads\/2022\/09\/hotel-montpensierparis-room-home-1024x683.jpg\" class=\"attachment-large size-large\" alt=\"\" srcset=\"https:\/\/www.hotelmontpensierparis.com\/wp-content\/uploads\/2022\/09\/hotel-montpensierparis-room-home-1024x683.jpg 1024w, https:\/\/www.hotelmontpensierparis.com\/wp-content\/uploads\/2022\/09\/hotel-montpensierparis-room-home-300x200.jpg 300w, https:\/\/www.hotelmontpensierparis.com\/wp-content\/uploads\/2022\/09\/hotel-montpensierparis-room-home-768x512.jpg 768w, https:\/\/www.hotelmontpensierparis.com\/wp-content\/uploads\/2022\/09\/hotel-montpensierparis-room-home.jpg 1500w\" sizes=\"(max-width: 1020px) 100vw, 1020px\" \/><\/div>\n            \n<style>\n#banner-511050774 .bg.bg-loaded {\n  background-image: url(https:\/\/www.hotelmontpensierparis.com\/wp-content\/uploads\/2022\/09\/hotel-montpensierparis-room-home-1024x683.jpg);\n}\n#banner-511050774 .ux-shape-divider--top svg {\n  height: 150px;\n  --divider-top-width: 100%;\n}\n#banner-511050774 .ux-shape-divider--bottom svg {\n  height: 150px;\n  --divider-width: 100%;\n}\n<\/style>\n  <\/div>\n\n\n\n<\/div><\/div>\n<div class=\"col grid-col small-12 large-6 grid-col-1-3\" data-animate=\"fadeInRight\"><div class=\"col-inner\">\n\n\n  <div class=\"banner has-hover bg-zoom\" id=\"banner-127673280\">\n          <div class=\"banner-inner fill\">\n        <div class=\"banner-bg fill\" >\n            <div class=\"bg fill bg-fill \"><\/div>\n                                    \n                    <\/div>\n\t\t\n        <div class=\"banner-layers container\">\n            <a class=\"fill\" href=\"https:\/\/www.hotelmontpensierparis.com\/de\/lage-hotel-montpensier-paris-louvre\/\"  ><div class=\"fill banner-link\"><\/div><\/a>            \n\n   <div id=\"text-box-84736479\" class=\"text-box banner-layer x50 md-x50 lg-x50 y80 md-y80 lg-y80 res-text\">\n                                <div class=\"text-box-content text dark\">\n              \n              <div class=\"text-inner text-center\">\n                  \n\n<h3 class=\"uppercase\"><strong><a href=\"https:\/\/www.hotelmontpensierparis.com\/de\/lage-hotel-montpensier-paris-louvre\/\">LAGE<\/a><\/strong><\/h3>\n\n\n              <\/div>\n           <\/div>\n                            \n<style>\n#text-box-84736479 {\n  width: 60%;\n}\n#text-box-84736479 .text-box-content {\n  font-size: 100%;\n}\n<\/style>\n    <\/div>\n \n\n        <\/div>\n      <\/div>\n\n            \n<style>\n#banner-127673280 {\n  padding-top: 500px;\n}\n#banner-127673280 .bg.bg-loaded {\n  background-image: url(https:\/\/www.hotelmontpensierparis.com\/wp-content\/uploads\/2022\/09\/paris-rue-richelieu-1-1-1024x683.jpg);\n}\n#banner-127673280 .ux-shape-divider--top svg {\n  height: 150px;\n  --divider-top-width: 100%;\n}\n#banner-127673280 .ux-shape-divider--bottom svg {\n  height: 150px;\n  --divider-width: 100%;\n}\n<\/style>\n  <\/div>\n\n\n\n<\/div><\/div>\n<div class=\"col grid-col small-12 large-6 grid-col-2-3\" data-animate=\"fadeInRight\"><div class=\"col-inner\">\n\n\n  <div class=\"banner has-hover bg-zoom\" id=\"banner-791089488\">\n          <div class=\"banner-inner fill\">\n        <div class=\"banner-bg fill\" >\n            <div class=\"bg fill bg-fill \"><\/div>\n                                    \n                    <\/div>\n\t\t\n        <div class=\"banner-layers container\">\n            <a class=\"fill\" href=\"https:\/\/www.hotelmontpensierparis.com\/de\/fotogalerie-hotel-montpensier-paris\/\"  ><div class=\"fill banner-link\"><\/div><\/a>            \n\n   <div id=\"text-box-1314289759\" class=\"text-box banner-layer x50 md-x50 lg-x50 y80 md-y80 lg-y80 res-text\">\n                                <div class=\"text-box-content text dark\">\n              \n              <div class=\"text-inner text-center\">\n                  \n\n<h3 class=\"uppercase\"><strong><a href=\"https:\/\/www.hotelmontpensierparis.com\/de\/fotogalerie-hotel-montpensier-paris\/\">Fotogallerie<\/a><\/strong><\/h3>\n\n\n              <\/div>\n           <\/div>\n                            \n<style>\n#text-box-1314289759 {\n  width: 60%;\n}\n#text-box-1314289759 .text-box-content {\n  font-size: 100%;\n}\n<\/style>\n    <\/div>\n \n\n        <\/div>\n      <\/div>\n\n            \n<style>\n#banner-791089488 {\n  padding-top: 500px;\n}\n#banner-791089488 .bg.bg-loaded {\n  background-image: url(https:\/\/www.hotelmontpensierparis.com\/wp-content\/uploads\/2022\/09\/hotel-montpensier-salle-dejeuner-05-md-1024x683.jpg);\n}\n#banner-791089488 .ux-shape-divider--top svg {\n  height: 150px;\n  --divider-top-width: 100%;\n}\n#banner-791089488 .ux-shape-divider--bottom svg {\n  height: 150px;\n  --divider-width: 100%;\n}\n<\/style>\n  <\/div>\n\n\n\n<\/div><\/div>\n<div class=\"col grid-col small-12 large-6 grid-col-1-3\" data-animate=\"fadeInLeft\"><div class=\"col-inner\">\n\n\n  <div class=\"banner has-hover bg-zoom\" id=\"banner-849292845\">\n          <div class=\"banner-inner fill\">\n        <div class=\"banner-bg fill\" >\n            <div class=\"bg fill bg-fill \"><\/div>\n                                    \n                    <\/div>\n\t\t\n        <div class=\"banner-layers container\">\n            <a class=\"fill\" href=\"https:\/\/www.hotelmontpensierparis.com\/de\/tourismus-hotel-montpensier-paris-louvre\/\"  ><div class=\"fill banner-link\"><\/div><\/a>            \n\n   <div id=\"text-box-320853114\" class=\"text-box banner-layer x50 md-x50 lg-x50 y80 md-y80 lg-y80 res-text\">\n                                <div class=\"text-box-content text dark\">\n              \n              <div class=\"text-inner text-center\">\n                  \n\n<h3 class=\"uppercase\"><strong><a href=\"https:\/\/www.hotelmontpensierparis.com\/de\/tourismus-hotel-montpensier-paris-louvre\/\">Touristische Aktivit\u00e4ten<\/a><\/strong><\/h3>\n\n\n              <\/div>\n           <\/div>\n                            \n<style>\n#text-box-320853114 {\n  width: 60%;\n}\n#text-box-320853114 .text-box-content {\n  font-size: 100%;\n}\n<\/style>\n    <\/div>\n \n\n        <\/div>\n      <\/div>\n\n            \n<style>\n#banner-849292845 {\n  padding-top: 500px;\n}\n#banner-849292845 .bg.bg-loaded {\n  background-image: url(https:\/\/www.hotelmontpensierparis.com\/wp-content\/uploads\/2022\/09\/hotel-montpensier-detail-hall-03-md-1024x610.jpg);\n}\n#banner-849292845 .ux-shape-divider--top svg {\n  height: 150px;\n  --divider-top-width: 100%;\n}\n#banner-849292845 .ux-shape-divider--bottom svg {\n  height: 150px;\n  --divider-width: 100%;\n}\n<\/style>\n  <\/div>\n\n\n\n<\/div><\/div>\n\n            <\/div>\n    <style>\n    #banner-grid-1739079354 .grid-col-1{height: 600px}\n    #banner-grid-1739079354 .grid-col-1-2{height: 300px}\n    #banner-grid-1739079354 .grid-col-1-3{height:200px}\n    #banner-grid-1739079354 .grid-col-2-3{height: 400px}\n    #banner-grid-1739079354 .grid-col-1-4{height: 150px}\n    #banner-grid-1739079354 .grid-col-3-4{height: 450px}\n\n\n    \n    \n\n  <\/style>\n    <\/div>\n  \n\n\t\t<\/div>\n\n\t\t\n<style>\n#section_1307694096 {\n  padding-top: 0px;\n  padding-bottom: 0px;\n}\n#section_1307694096 .ux-shape-divider--top svg {\n  height: 150px;\n  --divider-top-width: 100%;\n}\n#section_1307694096 .ux-shape-divider--bottom svg {\n  height: 150px;\n  --divider-width: 100%;\n}\n<\/style>\n\t<\/section>\n\t\n\t<section class=\"section\" id=\"section_340278064\">\n\t\t<div class=\"bg section-bg fill bg-fill  bg-loaded\" >\n\n\t\t\t\n\t\t\t\n\t\t\t\n\n\t\t<\/div>\n\n\t\t\n\n\t\t<div class=\"section-content relative\">\n\t\t\t\n\n<div class=\"row row-collapse\"  id=\"row-1142097592\">\n\n\n\t<div id=\"col-1423392507\" class=\"col small-12 large-12\"  data-animate=\"bounceInUp\">\n\t\t\t\t<div class=\"col-inner\"  >\n\t\t\t\n\t\t\t\n\n<h1 style=\"text-align: center;\">HOTEL MONTPENSIER<\/h1>\n<h2 style=\"text-align: center; font-weight:lighter; font-size:18px; margin-bottom:30px;\">IN DER N\u00c4HE DES LOUVRE MUSEUM, DES K\u00d6NIGLICHEN PALASTES UND DES PLACE VENDOME<\/h2 >\n<p align=\"center\">Das Hotel Montpensier Paris \u2013 Frankreich \u2013 freut sich, Sie im Herzen von Paris willkommen zu hei\u00dfen. Ideal f\u00fcr Ihren touristischen oder gesch\u00e4ftlichen Aufenthalt (direkte Verbindung zum gr\u00f6\u00dften Gesch\u00e4ftszentrum Europas: Paris La D\u00e9fense).<\/p>\n<p align=\"center\">F\u00fcr Ihren Komfort bietet das Hotel Montpensier Paris kostenlosen WIFI-Zugang in der Empfangshalle. Die Zimmer des Hotel Montpensier Paris sind mit Highspeed-Internet ausgestattet.<\/p>\n<p align=\"center\">Wir informieren unsere freundlichen Kunden, dass das Hotel \u00fcber ein Zimmer verf\u00fcgt, das f\u00fcr Personen mit eingeschr\u00e4nkter Mobilit\u00e4t geeignet ist.<\/p>\n<p align=\"center\">Das Hotel verf\u00fcgt \u00fcber einen Gep\u00e4ckraum, in dem Sie Ihr Gep\u00e4ck jederzeit bei der Ankunft oder nach der Abreise aufbewahren k\u00f6nnen.<\/p>\n\n\n\t\t<\/div>\n\t\t\t\t\t<\/div>\n\n\t\n\n<\/div>\n\n\t\t<\/div>\n\n\t\t\n<style>\n#section_340278064 {\n  padding-top: 30px;\n  padding-bottom: 30px;\n}\n#section_340278064 .ux-shape-divider--top svg {\n  height: 150px;\n  --divider-top-width: 100%;\n}\n#section_340278064 .ux-shape-divider--bottom svg {\n  height: 150px;\n  --divider-width: 100%;\n}\n<\/style>\n\t<\/section>\n\t\n<div class=\"row row-collapse row-full-width\"  id=\"row-1234738767\">\n\n\n\t<div id=\"col-1078581483\" class=\"col small-12 large-12\"  data-animate=\"bounceInUp\">\n\t\t\t\t<div class=\"col-inner\"  >\n\t\t\t\n\t\t\t\n\n\n\n<iframe src=\"https:\/\/www.google.com\/maps\/embed?pb=!1m18!1m12!1m3!1d10807.21673846028!2d2.329748514483849!3d48.86032337241442!2m3!1f0!2f0!3f0!3m2!1i1024!2i768!4f13.1!3m3!1m2!1s0x47e66e2504429343%3A0x69c695c217a6a2ad!2s12%20Rue%20de%20Richelieu%2C%2075001%20Paris!5e0!3m2!1sfr!2sfr!4v1664201465849!5m2!1sfr!2sfr\" width=\"100%\" height=\"400\" style=\"border:0;\" allowfullscreen=\"\" loading=\"lazy\" referrerpolicy=\"no-referrer-when-downgrade\"><\/iframe>\n\n\n\t\t<\/div>\n\t\t\t\t\t<\/div>\n\n\t\n\n<\/div>\n\n","protected":false},"excerpt":{"rendered":"","protected":false},"author":1,"featured_media":0,"parent":0,"menu_order":0,"comment_status":"closed","ping_status":"closed","template":"page-blank.php","meta":{"footnotes":""},"class_list":["post-732","page","type-page","status-publish","hentry"],"yoast_head":"<!-- This site is optimized with the Yoast SEO plugin v20.10 - https:\/\/yoast.com\/wordpress\/plugins\/seo\/ -->\n<title>Hotel Montpensier Paris - Hotel Zentrum Paris. Site-Beamter<\/title>\n<meta name=\"description\" content=\"Offizielle Website des Hotels Hotel Montpensier Paris, gelegen im 1. Pariser Viertel, 5 Gehminuten vom Louvre, dem Palais Royal und der Oper entfernt\" \/>\n<meta name=\"robots\" content=\"index, follow, max-snippet:-1, max-image-preview:large, max-video-preview:-1\" \/>\n<link rel=\"canonical\" href=\"https:\/\/www.hotelmontpensierparis.com\/de\/\" \/>\n<meta property=\"og:locale\" content=\"de_DE\" \/>\n<meta property=\"og:type\" content=\"article\" \/>\n<meta property=\"og:title\" content=\"Hotel Montpensier Paris - Hotel Zentrum Paris. Site-Beamter\" \/>\n<meta property=\"og:description\" content=\"Offizielle Website des Hotels Hotel Montpensier Paris, gelegen im 1. Pariser Viertel, 5 Gehminuten vom Louvre, dem Palais Royal und der Oper entfernt\" \/>\n<meta property=\"og:url\" content=\"https:\/\/www.hotelmontpensierparis.com\/de\/\" \/>\n<meta property=\"og:site_name\" content=\"H\u00f4tel Montpensier Paris\" \/>\n<meta property=\"article:modified_time\" content=\"2022-10-04T14:38:56+00:00\" \/>\n<meta name=\"twitter:card\" content=\"summary_large_image\" \/>\n<meta name=\"twitter:label1\" content=\"Gesch\u00e4tzte Lesezeit\" \/>\n\t<meta name=\"twitter:data1\" content=\"2\u00a0Minuten\" \/>\n<script type=\"application\/ld+json\" class=\"yoast-schema-graph\">{\"@context\":\"https:\/\/schema.org\",\"@graph\":[{\"@type\":\"WebPage\",\"@id\":\"https:\/\/www.hotelmontpensierparis.com\/de\/\",\"url\":\"https:\/\/www.hotelmontpensierparis.com\/de\/\",\"name\":\"Hotel Montpensier Paris - Hotel Zentrum Paris. Site-Beamter\",\"isPartOf\":{\"@id\":\"https:\/\/www.hotelmontpensierparis.com\/en\/#website\"},\"datePublished\":\"2022-09-23T10:21:11+00:00\",\"dateModified\":\"2022-10-04T14:38:56+00:00\",\"description\":\"Offizielle Website des Hotels Hotel Montpensier Paris, gelegen im 1. Pariser Viertel, 5 Gehminuten vom Louvre, dem Palais Royal und der Oper entfernt\",\"breadcrumb\":{\"@id\":\"https:\/\/www.hotelmontpensierparis.com\/de\/#breadcrumb\"},\"inLanguage\":\"de\",\"potentialAction\":[{\"@type\":\"ReadAction\",\"target\":[\"https:\/\/www.hotelmontpensierparis.com\/de\/\"]}]},{\"@type\":\"BreadcrumbList\",\"@id\":\"https:\/\/www.hotelmontpensierparis.com\/de\/#breadcrumb\",\"itemListElement\":[{\"@type\":\"ListItem\",\"position\":1,\"name\":\"Accueil\",\"item\":\"https:\/\/www.hotelmontpensierparis.com\/de\/\"},{\"@type\":\"ListItem\",\"position\":2,\"name\":\"Accueil\"}]},{\"@type\":\"WebSite\",\"@id\":\"https:\/\/www.hotelmontpensierparis.com\/en\/#website\",\"url\":\"https:\/\/www.hotelmontpensierparis.com\/en\/\",\"name\":\"H\u00f4tel Montpensier Paris\",\"description\":\"H\u00f4tel au coeur de Paris\",\"potentialAction\":[{\"@type\":\"SearchAction\",\"target\":{\"@type\":\"EntryPoint\",\"urlTemplate\":\"https:\/\/www.hotelmontpensierparis.com\/en\/?s={search_term_string}\"},\"query-input\":\"required name=search_term_string\"}],\"inLanguage\":\"de\"}]}<\/script>\n<!-- \/ Yoast SEO plugin. -->","yoast_head_json":{"title":"Hotel Montpensier Paris - Hotel Zentrum Paris. Site-Beamter","description":"Offizielle Website des Hotels Hotel Montpensier Paris, gelegen im 1. Pariser Viertel, 5 Gehminuten vom Louvre, dem Palais Royal und der Oper entfernt","robots":{"index":"index","follow":"follow","max-snippet":"max-snippet:-1","max-image-preview":"max-image-preview:large","max-video-preview":"max-video-preview:-1"},"canonical":"https:\/\/www.hotelmontpensierparis.com\/de\/","og_locale":"de_DE","og_type":"article","og_title":"Hotel Montpensier Paris - Hotel Zentrum Paris. Site-Beamter","og_description":"Offizielle Website des Hotels Hotel Montpensier Paris, gelegen im 1. Pariser Viertel, 5 Gehminuten vom Louvre, dem Palais Royal und der Oper entfernt","og_url":"https:\/\/www.hotelmontpensierparis.com\/de\/","og_site_name":"H\u00f4tel Montpensier Paris","article_modified_time":"2022-10-04T14:38:56+00:00","twitter_card":"summary_large_image","twitter_misc":{"Gesch\u00e4tzte Lesezeit":"2\u00a0Minuten"},"schema":{"@context":"https:\/\/schema.org","@graph":[{"@type":"WebPage","@id":"https:\/\/www.hotelmontpensierparis.com\/de\/","url":"https:\/\/www.hotelmontpensierparis.com\/de\/","name":"Hotel Montpensier Paris - Hotel Zentrum Paris. Site-Beamter","isPartOf":{"@id":"https:\/\/www.hotelmontpensierparis.com\/en\/#website"},"datePublished":"2022-09-23T10:21:11+00:00","dateModified":"2022-10-04T14:38:56+00:00","description":"Offizielle Website des Hotels Hotel Montpensier Paris, gelegen im 1. Pariser Viertel, 5 Gehminuten vom Louvre, dem Palais Royal und der Oper entfernt","breadcrumb":{"@id":"https:\/\/www.hotelmontpensierparis.com\/de\/#breadcrumb"},"inLanguage":"de","potentialAction":[{"@type":"ReadAction","target":["https:\/\/www.hotelmontpensierparis.com\/de\/"]}]},{"@type":"BreadcrumbList","@id":"https:\/\/www.hotelmontpensierparis.com\/de\/#breadcrumb","itemListElement":[{"@type":"ListItem","position":1,"name":"Accueil","item":"https:\/\/www.hotelmontpensierparis.com\/de\/"},{"@type":"ListItem","position":2,"name":"Accueil"}]},{"@type":"WebSite","@id":"https:\/\/www.hotelmontpensierparis.com\/en\/#website","url":"https:\/\/www.hotelmontpensierparis.com\/en\/","name":"H\u00f4tel Montpensier Paris","description":"H\u00f4tel au coeur de Paris","potentialAction":[{"@type":"SearchAction","target":{"@type":"EntryPoint","urlTemplate":"https:\/\/www.hotelmontpensierparis.com\/en\/?s={search_term_string}"},"query-input":"required name=search_term_string"}],"inLanguage":"de"}]}},"_links":{"self":[{"href":"https:\/\/www.hotelmontpensierparis.com\/de\/wp-json\/wp\/v2\/pages\/732","targetHints":{"allow":["GET"]}}],"collection":[{"href":"https:\/\/www.hotelmontpensierparis.com\/de\/wp-json\/wp\/v2\/pages"}],"about":[{"href":"https:\/\/www.hotelmontpensierparis.com\/de\/wp-json\/wp\/v2\/types\/page"}],"author":[{"embeddable":true,"href":"https:\/\/www.hotelmontpensierparis.com\/de\/wp-json\/wp\/v2\/users\/1"}],"replies":[{"embeddable":true,"href":"https:\/\/www.hotelmontpensierparis.com\/de\/wp-json\/wp\/v2\/comments?post=732"}],"version-history":[{"count":2,"href":"https:\/\/www.hotelmontpensierparis.com\/de\/wp-json\/wp\/v2\/pages\/732\/revisions"}],"predecessor-version":[{"id":958,"href":"https:\/\/www.hotelmontpensierparis.com\/de\/wp-json\/wp\/v2\/pages\/732\/revisions\/958"}],"wp:attachment":[{"href":"https:\/\/www.hotelmontpensierparis.com\/de\/wp-json\/wp\/v2\/media?parent=732"}],"curies":[{"name":"wp","href":"https:\/\/api.w.org\/{rel}","templated":true}]}}